{"id":1271,"date":"2024-08-07T06:41:59","date_gmt":"2024-08-07T06:41:59","guid":{"rendered":"https:\/\/www.lflawfirm.com\/?page_id=1271"},"modified":"2025-02-06T05:17:38","modified_gmt":"2025-02-06T05:17:38","slug":"articulos","status":"publish","type":"page","link":"https:\/\/www.lflawfirm.com\/es\/articulos\/","title":{"rendered":"Art\u00edculos"},"content":{"rendered":"<h1><center>Art\u00edculos<\/center><\/h1>\n<div>\n<ul>\n<li><a href=\"https:\/\/www.lflawfirm.com\/es\/entendiendo-la-muerte-por-negligencia-en-california\/\">Comprender la muerte por negligencia en California<\/a><\/li>\n<li><a href=\"https:\/\/www.lflawfirm.com\/es\/errores-a-evitar-despues-de-un-accidente-con-lesiones\/\">Errores que debe evitar tras un accidente con lesiones personales<\/a><\/li>\n<li><a href=\"https:\/\/www.lflawfirm.com\/es\/consideraciones-para-residentes-indocumentados\/\">Consideraciones para los residentes indocumentados<\/a><\/li>\n<li><a href=\"https:\/\/www.lflawfirm.com\/es\/navegando-por-la-terminologia-juridica-de-monterey\/\">Explorando la terminolog\u00eda jur\u00eddica en Monterey, CA<\/a><\/li>\n<li><a href=\"https:\/\/www.lflawfirm.com\/es\/expectativa-por-demanda-por-producto-defectuoso-en-california\/\">Qu\u00e9 esperar durante una demanda por responsabilidad de productos defectuoso<\/a><\/li>\n<li><a href=\"https:\/\/www.lflawfirm.com\/es\/comprendiendo-responsabilidad-de-productos-defectuosos-en-california\/\">Comprender la responsabilidad de productos defectuosos en California<\/a><\/li>\n<li><a href=\"https:\/\/www.lflawfirm.com\/es\/demostrar-negligencias-en-accidentes-ocurridos-en-via-publica\/\">C\u00f3mo demostrar la negligencia en accidentes ocurridos en la v\u00eda p\u00fablica<\/a><\/li>\n<li><a href=\"https:\/\/www.lflawfirm.com\/es\/comprender-los-accidentes-en-la-propiedad-publica-en-california\/\">Comprender los accidentes en la propiedad p\u00fablica en California<\/a><\/li>\n<li><a href=\"https:\/\/www.lflawfirm.com\/es\/contratar-un-abogado-de-lesiones-personales-en-ca\/\">Tomando Acci\u00f3n<br \/>\n  <\/a><\/li>\n<li><a href=\"https:\/\/www.lflawfirm.com\/es\/acuerdo-de-reclamacion-por-lesiones-personales\/\">Decidiendo Tu Destino<\/a><\/li>\n<li><a href=\"https:\/\/www.lflawfirm.com\/es\/danos-otorgados-en-un-caso-de-lesiones-personales\/\">Desvelando la Compensaci\u00f3n<\/a><\/li>\n<li><a href=\"https:\/\/www.lflawfirm.com\/es\/el-papel-del-seguro-en-un-caso-de-lesiones-personales\/\">Desempaquetando el Papel del Seguro en un Caso de Lesiones Personales<\/a><\/li>\n<li><a href=\"https:\/\/www.lflawfirm.com\/es\/tratamiento-medico-en-un-caso-de-lesiones-personales\/\">Tratamiento M\u00e9dico en un Caso de Lesiones Personales<\/a><\/li>\n<li><a href=\"https:\/\/www.lflawfirm.com\/es\/evidencia-utilizada-en-una-demanda-por-lesiones-personales\/\">Claves para la Claridad<\/a><\/li>\n<li><a href=\"https:\/\/www.lflawfirm.com\/es\/sufrir-una-lesion-en-un-accidente\/\">Lo B\u00e1sico  <\/a><\/li>\n<li><a href=\"https:\/\/www.lflawfirm.com\/es\/reclamaciones-por-muerte-por-negligencia-en-california\/\">Robado Demasiado Pronto: Presentando reclamaciones por muerte injusta en California.  <\/a><\/li>\n<li><a href=\"https:\/\/www.lflawfirm.com\/es\/reclamos-por-lesiones-por-accidentes-de-motocicleta-en-california\/\">\u00bfHas tenido un accidente en motocicleta en California? Aqu\u00ed te mostramos c\u00f3mo obtener compensaci\u00f3n por lesiones personales.<\/a><\/li>\n<li><a href=\"https:\/\/www.lflawfirm.com\/es\/reclamos-por-lesiones-por-accidentes-de-camiones-en-california\/\">Choques De Carga Pesada En California: Reclamaciones por lesiones personales en accidentes de camiones.<\/a><\/li>\n<li><a href=\"https:\/\/www.lflawfirm.com\/es\/reclamos-por-lesiones-por-accidentes-de-trafico-en-california\/\">Colisiones Complicadas: Entendiendo los diferentes casos de lesiones personales por accidentes automovil\u00edsticos en California.  <\/a><\/li>\n<li><a href=\"https:\/\/www.lflawfirm.com\/es\/reclamos-por-lesiones-personales-catastroficas-en-california\/\">Reclamando compensaci\u00f3n por lesiones personales despu\u00e9s de un accidente catastr\u00f3fico en California.<\/a><\/li>\n<li><a href=\"https:\/\/www.lflawfirm.com\/es\/iniciar-un-reclamo-por-lesiones-personales-en-california\/\">\u00bfEst\u00e1 gravemente herido? Obt\u00e9n compensaci\u00f3n con una reclamaci\u00f3n por lesiones personales en California.  <\/a><\/li>\n<\/ul>\n<\/div>\n<p><!--more--><br \/>\n<!-- {\"type\":\"layout\",\"children\":[{\"type\":\"section\",\"props\":{\"image_position\":\"center-center\",\"style\":\"default\",\"title_breakpoint\":\"xl\",\"title_position\":\"top-left\",\"title_rotation\":\"left\",\"vertical_align\":\"middle\",\"width\":\"default\"},\"children\":[{\"type\":\"row\",\"children\":[{\"type\":\"column\",\"props\":{\"image_position\":\"center-center\",\"position_sticky_breakpoint\":\"m\"},\"children\":[{\"type\":\"headline\",\"props\":{\"content\":\"<center>Art\\u00edculos<\\\/center>\",\"title_element\":\"h1\"}},{\"type\":\"text\",\"props\":{\"column_breakpoint\":\"m\",\"content\":\"\n\n<ul>\\n    \n\n<li><a href=\\\"https:\\\/\\\/www.lflawfirm.com\\\/es\\\/entendiendo-la-muerte-por-negligencia-en-california\\\/\\\">Comprender la muerte por negligencia en California<\\\/a><\\\/li>\\n\\n    \n\n<li><a href=\\\"https:\\\/\\\/www.lflawfirm.com\\\/es\\\/errores-a-evitar-despues-de-un-accidente-con-lesiones\\\/\\\">Errores que debe evitar tras un accidente con lesiones personales<\\\/a><\\\/li>\\n\\n    \n\n<li><a href=\\\"https:\\\/\\\/www.lflawfirm.com\\\/es\\\/consideraciones-para-residentes-indocumentados\\\/\\\">Consideraciones para los residentes indocumentados<\\\/a><\\\/li>\\n\\n    \n\n<li><a href=\\\"https:\\\/\\\/www.lflawfirm.com\\\/es\\\/navegando-por-la-terminologia-juridica-de-monterey\\\/\\\">Explorando la terminolog\\u00eda jur\\u00eddica en Monterey, CA<\\\/a><\\\/li>\\n\\n    \n\n<li><a href=\\\"https:\\\/\\\/www.lflawfirm.com\\\/es\\\/expectativa-por-demanda-por-producto-defectuoso-en-california\\\/\\\">Qu\\u00e9 esperar durante una demanda por responsabilidad de productos defectuoso<\\\/a><\\\/li>\\n\\n    \n\n<li><a href=\\\"https:\\\/\\\/www.lflawfirm.com\\\/es\\\/comprendiendo-responsabilidad-de-productos-defectuosos-en-california\\\/\\\">Comprender la responsabilidad de productos defectuosos en California<\\\/a><\\\/li>\\n\\n    \n\n<li><a href=\\\"https:\\\/\\\/www.lflawfirm.com\\\/es\\\/demostrar-negligencias-en-accidentes-ocurridos-en-via-publica\\\/\\\">C\\u00f3mo demostrar la negligencia en accidentes ocurridos en la v\\u00eda p\\u00fablica<\\\/a><\\\/li>\\n\\n    \n\n<li><a href=\\\"https:\\\/\\\/www.lflawfirm.com\\\/es\\\/comprender-los-accidentes-en-la-propiedad-publica-en-california\\\/\\\">Comprender los accidentes en la propiedad p\\u00fablica en California<\\\/a><\\\/li>\\n\\n  \n\n<li><a href=\\\"https:\\\/\\\/www.lflawfirm.com\\\/es\\\/contratar-un-abogado-de-lesiones-personales-en-ca\\\/\\\">Tomando Acci\\u00f3n\\n  <\\\/a><\\\/li>\\n  \n\n<li><a href=\\\"https:\\\/\\\/www.lflawfirm.com\\\/es\\\/acuerdo-de-reclamacion-por-lesiones-personales\\\/\\\">Decidiendo Tu Destino<\\\/a><\\\/li>\\n  \n\n<li><a href=\\\"https:\\\/\\\/www.lflawfirm.com\\\/es\\\/danos-otorgados-en-un-caso-de-lesiones-personales\\\/\\\">Desvelando la Compensaci\\u00f3n<\\\/a><\\\/li>\\n  \n\n<li><a href=\\\"https:\\\/\\\/www.lflawfirm.com\\\/es\\\/el-papel-del-seguro-en-un-caso-de-lesiones-personales\\\/\\\">Desempaquetando el Papel del Seguro en un Caso de Lesiones Personales<\\\/a><\\\/li>\\n  \n\n<li><a href=\\\"https:\\\/\\\/www.lflawfirm.com\\\/es\\\/tratamiento-medico-en-un-caso-de-lesiones-personales\\\/\\\">Tratamiento M\\u00e9dico en un Caso de Lesiones Personales<\\\/a><\\\/li>\\n  \n\n<li><a href=\\\"https:\\\/\\\/www.lflawfirm.com\\\/es\\\/evidencia-utilizada-en-una-demanda-por-lesiones-personales\\\/\\\">Claves para la Claridad<\\\/a><\\\/li>\\n  \n\n<li><a href=\\\"https:\\\/\\\/www.lflawfirm.com\\\/es\\\/sufrir-una-lesion-en-un-accidente\\\/\\\">Lo B\\u00e1sico  <\\\/a><\\\/li>\\n\\n  \n\n<li><a href=\\\"https:\\\/\\\/www.lflawfirm.com\\\/es\\\/reclamaciones-por-muerte-por-negligencia-en-california\\\/\\\">Robado Demasiado Pronto: Presentando reclamaciones por muerte injusta en California.  <\\\/a><\\\/li>\\n  \n\n<li><a href=\\\"https:\\\/\\\/www.lflawfirm.com\\\/es\\\/reclamos-por-lesiones-por-accidentes-de-motocicleta-en-california\\\/\\\">\\u00bfHas tenido un accidente en motocicleta en California? Aqu\\u00ed te mostramos c\\u00f3mo obtener compensaci\\u00f3n por lesiones personales.<\\\/a><\\\/li>\\n  \n\n<li><a href=\\\"https:\\\/\\\/www.lflawfirm.com\\\/es\\\/reclamos-por-lesiones-por-accidentes-de-camiones-en-california\\\/\\\">Choques De Carga Pesada En California: Reclamaciones por lesiones personales en accidentes de camiones.<\\\/a><\\\/li>\\n  \n\n<li><a href=\\\"https:\\\/\\\/www.lflawfirm.com\\\/es\\\/reclamos-por-lesiones-por-accidentes-de-trafico-en-california\\\/\\\">Colisiones Complicadas: Entendiendo los diferentes casos de lesiones personales por accidentes automovil\\u00edsticos en California.  <\\\/a><\\\/li>\\n  \n\n<li><a href=\\\"https:\\\/\\\/www.lflawfirm.com\\\/es\\\/reclamos-por-lesiones-personales-catastroficas-en-california\\\/\\\">Reclamando compensaci\\u00f3n por lesiones personales despu\\u00e9s de un accidente catastr\\u00f3fico en California.<\\\/a><\\\/li>\\n  \n\n<li><a href=\\\"https:\\\/\\\/www.lflawfirm.com\\\/es\\\/iniciar-un-reclamo-por-lesiones-personales-en-california\\\/\\\">\\u00bfEst\\u00e1 gravemente herido? Obt\\u00e9n compensaci\\u00f3n con una reclamaci\\u00f3n por lesiones personales en California.  <\\\/a><\\\/li>\\n  <\\\/ul>\",\"margin\":\"default\"}}]}]}],\"name\":\"new page layout\"}],\"version\":\"4.3.2\"} --><\/p>\n","protected":false},"excerpt":{"rendered":"<p>Art\u00edculos Comprender la muerte por negligencia en California Errores que debe evitar tras un accidente con lesiones personales Consideraciones para los residentes indocumentados Explorando la terminolog\u00eda jur\u00eddica en Monterey, CA Qu\u00e9 esperar durante una demanda por responsabilidad de productos defectuoso Comprender la responsabilidad de productos defectuosos en California C\u00f3mo demostrar la negligencia en accidentes ocurridos [&hellip;]<\/p>\n","protected":false},"author":2,"featured_media":0,"parent":0,"menu_order":0,"comment_status":"closed","ping_status":"closed","template":"","meta":{"_acf_changed":false,"_monsterinsights_skip_tracking":false,"_monsterinsights_sitenote_active":false,"_monsterinsights_sitenote_note":"","_monsterinsights_sitenote_category":0,"footnotes":""},"class_list":["post-1271","page","type-page","status-publish","hentry"],"acf":[],"_links":{"self":[{"href":"https:\/\/www.lflawfirm.com\/es\/wp-json\/wp\/v2\/pages\/1271","targetHints":{"allow":["GET"]}}],"collection":[{"href":"https:\/\/www.lflawfirm.com\/es\/wp-json\/wp\/v2\/pages"}],"about":[{"href":"https:\/\/www.lflawfirm.com\/es\/wp-json\/wp\/v2\/types\/page"}],"author":[{"embeddable":true,"href":"https:\/\/www.lflawfirm.com\/es\/wp-json\/wp\/v2\/users\/2"}],"replies":[{"embeddable":true,"href":"https:\/\/www.lflawfirm.com\/es\/wp-json\/wp\/v2\/comments?post=1271"}],"version-history":[{"count":4,"href":"https:\/\/www.lflawfirm.com\/es\/wp-json\/wp\/v2\/pages\/1271\/revisions"}],"predecessor-version":[{"id":1539,"href":"https:\/\/www.lflawfirm.com\/es\/wp-json\/wp\/v2\/pages\/1271\/revisions\/1539"}],"wp:attachment":[{"href":"https:\/\/www.lflawfirm.com\/es\/wp-json\/wp\/v2\/media?parent=1271"}],"curies":[{"name":"wp","href":"https:\/\/api.w.org\/{rel}","templated":true}]}}