{"id":1133,"date":"2024-08-05T07:46:23","date_gmt":"2024-08-05T07:46:23","guid":{"rendered":"https:\/\/www.lflawfirm.com\/?page_id=1133"},"modified":"2024-08-07T06:21:05","modified_gmt":"2024-08-07T06:21:05","slug":"contratar-un-abogado-de-lesiones-personales-en-ca","status":"publish","type":"page","link":"https:\/\/www.lflawfirm.com\/es\/contratar-un-abogado-de-lesiones-personales-en-ca\/","title":{"rendered":"Tomando Acci\u00f3n"},"content":{"rendered":"<h1><center>Tomando Acci\u00f3n<\/center><\/h1>\n<div>\n<h2><img loading=\"lazy\" decoding=\"async\" class=\"alignright size-full wp-image-1071\" src=\"https:\/\/www.lflawfirm.com\/wp-content\/uploads\/2024\/07\/Hiring-A-Personal-Injury-Attorney_1110337637.jpg\" alt=\"Tomando Acci\u00f3n\" width=\"300\" height=\"300\" srcset=\"https:\/\/www.lflawfirm.com\/wp-content\/uploads\/2024\/07\/Hiring-A-Personal-Injury-Attorney_1110337637.jpg 300w, https:\/\/www.lflawfirm.com\/wp-content\/uploads\/2024\/07\/Hiring-A-Personal-Injury-Attorney_1110337637-150x150.jpg 150w\" sizes=\"auto, (max-width: 300px) 100vw, 300px\" \/>Manejar Tu Caso de Lesiones Personales Por Tu Cuenta<\/h2>\n<p>Como hemos indicado antes, valoramos la honestidad. Esto es cierto incluso cuando se discute si contratar a un abogado, nuestro bufete en eso, es el tema de discusi\u00f3n. Ciertamente hay instancias en las que probablemente puedas salir adelante manejando tu caso por tu cuenta, pero muchas en las que no puedes. Cuando la responsabilidad es clara, puede ser factible manejarlo por tu cuenta, pero ten en cuenta que esto puede no ser la \u00fanica complicaci\u00f3n en tu caso.<\/p>\n<p>Digamos que eres v\u00edctima de un accidente automovil\u00edstico y es claro que la otra persona tiene la culpa. Si tienes lesiones menores y sientes que eres lo suficientemente conocedor y capaz de lidiar con la compa\u00f1\u00eda de seguros, tal vez puedas manejar tu caso por tu cuenta. Aun as\u00ed, tiene sentido consultar con un abogado en estas situaciones. Si son honestos, como nosotros, te dir\u00e1n si debes contratarlos a la luz de tu posible recuperaci\u00f3n, la cantidad de trabajo requerido y los honorarios de los abogados. A veces, los clientes potenciales ya tienen ofertas de acuerdo pendientes cuando llaman a los abogados, y un abogado honesto debe discutir si contratarlos podr\u00eda llevar a m\u00e1s dinero en tu bolsillo incluso despu\u00e9s de tener en cuenta los honorarios de los abogados. Te dir\u00edamos que no nos contrates si no creemos que podr\u00edamos aumentar la oferta de acuerdo (o obtener un veredicto) al menos tan alto como tu oferta actual m\u00e1s nuestros honorarios.<\/p>\n<p>Para aquellos con barreras educativas o ling\u00fc\u00edsticas, puedes encontrarte r\u00e1pidamente en una posici\u00f3n en la que no puedas interactuar con una compa\u00f1\u00eda de seguros de una manera que termine en \u00e9xito. Las compa\u00f1\u00edas de seguros saben esto y tratan de aprovecharse de ti. La aseguradora podr\u00eda hacer que el proceso de reclamos sea intencionalmente confuso. O, la aseguradora podr\u00eda intentar que aceptes un acuerdo peque\u00f1o pero r\u00e1pido, con la esperanza de resolver el caso antes de que hables con un abogado para aprender cu\u00e1nto vale realmente tu reclamo. En estas situaciones, tiene sentido contactar a un abogado, incluso si tu reclamo es peque\u00f1o. Una compa\u00f1\u00eda de seguros intentar\u00e1 aprovecharse de ti independientemente de cu\u00e1n grande o peque\u00f1o sea tu reclamo cuando inicies un reclamo por lesiones personales en California, por lo que ayuda contar con un abogado experimentado que te ayude.<\/p>\n<h3>La Diferencia del Bufete de Abogados Lamb &amp; Frischer, LLP<\/h3>\n<p>A diferencia de otros bufetes de abogados, siempre estamos listos y dispuestos a ir a juicio. Si aceptamos un caso, lo hacemos con la posibilidad de ir a juicio en el fondo de nuestras mentes. Mostrar a las compa\u00f1\u00edas de seguros que estamos serios sobre esto es parte de nuestra \u00e9tica, y tenemos un historial que lo respalda.<\/p>\n<p>Las compa\u00f1\u00edas de seguros conocen a los abogados, a menudo mantienen registros de ellos que informan c\u00f3mo abordan los casos en los que est\u00e1n involucrados. Quieres asegurarte de contratar a un abogado que no sea conocido por simplemente intentar aceptar cualquier acuerdo ofrecido, sino uno que sea conocido por llevar casos a juicio. Nos enorgullece no solo tener esto como parte de lo que somos, sino tambi\u00e9n tener una racha exitosa de hacerlo.<\/p>\n<p>Creemos que el mejor enfoque es ser honesto con nuestros clientes, ya sea discutiendo contratarnos, el valor de tu caso o la posibilidad de ir a juicio. Algunos abogados te dir\u00e1n que tu caso vale mucho m\u00e1s de lo que realmente es para que los contrates. S\u00e9 muy suspicaz de cualquier abogado que te diga que tu caso vale una cierta cantidad de dinero. No hay manera de saber esto al inicio de un caso. Los abogados que hacen esto solo intentan conseguir tu negocio.<\/p>\n<p>Es nuestro enfoque decirte incluso cuando las cosas no van en tu direcci\u00f3n. Vemos esto como la \u00fanica manera de manejar estas situaciones, ya que esperar hasta el \u00faltimo minuto puede dificultar enormemente tu capacidad de tomar una decisi\u00f3n informada que afecte tu resultado. Dar una orientaci\u00f3n s\u00f3lida, oportuna y honesta a lo largo del caso es parte de nuestro enfoque.<\/p>\n<p>Valoramos la accesibilidad para nuestros clientes. Muchos bufetes tienen muchas capas que debes atravesar antes de poder hablar con un abogado. Es nuestra opini\u00f3n que, dado que est\u00e1s pagando una buena cantidad de dinero al contratar a un abogado, deber\u00edas poder hablar con ellos. Cualquier cliente puede hablar con nuestros abogados, por cualquier raz\u00f3n.<\/p>\n<p>Si est\u00e1s buscando contratar un bufete de abogados y encuentras uno que anuncia tener gerentes de casos, ten cuidado. Un abogado, no un gerente de casos, debe ser asignado a tu caso. Del mismo modo, si ves un bufete con mucho personal de apoyo y muy pocos abogados, debes ser sospechoso. Esto probablemente significa que no hablar\u00e1s mucho con un abogado y puede que ni siquiera tengas un abogado trabajando en tu caso. Nuestro bufete no tiene gerentes de casos, y los abogados toman las decisiones en cada caso.<\/p>\n<p>Para obtener m\u00e1s informaci\u00f3n sobre <strong>iniciar un reclamo por lesiones personales en California<\/strong>, una consulta inicial es tu mejor siguiente paso. Obt\u00e9n la informaci\u00f3n y las respuestas legales que est\u00e1s buscando llamando al <a href=\"tel:(415) 997-9529\"><strong>(415) 997-9529<\/strong><\/a> hoy.<\/p>\n<p><!--FAQPage Code Generated by https:\/\/saijogeorge.com\/json-ld-schema-generator\/faq\/--><\/div>\n<p><!--more--><br \/>\n<!-- {\"type\":\"layout\",\"children\":[{\"type\":\"section\",\"props\":{\"image_position\":\"center-center\",\"style\":\"default\",\"title_breakpoint\":\"xl\",\"title_position\":\"top-left\",\"title_rotation\":\"left\",\"vertical_align\":\"middle\",\"width\":\"default\"},\"children\":[{\"type\":\"row\",\"children\":[{\"type\":\"column\",\"props\":{\"image_position\":\"center-center\",\"position_sticky_breakpoint\":\"m\"},\"children\":[{\"type\":\"headline\",\"props\":{\"content\":\"<center>Tomando Acci\\u00f3n<\\\/center>\",\"title_element\":\"h1\"}},{\"type\":\"text\",\"props\":{\"column_breakpoint\":\"m\",\"content\":\"\n\n<h2><img class=\\\"alignright size-full wp-image-1071\\\" src=\\\"https:\\\/\\\/www.lflawfirm.com\\\/wp-content\\\/uploads\\\/2024\\\/07\\\/Hiring-A-Personal-Injury-Attorney_1110337637.jpg\\\" alt=\\\"Tomando Acci\\u00f3n\\\" width=\\\"300\\\" height=\\\"300\\\" \\\/>Manejar Tu Caso de Lesiones Personales Por Tu Cuenta<\\\/h2>\\n\n\n<p>Como hemos indicado antes, valoramos la honestidad. Esto es cierto incluso cuando se discute si contratar a un abogado, nuestro bufete en eso, es el tema de discusi\\u00f3n. Ciertamente hay instancias en las que probablemente puedas salir adelante manejando tu caso por tu cuenta, pero muchas en las que no puedes. Cuando la responsabilidad es clara, puede ser factible manejarlo por tu cuenta, pero ten en cuenta que esto puede no ser la \\u00fanica complicaci\\u00f3n en tu caso.<\\\/p>\\n\n\n<p>Digamos que eres v\\u00edctima de un accidente automovil\\u00edstico y es claro que la otra persona tiene la culpa. Si tienes lesiones menores y sientes que eres lo suficientemente conocedor y capaz de lidiar con la compa\\u00f1\\u00eda de seguros, tal vez puedas manejar tu caso por tu cuenta. Aun as\\u00ed, tiene sentido consultar con un abogado en estas situaciones. Si son honestos, como nosotros, te dir\\u00e1n si debes contratarlos a la luz de tu posible recuperaci\\u00f3n, la cantidad de trabajo requerido y los honorarios de los abogados. A veces, los clientes potenciales ya tienen ofertas de acuerdo pendientes cuando llaman a los abogados, y un abogado honesto debe discutir si contratarlos podr\\u00eda llevar a m\\u00e1s dinero en tu bolsillo incluso despu\\u00e9s de tener en cuenta los honorarios de los abogados. Te dir\\u00edamos que no nos contrates si no creemos que podr\\u00edamos aumentar la oferta de acuerdo (o obtener un veredicto) al menos tan alto como tu oferta actual m\\u00e1s nuestros honorarios.<\\\/p>\\n\n\n<p>Para aquellos con barreras educativas o ling\\u00fc\\u00edsticas, puedes encontrarte r\\u00e1pidamente en una posici\\u00f3n en la que no puedas interactuar con una compa\\u00f1\\u00eda de seguros de una manera que termine en \\u00e9xito. Las compa\\u00f1\\u00edas de seguros saben esto y tratan de aprovecharse de ti. La aseguradora podr\\u00eda hacer que el proceso de reclamos sea intencionalmente confuso. O, la aseguradora podr\\u00eda intentar que aceptes un acuerdo peque\\u00f1o pero r\\u00e1pido, con la esperanza de resolver el caso antes de que hables con un abogado para aprender cu\\u00e1nto vale realmente tu reclamo. En estas situaciones, tiene sentido contactar a un abogado, incluso si tu reclamo es peque\\u00f1o. Una compa\\u00f1\\u00eda de seguros intentar\\u00e1 aprovecharse de ti independientemente de cu\\u00e1n grande o peque\\u00f1o sea tu reclamo cuando inicies un reclamo por lesiones personales en California, por lo que ayuda contar con un abogado experimentado que te ayude.<\\\/p>\\n\n\n<h3>La Diferencia del Bufete de Abogados Lamb &amp; Frischer, LLP<\\\/h3>\\n\n\n<p>A diferencia de otros bufetes de abogados, siempre estamos listos y dispuestos a ir a juicio. Si aceptamos un caso, lo hacemos con la posibilidad de ir a juicio en el fondo de nuestras mentes. Mostrar a las compa\\u00f1\\u00edas de seguros que estamos serios sobre esto es parte de nuestra \\u00e9tica, y tenemos un historial que lo respalda.<\\\/p>\\n\n\n<p>Las compa\\u00f1\\u00edas de seguros conocen a los abogados, a menudo mantienen registros de ellos que informan c\\u00f3mo abordan los casos en los que est\\u00e1n involucrados. Quieres asegurarte de contratar a un abogado que no sea conocido por simplemente intentar aceptar cualquier acuerdo ofrecido, sino uno que sea conocido por llevar casos a juicio. Nos enorgullece no solo tener esto como parte de lo que somos, sino tambi\\u00e9n tener una racha exitosa de hacerlo.<\\\/p>\\n\n\n<p>Creemos que el mejor enfoque es ser honesto con nuestros clientes, ya sea discutiendo contratarnos, el valor de tu caso o la posibilidad de ir a juicio. Algunos abogados te dir\\u00e1n que tu caso vale mucho m\\u00e1s de lo que realmente es para que los contrates. S\\u00e9 muy suspicaz de cualquier abogado que te diga que tu caso vale una cierta cantidad de dinero. No hay manera de saber esto al inicio de un caso. Los abogados que hacen esto solo intentan conseguir tu negocio.<\\\/p>\\n\n\n<p>Es nuestro enfoque decirte incluso cuando las cosas no van en tu direcci\\u00f3n. Vemos esto como la \\u00fanica manera de manejar estas situaciones, ya que esperar hasta el \\u00faltimo minuto puede dificultar enormemente tu capacidad de tomar una decisi\\u00f3n informada que afecte tu resultado. Dar una orientaci\\u00f3n s\\u00f3lida, oportuna y honesta a lo largo del caso es parte de nuestro enfoque.<\\\/p>\\n\n\n<p>Valoramos la accesibilidad para nuestros clientes. Muchos bufetes tienen muchas capas que debes atravesar antes de poder hablar con un abogado. Es nuestra opini\\u00f3n que, dado que est\\u00e1s pagando una buena cantidad de dinero al contratar a un abogado, deber\\u00edas poder hablar con ellos. Cualquier cliente puede hablar con nuestros abogados, por cualquier raz\\u00f3n.<\\\/p>\\n\n\n<p>Si est\\u00e1s buscando contratar un bufete de abogados y encuentras uno que anuncia tener gerentes de casos, ten cuidado. Un abogado, no un gerente de casos, debe ser asignado a tu caso. Del mismo modo, si ves un bufete con mucho personal de apoyo y muy pocos abogados, debes ser sospechoso. Esto probablemente significa que no hablar\\u00e1s mucho con un abogado y puede que ni siquiera tengas un abogado trabajando en tu caso. Nuestro bufete no tiene gerentes de casos, y los abogados toman las decisiones en cada caso.<\\\/p>\\n\n\n<p>Para obtener m\\u00e1s informaci\\u00f3n sobre <strong>iniciar un reclamo por lesiones personales en California<\\\/strong>, una consulta inicial es tu mejor siguiente paso. Obt\\u00e9n la informaci\\u00f3n y las respuestas legales que est\\u00e1s buscando llamando al <a href=\\\"tel:(415) 997-9529\\\"><strong>(415) 997-9529<\\\/strong><\\\/a> hoy.<\\\/p>\\n<!--FAQPage Code Generated by https:\\\/\\\/saijogeorge.com\\\/json-ld-schema-generator\\\/faq\\\/-->\u00ab,\u00bbmargin\u00bb:\u00bbdefault\u00bb}}]}]}],\u00bbname\u00bb:\u00bbnew page layout\u00bb}],\u00bbversion\u00bb:\u00bb4.3.2&#8243;} &#8211;><\/p>\n","protected":false},"excerpt":{"rendered":"<p>Tomando Acci\u00f3n Manejar Tu Caso de Lesiones Personales Por Tu Cuenta Como hemos indicado antes, valoramos la honestidad. Esto es cierto incluso cuando se discute si contratar a un abogado, nuestro bufete en eso, es el tema de discusi\u00f3n. Ciertamente hay instancias en las que probablemente puedas salir adelante manejando tu caso por tu cuenta, [&hellip;]<\/p>\n","protected":false},"author":2,"featured_media":0,"parent":0,"menu_order":0,"comment_status":"closed","ping_status":"closed","template":"","meta":{"_acf_changed":false,"_monsterinsights_skip_tracking":false,"_monsterinsights_sitenote_active":false,"_monsterinsights_sitenote_note":"","_monsterinsights_sitenote_category":0,"footnotes":""},"class_list":["post-1133","page","type-page","status-publish","hentry"],"acf":[],"_links":{"self":[{"href":"https:\/\/www.lflawfirm.com\/es\/wp-json\/wp\/v2\/pages\/1133","targetHints":{"allow":["GET"]}}],"collection":[{"href":"https:\/\/www.lflawfirm.com\/es\/wp-json\/wp\/v2\/pages"}],"about":[{"href":"https:\/\/www.lflawfirm.com\/es\/wp-json\/wp\/v2\/types\/page"}],"author":[{"embeddable":true,"href":"https:\/\/www.lflawfirm.com\/es\/wp-json\/wp\/v2\/users\/2"}],"replies":[{"embeddable":true,"href":"https:\/\/www.lflawfirm.com\/es\/wp-json\/wp\/v2\/comments?post=1133"}],"version-history":[{"count":3,"href":"https:\/\/www.lflawfirm.com\/es\/wp-json\/wp\/v2\/pages\/1133\/revisions"}],"predecessor-version":[{"id":1268,"href":"https:\/\/www.lflawfirm.com\/es\/wp-json\/wp\/v2\/pages\/1133\/revisions\/1268"}],"wp:attachment":[{"href":"https:\/\/www.lflawfirm.com\/es\/wp-json\/wp\/v2\/media?parent=1133"}],"curies":[{"name":"wp","href":"https:\/\/api.w.org\/{rel}","templated":true}]}}