{"id":1130,"date":"2024-08-05T07:40:53","date_gmt":"2024-08-05T07:40:53","guid":{"rendered":"https:\/\/www.lflawfirm.com\/?page_id=1130"},"modified":"2024-08-07T05:50:08","modified_gmt":"2024-08-07T05:50:08","slug":"acuerdo-de-reclamacion-por-lesiones-personales","status":"publish","type":"page","link":"https:\/\/www.lflawfirm.com\/es\/acuerdo-de-reclamacion-por-lesiones-personales\/","title":{"rendered":"Decidiendo Tu Destino"},"content":{"rendered":"<h1><center>Decidiendo Tu Destino<\/center><\/h1>\n<div>\n<h2><img loading=\"lazy\" decoding=\"async\" class=\"alignright size-full wp-image-1069\" src=\"https:\/\/www.lflawfirm.com\/wp-content\/uploads\/2024\/06\/Deciding-Your-Fate-567887818.jpg\" alt=\"Decidiendo Tu Destino\" width=\"300\" height=\"300\" srcset=\"https:\/\/www.lflawfirm.com\/wp-content\/uploads\/2024\/06\/Deciding-Your-Fate-567887818.jpg 300w, https:\/\/www.lflawfirm.com\/wp-content\/uploads\/2024\/06\/Deciding-Your-Fate-567887818-150x150.jpg 150w\" sizes=\"auto, (max-width: 300px) 100vw, 300px\" \/>Para Resolver o Ir a Juicio<\/h2>\n<p>Quiz\u00e1s no lo sepas, pero solo puedes resolver un caso una vez. Esto significa que a medida que te acercas a la resoluci\u00f3n de un reclamo por lesiones personales, querr\u00e1s tener una buena idea de su trayectoria, as\u00ed como la de tus necesidades m\u00e9dicas. Tambi\u00e9n querr\u00e1s tener una idea de si necesitar\u00e1s tomar m\u00e1s tiempo libre del trabajo en el futuro. No tener una idea de estas cosas cuando resuelves significa que puede que no seas compensado adecuadamente por el largo y dif\u00edcil camino que tienes por delante.<\/p>\n<p>El trabajo de un abogado es prepararse para los peores escenarios. Esto a menudo implica esperar hasta que hayas avanzado lo suficiente en el tratamiento m\u00e9dico para tener una comprensi\u00f3n clara de las implicaciones futuras de tus lesiones. Sin embargo, resolver en esta etapa depende de que la compa\u00f1\u00eda de seguros ofrezca una suma que te compense completamente. Si su oferta es inferior a lo que mereces, no es el momento adecuado para resolver: simplemente no debes aceptar menos de lo que tienes derecho.<\/p>\n<p>Recomendamos ir a juicio cuando este es el caso. Algo as\u00ed como el 95% de los reclamos por lesiones personales llegan a un acuerdo sin ir a juicio. Muchos abogados son muy experimentados en evaluar casos, al igual que la mayor\u00eda de los ajustadores y abogados de la defensa. T\u00edpicamente decimos que si terminas en un juicio, alguien estrope\u00f3 su an\u00e1lisis del caso. Dicho esto, cuando existen problemas que impiden el acuerdo, a menudo es el ajustador de seguros subvalorando un caso o el abogado de la defensa no siendo realista. Si este es el caso, aconsejamos a nuestros clientes ir a juicio porque es la \u00fanica manera de forzar a la compa\u00f1\u00eda de seguros a pagarte lo que realmente tienes derecho.<\/p>\n<p>Sin embargo, al mismo tiempo, hay una cantidad considerable de riesgo asociado con ir a juicio. Hay incertidumbre sobre si un jurado determinar\u00e1 con precisi\u00f3n la culpa y otorgar\u00e1 los da\u00f1os que nuestro cliente merece. Los jurados t\u00edpicamente rinden decisiones justas, pero hay muchas instancias donde los resultados no se alinean con c\u00f3mo anticipamos que se desarrollen las cosas. As\u00ed que siempre existe el riesgo de que puedas hacerlo peor que la \u00faltima oferta de acuerdo que recibiste.<\/p>\n<p>Hay un riesgo significativo de que el resultado de un juicio pueda ser menos favorable que la \u00faltima oferta de acuerdo recibida. Aprovechamos nuestra experiencia y pericia para asesorar a los clientes sobre los riesgos asociados con proceder a juicio. Adem\u00e1s, incluso si un jurado toma una decisi\u00f3n que se encuentra en error, el proceso de apelaci\u00f3n puede ser largo y costoso. Incluso si ganas una apelaci\u00f3n, el resultado puede ser un nuevo juicio despu\u00e9s de un a\u00f1o o m\u00e1s de demora.<\/p>\n<p>Considerando todas estas cosas, junto con los gastos involucrados en la preparaci\u00f3n para el juicio, necesitas evaluar si los posibles beneficios de ir a juicio superan los riesgos a los que te expones. Si pudieras obtener la misma cantidad a trav\u00e9s del acuerdo que despu\u00e9s de los costos, honorarios y riesgos incrementados del juicio, aceptar la oferta previa al juicio es a menudo la opci\u00f3n sabia, ya que te pone m\u00e1s dinero en el bolsillo sin las incertidumbres y gastos del juicio.<\/p>\n<p>Hay un trabajo serio de nuestra parte para preparar un caso cercano al juicio. No solo tenemos que prepararnos para un juicio para obtener el mejor resultado, sino que tambi\u00e9n muestra a la compa\u00f1\u00eda de seguros cu\u00e1n serios somos. Este enfoque nos distingue de los bufetes que algunos podr\u00edan referirse como f\u00e1bricas de acuerdos, o bufetes enfocados \u00fanicamente en resolver casos r\u00e1pidamente. Probablemente est\u00e9n dejando dinero sobre la mesa. Creemos en presionar el caso tan cerca del juicio como sea necesario, o hasta el juicio, para asegurar el mejor resultado posible para nuestros clientes.<\/p>\n<p>Estar dispuestos a ir a juicio se\u00f1ala a la compa\u00f1\u00eda de seguros que estamos serios acerca de buscar la compensaci\u00f3n total que nuestros clientes merecen. Si no transmitimos esta seriedad, la compa\u00f1\u00eda de seguros puede percibirnos como menos propensos a proceder a juicio y puede ofrecer montos de acuerdo m\u00e1s bajos en consecuencia.<\/p>\n<p>Nuestro bufete est\u00e1 dedicado a estar completamente preparado para el juicio y llevar a cabo juicios cuando sea necesario. Adoptar este enfoque es nuestra manera de realizar nuestro objetivo de negociar desde una posici\u00f3n de fuerza y lograr los resultados m\u00e1s favorables para nuestros clientes, incluso si el juicio finalmente no es necesario.<\/p>\n<h3>Perjudicando Tu Caso<\/h3>\n<p>Lo que publicas en las redes sociales puede impactar significativamente tu caso de lesiones personales. Incluso si tu perfil es privado, e incluso si tus publicaciones son consistentes con lo que tus lesiones son, las cosas que publicas en \u00e9l pueden terminar en manos de las compa\u00f1\u00edas de seguros y los abogados de la defensa. Por ejemplo, publicar fotos mientras est\u00e1s de vacaciones, incluso si solo muestran que haces cosas que afirmas ser capaz de hacer, puede ser usado en tu contra en el tribunal. Un buen ejemplo de esto es una foto simplemente descansando junto a una piscina o algo por el estilo. La defensa probablemente se\u00f1alar\u00e1 esto para argumentar que tu lesi\u00f3n no est\u00e1 afectando tu vida tanto como has afirmado, incluso si en realidad est\u00e1s descansando junto a una piscina para aliviar el dolor de espalda.<\/p>\n<p>Adem\u00e1s de esto, si est\u00e1s en una demanda, la defensa tiene derecho a citar registros o solicitar registros de ti. Esto significa que, incluso si est\u00e1s enviando mensajes directos o im\u00e1genes a otros de manera privada, la defensa tiene derecho a solicitar esas comunicaciones en una demanda si est\u00e1n relacionadas con el incidente o las lesiones. As\u00ed que es posible que puedan obtener tus fotos de las redes sociales.<\/p>\n<p>Una compa\u00f1\u00eda de seguros podr\u00eda contratar a un investigador para tomar fotos o v\u00eddeos de ti participando en actividades que parecen contradecir lo que puedes hacer con tus lesiones reclamadas, como andar en bicicleta o participar en actividades f\u00edsicas. Esto puede suceder si solo est\u00e1s haciendo algo como simplemente mover una bicicleta de tu c\u00e9sped a tu garaje, ni siquiera mont\u00e1ndola. Lo que importa aqu\u00ed es la imagen, no la realidad.<\/p>\n<p>Un investigador puede observarte y filmarte mientras est\u00e9s en un espacio p\u00fablico. No est\u00e1s protegido por derechos de privacidad cuando est\u00e1s participando en actividades en p\u00fablico.<\/p>\n<p>Una manera de combatir esto es ser honesto sobre tus lesiones y limitaciones. Cuando eres honesto, incluso si hay vigilancia, no contradice tu reclamo de lesi\u00f3n. Empujarte a ti mismo a realizar actividades con dolor o m\u00e1s all\u00e1 de las limitaciones establecidas por tus m\u00e9dicos o fisioterapeutas podr\u00eda resultar en un v\u00eddeo o fotos de ti realizando actividades de una manera que parece inconsistente con tus lesiones y limitaciones.<\/p>\n<p>No buscar el tratamiento m\u00e9dico adecuado o no seguir los consejos de tu m\u00e9dico podr\u00eda impactar tu caso. Sin embargo, hay instancias en las que puede que comprensiblemente optes por no someterte a procedimientos m\u00e9dicos riesgosos, y los jurados generalmente entienden estas decisiones. Es importante no rechazarlos rotundamente, porque podr\u00edas cambiar de opini\u00f3n en el futuro, o el procedimiento recomendado podr\u00eda volverse necesario en lugar de opcional a medida que pasa el tiempo. Consulta con tu m\u00e9dico antes de tomar cualquier decisi\u00f3n sobre el tratamiento m\u00e9dico. Este es un paso importante para mitigar cualquier riesgo asociado con la atenci\u00f3n m\u00e9dica y los gastos futuros.<\/p>\n<p>Para obtener m\u00e1s informaci\u00f3n sobre la <strong>resoluci\u00f3n de un reclamo por lesiones personales<\/strong>, una consulta inicial es tu mejor siguiente paso. Obt\u00e9n la informaci\u00f3n y las respuestas legales que est\u00e1s buscando llamando al <a href=\"tel:(415) 997-9529\"><strong>(415) 997-9529<\/strong><\/a> hoy.<\/p>\n<\/div>\n<p><!--more--><br \/>\n<!-- {\"type\":\"layout\",\"children\":[{\"type\":\"section\",\"props\":{\"image_position\":\"center-center\",\"style\":\"default\",\"title_breakpoint\":\"xl\",\"title_position\":\"top-left\",\"title_rotation\":\"left\",\"vertical_align\":\"middle\",\"width\":\"default\"},\"children\":[{\"type\":\"row\",\"children\":[{\"type\":\"column\",\"props\":{\"image_position\":\"center-center\",\"position_sticky_breakpoint\":\"m\"},\"children\":[{\"type\":\"headline\",\"props\":{\"content\":\"<center>Decidiendo Tu Destino<\\\/center>\",\"title_element\":\"h1\"}},{\"type\":\"text\",\"props\":{\"column_breakpoint\":\"m\",\"content\":\"\\n\n\n<h2><img class=\\\"alignright size-full wp-image-1069\\\" src=\\\"https:\\\/\\\/www.lflawfirm.com\\\/wp-content\\\/uploads\\\/2024\\\/06\\\/Deciding-Your-Fate-567887818.jpg\\\" alt=\\\"Decidiendo Tu Destino\\\" width=\\\"300\\\" height=\\\"300\\\" \\\/>Para Resolver o Ir a Juicio<\\\/h2>\\n\n\n<p>Quiz\\u00e1s no lo sepas, pero solo puedes resolver un caso una vez. Esto significa que a medida que te acercas a la resoluci\\u00f3n de un reclamo por lesiones personales, querr\\u00e1s tener una buena idea de su trayectoria, as\\u00ed como la de tus necesidades m\\u00e9dicas. Tambi\\u00e9n querr\\u00e1s tener una idea de si necesitar\\u00e1s tomar m\\u00e1s tiempo libre del trabajo en el futuro. No tener una idea de estas cosas cuando resuelves significa que puede que no seas compensado adecuadamente por el largo y dif\\u00edcil camino que tienes por delante.<\\\/p>\\n\\n\n\n<p>El trabajo de un abogado es prepararse para los peores escenarios. Esto a menudo implica esperar hasta que hayas avanzado lo suficiente en el tratamiento m\\u00e9dico para tener una comprensi\\u00f3n clara de las implicaciones futuras de tus lesiones. Sin embargo, resolver en esta etapa depende de que la compa\\u00f1\\u00eda de seguros ofrezca una suma que te compense completamente. Si su oferta es inferior a lo que mereces, no es el momento adecuado para resolver: simplemente no debes aceptar menos de lo que tienes derecho.\\n\\nRecomendamos ir a juicio cuando este es el caso. Algo as\\u00ed como el 95% de los reclamos por lesiones personales llegan a un acuerdo sin ir a juicio. Muchos abogados son muy experimentados en evaluar casos, al igual que la mayor\\u00eda de los ajustadores y abogados de la defensa. T\\u00edpicamente decimos que si terminas en un juicio, alguien estrope\\u00f3 su an\\u00e1lisis del caso. Dicho esto, cuando existen problemas que impiden el acuerdo, a menudo es el ajustador de seguros subvalorando un caso o el abogado de la defensa no siendo realista. Si este es el caso, aconsejamos a nuestros clientes ir a juicio porque es la \\u00fanica manera de forzar a la compa\\u00f1\\u00eda de seguros a pagarte lo que realmente tienes derecho.<\\\/p>\\n\\n\n\n<p>Sin embargo, al mismo tiempo, hay una cantidad considerable de riesgo asociado con ir a juicio. Hay incertidumbre sobre si un jurado determinar\\u00e1 con precisi\\u00f3n la culpa y otorgar\\u00e1 los da\\u00f1os que nuestro cliente merece. Los jurados t\\u00edpicamente rinden decisiones justas, pero hay muchas instancias donde los resultados no se alinean con c\\u00f3mo anticipamos que se desarrollen las cosas. As\\u00ed que siempre existe el riesgo de que puedas hacerlo peor que la \\u00faltima oferta de acuerdo que recibiste.<\\\/p>\\n\\n\n\n<p>Hay un riesgo significativo de que el resultado de un juicio pueda ser menos favorable que la \\u00faltima oferta de acuerdo recibida. Aprovechamos nuestra experiencia y pericia para asesorar a los clientes sobre los riesgos asociados con proceder a juicio. Adem\\u00e1s, incluso si un jurado toma una decisi\\u00f3n que se encuentra en error, el proceso de apelaci\\u00f3n puede ser largo y costoso. Incluso si ganas una apelaci\\u00f3n, el resultado puede ser un nuevo juicio despu\\u00e9s de un a\\u00f1o o m\\u00e1s de demora.<\\\/p>\\n\\n\n\n<p>Considerando todas estas cosas, junto con los gastos involucrados en la preparaci\\u00f3n para el juicio, necesitas evaluar si los posibles beneficios de ir a juicio superan los riesgos a los que te expones. Si pudieras obtener la misma cantidad a trav\\u00e9s del acuerdo que despu\\u00e9s de los costos, honorarios y riesgos incrementados del juicio, aceptar la oferta previa al juicio es a menudo la opci\\u00f3n sabia, ya que te pone m\\u00e1s dinero en el bolsillo sin las incertidumbres y gastos del juicio.<\\\/p>\\n\\n\n\n<p>Hay un trabajo serio de nuestra parte para preparar un caso cercano al juicio. No solo tenemos que prepararnos para un juicio para obtener el mejor resultado, sino que tambi\\u00e9n muestra a la compa\\u00f1\\u00eda de seguros cu\\u00e1n serios somos. Este enfoque nos distingue de los bufetes que algunos podr\\u00edan referirse como f\\u00e1bricas de acuerdos, o bufetes enfocados \\u00fanicamente en resolver casos r\\u00e1pidamente. Probablemente est\\u00e9n dejando dinero sobre la mesa. Creemos en presionar el caso tan cerca del juicio como sea necesario, o hasta el juicio, para asegurar el mejor resultado posible para nuestros clientes.<\\\/p>\\n\\n\n\n<p>Estar dispuestos a ir a juicio se\\u00f1ala a la compa\\u00f1\\u00eda de seguros que estamos serios acerca de buscar la compensaci\\u00f3n total que nuestros clientes merecen. Si no transmitimos esta seriedad, la compa\\u00f1\\u00eda de seguros puede percibirnos como menos propensos a proceder a juicio y puede ofrecer montos de acuerdo m\\u00e1s bajos en consecuencia.<\\\/p>\\n\\n\n\n<p>Nuestro bufete est\\u00e1 dedicado a estar completamente preparado para el juicio y llevar a cabo juicios cuando sea necesario. Adoptar este enfoque es nuestra manera de realizar nuestro objetivo de negociar desde una posici\\u00f3n de fuerza y lograr los resultados m\\u00e1s favorables para nuestros clientes, incluso si el juicio finalmente no es necesario.<\\\/p>\\n\\n\n\n<h3>Perjudicando Tu Caso<\\\/h3>\\n\n\n<p>Lo que publicas en las redes sociales puede impactar significativamente tu caso de lesiones personales. Incluso si tu perfil es privado, e incluso si tus publicaciones son consistentes con lo que tus lesiones son, las cosas que publicas en \\u00e9l pueden terminar en manos de las compa\\u00f1\\u00edas de seguros y los abogados de la defensa. Por ejemplo, publicar fotos mientras est\\u00e1s de vacaciones, incluso si solo muestran que haces cosas que afirmas ser capaz de hacer, puede ser usado en tu contra en el tribunal. Un buen ejemplo de esto es una foto simplemente descansando junto a una piscina o algo por el estilo. La defensa probablemente se\\u00f1alar\\u00e1 esto para argumentar que tu lesi\\u00f3n no est\\u00e1 afectando tu vida tanto como has afirmado, incluso si en realidad est\\u00e1s descansando junto a una piscina para aliviar el dolor de espalda.<\\\/p>\\n\\n\n\n<p>Adem\\u00e1s de esto, si est\\u00e1s en una demanda, la defensa tiene derecho a citar registros o solicitar registros de ti. Esto significa que, incluso si est\\u00e1s enviando mensajes directos o im\\u00e1genes a otros de manera privada, la defensa tiene derecho a solicitar esas comunicaciones en una demanda si est\\u00e1n relacionadas con el incidente o las lesiones. As\\u00ed que es posible que puedan obtener tus fotos de las redes sociales.<\\\/p>\\n\\n\n\n<p>Una compa\\u00f1\\u00eda de seguros podr\\u00eda contratar a un investigador para tomar fotos o v\\u00eddeos de ti participando en actividades que parecen contradecir lo que puedes hacer con tus lesiones reclamadas, como andar en bicicleta o participar en actividades f\\u00edsicas. Esto puede suceder si solo est\\u00e1s haciendo algo como simplemente mover una bicicleta de tu c\\u00e9sped a tu garaje, ni siquiera mont\\u00e1ndola. Lo que importa aqu\\u00ed es la imagen, no la realidad.<\\\/p>\\n\\n\n\n<p>Un investigador puede observarte y filmarte mientras est\\u00e9s en un espacio p\\u00fablico. No est\\u00e1s protegido por derechos de privacidad cuando est\\u00e1s participando en actividades en p\\u00fablico.<\\\/p>\\n\\n\n\n<p>Una manera de combatir esto es ser honesto sobre tus lesiones y limitaciones. Cuando eres honesto, incluso si hay vigilancia, no contradice tu reclamo de lesi\\u00f3n. Empujarte a ti mismo a realizar actividades con dolor o m\\u00e1s all\\u00e1 de las limitaciones establecidas por tus m\\u00e9dicos o fisioterapeutas podr\\u00eda resultar en un v\\u00eddeo o fotos de ti realizando actividades de una manera que parece inconsistente con tus lesiones y limitaciones.<\\\/p>\\n\\n\n\n<p>No buscar el tratamiento m\\u00e9dico adecuado o no seguir los consejos de tu m\\u00e9dico podr\\u00eda impactar tu caso. Sin embargo, hay instancias en las que puede que comprensiblemente optes por no someterte a procedimientos m\\u00e9dicos riesgosos, y los jurados generalmente entienden estas decisiones. Es importante no rechazarlos rotundamente, porque podr\\u00edas cambiar de opini\\u00f3n en el futuro, o el procedimiento recomendado podr\\u00eda volverse necesario en lugar de opcional a medida que pasa el tiempo. Consulta con tu m\\u00e9dico antes de tomar cualquier decisi\\u00f3n sobre el tratamiento m\\u00e9dico. Este es un paso importante para mitigar cualquier riesgo asociado con la atenci\\u00f3n m\\u00e9dica y los gastos futuros.<\\\/p>\\n\\n\n\n<p>Para obtener m\\u00e1s informaci\\u00f3n sobre la <strong>resoluci\\u00f3n de un reclamo por lesiones personales<\\\/strong>, una consulta inicial es tu mejor siguiente paso. Obt\\u00e9n la informaci\\u00f3n y las respuestas legales que est\\u00e1s buscando llamando al <a href=\\\"tel:(415) 997-9529\\\"><strong>(415) 997-9529<\\\/strong><\\\/a> hoy.<\\\/p>\",\"margin\":\"default\"}}]}]}],\"name\":\"new page layout\"}],\"version\":\"4.3.2\"} --><\/p>\n","protected":false},"excerpt":{"rendered":"<p>Decidiendo Tu Destino Para Resolver o Ir a Juicio Quiz\u00e1s no lo sepas, pero solo puedes resolver un caso una vez. Esto significa que a medida que te acercas a la resoluci\u00f3n de un reclamo por lesiones personales, querr\u00e1s tener una buena idea de su trayectoria, as\u00ed como la de tus necesidades m\u00e9dicas. Tambi\u00e9n querr\u00e1s [&hellip;]<\/p>\n","protected":false},"author":2,"featured_media":0,"parent":0,"menu_order":0,"comment_status":"closed","ping_status":"closed","template":"","meta":{"_acf_changed":false,"_monsterinsights_skip_tracking":false,"_monsterinsights_sitenote_active":false,"_monsterinsights_sitenote_note":"","_monsterinsights_sitenote_category":0,"footnotes":""},"class_list":["post-1130","page","type-page","status-publish","hentry"],"acf":[],"_links":{"self":[{"href":"https:\/\/www.lflawfirm.com\/es\/wp-json\/wp\/v2\/pages\/1130","targetHints":{"allow":["GET"]}}],"collection":[{"href":"https:\/\/www.lflawfirm.com\/es\/wp-json\/wp\/v2\/pages"}],"about":[{"href":"https:\/\/www.lflawfirm.com\/es\/wp-json\/wp\/v2\/types\/page"}],"author":[{"embeddable":true,"href":"https:\/\/www.lflawfirm.com\/es\/wp-json\/wp\/v2\/users\/2"}],"replies":[{"embeddable":true,"href":"https:\/\/www.lflawfirm.com\/es\/wp-json\/wp\/v2\/comments?post=1130"}],"version-history":[{"count":6,"href":"https:\/\/www.lflawfirm.com\/es\/wp-json\/wp\/v2\/pages\/1130\/revisions"}],"predecessor-version":[{"id":1250,"href":"https:\/\/www.lflawfirm.com\/es\/wp-json\/wp\/v2\/pages\/1130\/revisions\/1250"}],"wp:attachment":[{"href":"https:\/\/www.lflawfirm.com\/es\/wp-json\/wp\/v2\/media?parent=1130"}],"curies":[{"name":"wp","href":"https:\/\/api.w.org\/{rel}","templated":true}]}}