{"id":1128,"date":"2024-08-05T07:35:05","date_gmt":"2024-08-05T07:35:05","guid":{"rendered":"https:\/\/www.lflawfirm.com\/?page_id=1128"},"modified":"2024-08-07T06:02:35","modified_gmt":"2024-08-07T06:02:35","slug":"danos-otorgados-en-un-caso-de-lesiones-personales","status":"publish","type":"page","link":"https:\/\/www.lflawfirm.com\/es\/danos-otorgados-en-un-caso-de-lesiones-personales\/","title":{"rendered":"Desvelando la Compensaci\u00f3n"},"content":{"rendered":"<h1><center>Desvelando la Compensaci\u00f3n<\/center><\/h1>\n<div>\n<h2><img loading=\"lazy\" decoding=\"async\" class=\"alignright size-full wp-image-1068\" src=\"https:\/\/www.lflawfirm.com\/wp-content\/uploads\/2024\/05\/Damages-Awarded-In-A-Personal-Injury-Case-144026356.jpg\" alt=\"Desvelando la Compensaci\u00f3n\" width=\"300\" height=\"300\" srcset=\"https:\/\/www.lflawfirm.com\/wp-content\/uploads\/2024\/05\/Damages-Awarded-In-A-Personal-Injury-Case-144026356.jpg 300w, https:\/\/www.lflawfirm.com\/wp-content\/uploads\/2024\/05\/Damages-Awarded-In-A-Personal-Injury-Case-144026356-150x150.jpg 150w\" sizes=\"auto, (max-width: 300px) 100vw, 300px\" \/>Da\u00f1os Disponibles en Casos de Lesiones Personales<\/h2>\n<p>Generalmente, hay dos tipos de da\u00f1os otorgados en un caso de lesiones personales: da\u00f1os compensatorios y da\u00f1os punitivos. Los da\u00f1os punitivos est\u00e1n dise\u00f1ados para castigar a un demandado por hacer algo para da\u00f1ar a alguien intencionalmente o sabiendo que sus acciones son muy probables de lesionar a alguien. Debido a esto, estos da\u00f1os casi nunca est\u00e1n disponibles en un caso de accidente automovil\u00edstico. Una excepci\u00f3n ser\u00edan los casos de DUI. En ellos, el demandado necesita ser castigado por conducir bajo la influencia. Nuestro bufete tambi\u00e9n ha ganado con \u00e9xito mociones para permitir da\u00f1os punitivos en casos donde las personas estaban enviando mensajes de texto mientras conduc\u00edan. Podr\u00edamos haber sido uno de los primeros bufetes en hacer esto.<\/p>\n<p>Los da\u00f1os compensatorios se otorgan para compensar al demandante por la p\u00e9rdida que han sufrido y no est\u00e1n destinados a castigar a un demandado por conducta indebida. Est\u00e1n destinados a responsabilizar personalmente al demandado en una demanda por las p\u00e9rdidas que causaron. Los da\u00f1os compensatorios se dividen en dos categor\u00edas: econ\u00f3micos y no econ\u00f3micos. Los da\u00f1os compensatorios no econ\u00f3micos est\u00e1n destinados a compensar el dolor y el sufrimiento, el estr\u00e9s emocional, la incomodidad y la angustia mental. Para ponerlo un poco m\u00e1s simple, cubre da\u00f1os distintos de las p\u00e9rdidas de bolsillo. Los da\u00f1os compensatorios econ\u00f3micos incluyen cosas como la p\u00e9rdida de salarios pasados y futuros, el tratamiento m\u00e9dico y los servicios dom\u00e9sticos. En otras palabras, los da\u00f1os compensatorios son para contabilizar el da\u00f1o o la p\u00e9rdida causada al demandante tanto econ\u00f3mica como emocionalmente.<\/p>\n<p>Hay una percepci\u00f3n com\u00fan en torno a los demandantes de lesiones personales y sus abogados. Muchos creen que buscan recuperar mucho m\u00e1s de lo necesario. Esto es en gran medida un mito. Los da\u00f1os buscados en un caso de lesiones personales est\u00e1n destinados a restaurar a las personas a su estado previo a la lesi\u00f3n, con el objetivo de mitigar las p\u00e9rdidas incurridas debido a sus lesiones. Dicho de otra manera, los casos de lesiones personales est\u00e1n destinados a hacer que la parte lesionada vuelva a estar completa. Obviamente, el caso no puede quitar o deshacer una lesi\u00f3n; busca compensarlos por las p\u00e9rdidas tangibles que han sufrido.<\/p>\n<p>En realidad, la gran mayor\u00eda de los casos de lesiones personales no resultan en individuos recibiendo m\u00e1s de lo que tienen derecho. Las compa\u00f1\u00edas de seguros a menudo propagan afirmaciones de compensaci\u00f3n excesiva que retratan a los demandantes y sus abogados como codiciosos. Esta es parte de su estrategia para evitar responsabilidades y pagar lo menos posible. En verdad, el objetivo principal del litigio por lesiones personales es hacer que la persona lesionada vuelva a estar completa. Dado que la ley actualmente solo requiere que los conductores obtengan $15,000.00 por persona en seguro de responsabilidad civil, muchas personas lesionadas en accidentes automovil\u00edsticos reciben una compensaci\u00f3n sustancialmente menor de lo que han perdido. Incluso con el aumento de los l\u00edmites m\u00ednimos de responsabilidad a $30,000 por persona, la mayor\u00eda de las p\u00f3lizas de seguro de autom\u00f3vil son demasiado peque\u00f1as para compensar de manera justa a las personas por sus lesiones. (Por eso es importante protegerte y comprar la mayor cantidad de cobertura de automovilista subasegurado que puedas permitirte razonablemente).<\/p>\n<h3>Calcular los Da\u00f1os M\u00e9dicos<\/h3>\n<p>Al calcular los da\u00f1os m\u00e9dicos en casos de lesiones personales, hay dos enfoques principales que generalmente se siguen, dependiendo de la gravedad de la lesi\u00f3n. En nuestra pr\u00e1ctica, hemos manejado ambos tipos de casos.<\/p>\n<p>En casos menos graves, un m\u00e9dico, a menudo un experto en el campo, colabora con los m\u00e9dicos tratantes para proyectar futuros tratamientos m\u00e9dicos. Estos profesionales m\u00e9dicos, que a menudo operan sus propias pr\u00e1cticas, pueden evaluar el valor de estos servicios bas\u00e1ndose en su experiencia y conocimiento.<\/p>\n<p>Para lesiones graves o catastr\u00f3ficas que requieren un extenso cuidado m\u00e9dico futuro, se necesita un enfoque diferente. En tales casos, un equipo compuesto por un m\u00e9dico y un planificador de atenci\u00f3n de vida colaboran para desarrollar un plan integral para el tratamiento m\u00e9dico futuro. El planificador de atenci\u00f3n de vida utiliza tasas m\u00e9dicas locales para determinar el costo de cada modalidad de tratamiento. A partir de ah\u00ed, un economista agrega estos costos y aplica una tasa de descuento para convertir el total a valor presente en efectivo para el cuidado futuro.<\/p>\n<h3>L\u00ednea de Tiempo de la Compensaci\u00f3n<\/h3>\n<p>Como con la mayor\u00eda de las cosas que se enredan en el sistema legal, recibir una compensaci\u00f3n t\u00edpicamente toma m\u00e1s tiempo del esperado. Una variedad de factores influyen en cu\u00e1n complicado termina siendo un acuerdo. Un acuerdo simple antes de la demanda con una persona lesionada y un demandado probablemente tomar\u00e1 unos pocos meses. Adem\u00e1s de esto, generalmente hay un plazo de 30 d\u00edas despu\u00e9s de un acuerdo firmado para obtener el cheque de compensaci\u00f3n. Naturalmente, el cheque luego necesita ser liquidado por el banco.<\/p>\n<p>Puede muy bien haber un gravamen sobre la recuperaci\u00f3n en un caso. Por ejemplo, una compa\u00f1\u00eda de seguro de salud o una compa\u00f1\u00eda de seguro de autom\u00f3vil de primera parte pueden buscar reembolso por los gastos que han incurrido al pagar por el tratamiento a una parte lesionada. Como resultado, tu abogado necesitar\u00e1 negociar el gravamen para resolver el monto en disputa antes de que se puedan distribuir los fondos. Esto asegura que todas las partes involucradas sean compensadas apropiadamente y que se liquiden las obligaciones pendientes.<\/p>\n<p>A veces los acuerdos se vuelven muy complicados. Si est\u00e1s lidiando con un acuerdo de varios millones de d\u00f3lares, la mayor\u00eda de las personas deciden poner su dinero en lo que se llama un acuerdo estructurado. Este es un tipo de anualidad que paga a lo largo del tiempo. Si se utiliza un acuerdo estructurado en un caso, se deben abordar muchos detalles para asegurar el acuerdo estructurado.<\/p>\n<p>En algunos casos, se encuentra que varios demandados tienen la culpa. Si es as\u00ed, todos ellos tendr\u00edan que ponerse de acuerdo sobre un monto que cada uno pagar\u00e1. Esto tiende a agregar algo de tiempo al reloj de la compensaci\u00f3n. Si un demandado al que has demandado es particularmente exigente sobre lo que est\u00e1n dispuestos a contribuir y el lenguaje de los documentos del acuerdo, esto agrega a\u00fan m\u00e1s tiempo al reloj. Esto surge mucho en casos de responsabilidad de productos con fabricantes de autom\u00f3viles o en casos de tropiezos y ca\u00eddas que involucran tiendas de comestibles.<\/p>\n<p>Como hemos dicho antes, cada caso es diferente. Sin embargo, independientemente de sus diferencias, cada uno requiere paciencia para el proceso. Si est\u00e1s en una necesidad urgente del dinero que buscas, como \u00faltimo recurso, puedes utilizar algunos servicios de adelanto de efectivo despu\u00e9s de firmar un acuerdo. Estos generalmente vienen con una tasa de inter\u00e9s tremendamente alta, por lo que si puedes esperar o encontrar otra fuente de dinero, es probable que sea mejor evitar las altas tasas de inter\u00e9s del servicio de pr\u00e9stamos profesional, o de lo contrario tu acuerdo puede ser completamente consumido por las altas tasas de inter\u00e9s.<\/p>\n<p>Para obtener m\u00e1s informaci\u00f3n sobre los <strong>da\u00f1os otorgados en un caso de lesiones personales<\/strong>, una consulta inicial es tu mejor siguiente paso. Obt\u00e9n la informaci\u00f3n y las respuestas legales que est\u00e1s buscando llamando al <a href=\"tel:(415) 997-9529\"><strong>(415) 997-9529<\/strong><\/a> hoy.<\/p>\n<p><!--FAQPage Code Generated by https:\/\/saijogeorge.com\/json-ld-schema-generator\/faq\/--><\/div>\n<p><!--more--><br \/>\n<!-- {\"type\":\"layout\",\"children\":[{\"type\":\"section\",\"props\":{\"image_position\":\"center-center\",\"style\":\"default\",\"title_breakpoint\":\"xl\",\"title_position\":\"top-left\",\"title_rotation\":\"left\",\"vertical_align\":\"middle\",\"width\":\"default\"},\"children\":[{\"type\":\"row\",\"children\":[{\"type\":\"column\",\"props\":{\"image_position\":\"center-center\",\"position_sticky_breakpoint\":\"m\"},\"children\":[{\"type\":\"headline\",\"props\":{\"content\":\"<center>Desvelando la Compensaci\\u00f3n<\\\/center>\",\"title_element\":\"h1\"}},{\"type\":\"text\",\"props\":{\"column_breakpoint\":\"m\",\"content\":\"\n\n<h2><img class=\\\"alignright size-full wp-image-1068\\\" src=\\\"https:\\\/\\\/www.lflawfirm.com\\\/wp-content\\\/uploads\\\/2024\\\/05\\\/Damages-Awarded-In-A-Personal-Injury-Case-144026356.jpg\\\" alt=\\\"Desvelando la Compensaci\\u00f3n\\\" width=\\\"300\\\" height=\\\"300\\\" \\\/>Da\\u00f1os Disponibles en Casos de Lesiones Personales<\\\/h2>\\n\n\n<p>Generalmente, hay dos tipos de da\\u00f1os otorgados en un caso de lesiones personales: da\\u00f1os compensatorios y da\\u00f1os punitivos. Los da\\u00f1os punitivos est\\u00e1n dise\\u00f1ados para castigar a un demandado por hacer algo para da\\u00f1ar a alguien intencionalmente o sabiendo que sus acciones son muy probables de lesionar a alguien. Debido a esto, estos da\\u00f1os casi nunca est\\u00e1n disponibles en un caso de accidente automovil\\u00edstico. Una excepci\\u00f3n ser\\u00edan los casos de DUI. En ellos, el demandado necesita ser castigado por conducir bajo la influencia. Nuestro bufete tambi\\u00e9n ha ganado con \\u00e9xito mociones para permitir da\\u00f1os punitivos en casos donde las personas estaban enviando mensajes de texto mientras conduc\\u00edan. Podr\\u00edamos haber sido uno de los primeros bufetes en hacer esto.<\\\/p>\\n\n\n<p>Los da\\u00f1os compensatorios se otorgan para compensar al demandante por la p\\u00e9rdida que han sufrido y no est\\u00e1n destinados a castigar a un demandado por conducta indebida. Est\\u00e1n destinados a responsabilizar personalmente al demandado en una demanda por las p\\u00e9rdidas que causaron. Los da\\u00f1os compensatorios se dividen en dos categor\\u00edas: econ\\u00f3micos y no econ\\u00f3micos. Los da\\u00f1os compensatorios no econ\\u00f3micos est\\u00e1n destinados a compensar el dolor y el sufrimiento, el estr\\u00e9s emocional, la incomodidad y la angustia mental. Para ponerlo un poco m\\u00e1s simple, cubre da\\u00f1os distintos de las p\\u00e9rdidas de bolsillo. Los da\\u00f1os compensatorios econ\\u00f3micos incluyen cosas como la p\\u00e9rdida de salarios pasados y futuros, el tratamiento m\\u00e9dico y los servicios dom\\u00e9sticos. En otras palabras, los da\\u00f1os compensatorios son para contabilizar el da\\u00f1o o la p\\u00e9rdida causada al demandante tanto econ\\u00f3mica como emocionalmente.<\\\/p>\\n\n\n<p>Hay una percepci\\u00f3n com\\u00fan en torno a los demandantes de lesiones personales y sus abogados. Muchos creen que buscan recuperar mucho m\\u00e1s de lo necesario. Esto es en gran medida un mito. Los da\\u00f1os buscados en un caso de lesiones personales est\\u00e1n destinados a restaurar a las personas a su estado previo a la lesi\\u00f3n, con el objetivo de mitigar las p\\u00e9rdidas incurridas debido a sus lesiones. Dicho de otra manera, los casos de lesiones personales est\\u00e1n destinados a hacer que la parte lesionada vuelva a estar completa. Obviamente, el caso no puede quitar o deshacer una lesi\\u00f3n; busca compensarlos por las p\\u00e9rdidas tangibles que han sufrido.<\\\/p>\\n\n\n<p>En realidad, la gran mayor\\u00eda de los casos de lesiones personales no resultan en individuos recibiendo m\\u00e1s de lo que tienen derecho. Las compa\\u00f1\\u00edas de seguros a menudo propagan afirmaciones de compensaci\\u00f3n excesiva que retratan a los demandantes y sus abogados como codiciosos. Esta es parte de su estrategia para evitar responsabilidades y pagar lo menos posible. En verdad, el objetivo principal del litigio por lesiones personales es hacer que la persona lesionada vuelva a estar completa. Dado que la ley actualmente solo requiere que los conductores obtengan $15,000.00 por persona en seguro de responsabilidad civil, muchas personas lesionadas en accidentes automovil\\u00edsticos reciben una compensaci\\u00f3n sustancialmente menor de lo que han perdido. Incluso con el aumento de los l\\u00edmites m\\u00ednimos de responsabilidad a $30,000 por persona, la mayor\\u00eda de las p\\u00f3lizas de seguro de autom\\u00f3vil son demasiado peque\\u00f1as para compensar de manera justa a las personas por sus lesiones. (Por eso es importante protegerte y comprar la mayor cantidad de cobertura de automovilista subasegurado que puedas permitirte razonablemente).<\\\/p>\\n\n\n<h3>Calcular los Da\\u00f1os M\\u00e9dicos<\\\/h3>\\n\n\n<p>Al calcular los da\\u00f1os m\\u00e9dicos en casos de lesiones personales, hay dos enfoques principales que generalmente se siguen, dependiendo de la gravedad de la lesi\\u00f3n. En nuestra pr\\u00e1ctica, hemos manejado ambos tipos de casos.<\\\/p>\\n\n\n<p>En casos menos graves, un m\\u00e9dico, a menudo un experto en el campo, colabora con los m\\u00e9dicos tratantes para proyectar futuros tratamientos m\\u00e9dicos. Estos profesionales m\\u00e9dicos, que a menudo operan sus propias pr\\u00e1cticas, pueden evaluar el valor de estos servicios bas\\u00e1ndose en su experiencia y conocimiento.<\\\/p>\\n\n\n<p>Para lesiones graves o catastr\\u00f3ficas que requieren un extenso cuidado m\\u00e9dico futuro, se necesita un enfoque diferente. En tales casos, un equipo compuesto por un m\\u00e9dico y un planificador de atenci\\u00f3n de vida colaboran para desarrollar un plan integral para el tratamiento m\\u00e9dico futuro. El planificador de atenci\\u00f3n de vida utiliza tasas m\\u00e9dicas locales para determinar el costo de cada modalidad de tratamiento. A partir de ah\\u00ed, un economista agrega estos costos y aplica una tasa de descuento para convertir el total a valor presente en efectivo para el cuidado futuro.<\\\/p>\\n\n\n<h3>L\\u00ednea de Tiempo de la Compensaci\\u00f3n<\\\/h3>\\n\n\n<p>Como con la mayor\\u00eda de las cosas que se enredan en el sistema legal, recibir una compensaci\\u00f3n t\\u00edpicamente toma m\\u00e1s tiempo del esperado. Una variedad de factores influyen en cu\\u00e1n complicado termina siendo un acuerdo. Un acuerdo simple antes de la demanda con una persona lesionada y un demandado probablemente tomar\\u00e1 unos pocos meses. Adem\\u00e1s de esto, generalmente hay un plazo de 30 d\\u00edas despu\\u00e9s de un acuerdo firmado para obtener el cheque de compensaci\\u00f3n. Naturalmente, el cheque luego necesita ser liquidado por el banco.<\\\/p>\\n\n\n<p>Puede muy bien haber un gravamen sobre la recuperaci\\u00f3n en un caso. Por ejemplo, una compa\\u00f1\\u00eda de seguro de salud o una compa\\u00f1\\u00eda de seguro de autom\\u00f3vil de primera parte pueden buscar reembolso por los gastos que han incurrido al pagar por el tratamiento a una parte lesionada. Como resultado, tu abogado necesitar\\u00e1 negociar el gravamen para resolver el monto en disputa antes de que se puedan distribuir los fondos. Esto asegura que todas las partes involucradas sean compensadas apropiadamente y que se liquiden las obligaciones pendientes.<\\\/p>\\n\n\n<p>A veces los acuerdos se vuelven muy complicados. Si est\\u00e1s lidiando con un acuerdo de varios millones de d\\u00f3lares, la mayor\\u00eda de las personas deciden poner su dinero en lo que se llama un acuerdo estructurado. Este es un tipo de anualidad que paga a lo largo del tiempo. Si se utiliza un acuerdo estructurado en un caso, se deben abordar muchos detalles para asegurar el acuerdo estructurado.<\\\/p>\\n\n\n<p>En algunos casos, se encuentra que varios demandados tienen la culpa. Si es as\\u00ed, todos ellos tendr\\u00edan que ponerse de acuerdo sobre un monto que cada uno pagar\\u00e1. Esto tiende a agregar algo de tiempo al reloj de la compensaci\\u00f3n. Si un demandado al que has demandado es particularmente exigente sobre lo que est\\u00e1n dispuestos a contribuir y el lenguaje de los documentos del acuerdo, esto agrega a\\u00fan m\\u00e1s tiempo al reloj. Esto surge mucho en casos de responsabilidad de productos con fabricantes de autom\\u00f3viles o en casos de tropiezos y ca\\u00eddas que involucran tiendas de comestibles.<\\\/p>\\n\n\n<p>Como hemos dicho antes, cada caso es diferente. Sin embargo, independientemente de sus diferencias, cada uno requiere paciencia para el proceso. Si est\\u00e1s en una necesidad urgente del dinero que buscas, como \\u00faltimo recurso, puedes utilizar algunos servicios de adelanto de efectivo despu\\u00e9s de firmar un acuerdo. Estos generalmente vienen con una tasa de inter\\u00e9s tremendamente alta, por lo que si puedes esperar o encontrar otra fuente de dinero, es probable que sea mejor evitar las altas tasas de inter\\u00e9s del servicio de pr\\u00e9stamos profesional, o de lo contrario tu acuerdo puede ser completamente consumido por las altas tasas de inter\\u00e9s.<\\\/p>\\n\n\n<p>Para obtener m\\u00e1s informaci\\u00f3n sobre los <strong>da\\u00f1os otorgados en un caso de lesiones personales<\\\/strong>, una consulta inicial es tu mejor siguiente paso. Obt\\u00e9n la informaci\\u00f3n y las respuestas legales que est\\u00e1s buscando llamando al <a href=\\\"tel:(415) 997-9529\\\"><strong>(415) 997-9529<\\\/strong><\\\/a> hoy.<\\\/p>\\n<!--FAQPage Code Generated by https:\\\/\\\/saijogeorge.com\\\/json-ld-schema-generator\\\/faq\\\/-->\u00ab,\u00bbmargin\u00bb:\u00bbdefault\u00bb}}]}]}],\u00bbname\u00bb:\u00bbnew page layout\u00bb}],\u00bbversion\u00bb:\u00bb4.3.2&#8243;} &#8211;><\/p>\n","protected":false},"excerpt":{"rendered":"<p>Desvelando la Compensaci\u00f3n Da\u00f1os Disponibles en Casos de Lesiones Personales Generalmente, hay dos tipos de da\u00f1os otorgados en un caso de lesiones personales: da\u00f1os compensatorios y da\u00f1os punitivos. Los da\u00f1os punitivos est\u00e1n dise\u00f1ados para castigar a un demandado por hacer algo para da\u00f1ar a alguien intencionalmente o sabiendo que sus acciones son muy probables de [&hellip;]<\/p>\n","protected":false},"author":2,"featured_media":0,"parent":0,"menu_order":0,"comment_status":"closed","ping_status":"closed","template":"","meta":{"_acf_changed":false,"_monsterinsights_skip_tracking":false,"_monsterinsights_sitenote_active":false,"_monsterinsights_sitenote_note":"","_monsterinsights_sitenote_category":0,"footnotes":""},"class_list":["post-1128","page","type-page","status-publish","hentry"],"acf":[],"_links":{"self":[{"href":"https:\/\/www.lflawfirm.com\/es\/wp-json\/wp\/v2\/pages\/1128","targetHints":{"allow":["GET"]}}],"collection":[{"href":"https:\/\/www.lflawfirm.com\/es\/wp-json\/wp\/v2\/pages"}],"about":[{"href":"https:\/\/www.lflawfirm.com\/es\/wp-json\/wp\/v2\/types\/page"}],"author":[{"embeddable":true,"href":"https:\/\/www.lflawfirm.com\/es\/wp-json\/wp\/v2\/users\/2"}],"replies":[{"embeddable":true,"href":"https:\/\/www.lflawfirm.com\/es\/wp-json\/wp\/v2\/comments?post=1128"}],"version-history":[{"count":3,"href":"https:\/\/www.lflawfirm.com\/es\/wp-json\/wp\/v2\/pages\/1128\/revisions"}],"predecessor-version":[{"id":1256,"href":"https:\/\/www.lflawfirm.com\/es\/wp-json\/wp\/v2\/pages\/1128\/revisions\/1256"}],"wp:attachment":[{"href":"https:\/\/www.lflawfirm.com\/es\/wp-json\/wp\/v2\/media?parent=1128"}],"curies":[{"name":"wp","href":"https:\/\/api.w.org\/{rel}","templated":true}]}}