{"id":1125,"date":"2024-08-05T07:27:47","date_gmt":"2024-08-05T07:27:47","guid":{"rendered":"https:\/\/www.lflawfirm.com\/?page_id=1125"},"modified":"2024-08-07T05:58:28","modified_gmt":"2024-08-07T05:58:28","slug":"el-papel-del-seguro-en-un-caso-de-lesiones-personales","status":"publish","type":"page","link":"https:\/\/www.lflawfirm.com\/es\/el-papel-del-seguro-en-un-caso-de-lesiones-personales\/","title":{"rendered":"Desempaquetando el Papel del Seguro en un Caso de Lesiones Personales"},"content":{"rendered":"<h1><center>Desempaquetando el Papel del Seguro en un Caso de Lesiones Personales<\/center><\/h1>\n<div>\n<h2><img loading=\"lazy\" decoding=\"async\" class=\"alignright size-full wp-image-1066\" src=\"https:\/\/www.lflawfirm.com\/wp-content\/uploads\/2024\/05\/Unpacking-The-Role-Of-Insurance-In-A-Personal-Injury-Case-236845816.jpg\" alt=\"Desempaquetando el Papel del Seguro en un Caso de Lesiones Personales\" width=\"300\" height=\"300\" srcset=\"https:\/\/www.lflawfirm.com\/wp-content\/uploads\/2024\/05\/Unpacking-The-Role-Of-Insurance-In-A-Personal-Injury-Case-236845816.jpg 300w, https:\/\/www.lflawfirm.com\/wp-content\/uploads\/2024\/05\/Unpacking-The-Role-Of-Insurance-In-A-Personal-Injury-Case-236845816-150x150.jpg 150w\" sizes=\"auto, (max-width: 300px) 100vw, 300px\" \/>Notificar a las Partes Relevantes de Tu Incidente<\/h2>\n<p>Tendr\u00e1s que tratar con tu propio seguro y la compa\u00f1\u00eda de seguros de la otra parte a medida que avanzas en tu proceso de reclamo por lesiones personales. Si contratas a un abogado, ellos se encargar\u00e1n de esto por ti. Si no contratas a un abogado, debes notificar r\u00e1pidamente a la compa\u00f1\u00eda de seguros de la parte culpable sobre el incidente y la lesi\u00f3n. Si planeas contratar a un abogado m\u00e1s tarde, no necesitas darles mucha informaci\u00f3n m\u00e1s all\u00e1 de los detalles b\u00e1sicos del incidente, como d\u00f3nde y cu\u00e1ndo ocurri\u00f3, y que est\u00e1s buscando representaci\u00f3n legal.<\/p>\n<p>Bajo tus acuerdos de seguro, est\u00e1s obligado a contactar a tu compa\u00f1\u00eda de seguros. Tambi\u00e9n tendr\u00e1s que participar en su investigaci\u00f3n. Muchas p\u00f3lizas de seguro tienen lo que se llama cobertura de pagos m\u00e9dicos. Esto significa que, sin importar qui\u00e9n tenga la culpa, tu compa\u00f1\u00eda de seguros te cubrir\u00e1 por una cierta cantidad de tratamiento m\u00e9dico. Querr\u00e1s hacer este reclamo. Hacerlo no har\u00e1 que tus primas aumenten.<\/p>\n<p>Tambi\u00e9n querr\u00e1s darle a tu compa\u00f1\u00eda de seguros la oportunidad de inspeccionar tu veh\u00edculo. Si hay una disputa sobre qui\u00e9n tiene la culpa, puedes usar la cobertura de colisi\u00f3n de tu propio seguro para arreglar tu auto mientras tanto. Esto te permite volver a la carretera mientras tu compa\u00f1\u00eda de seguros resuelve qui\u00e9n tiene la culpa con la otra compa\u00f1\u00eda de seguros. Si se determina que el otro conductor tiene toda la culpa, tu compa\u00f1\u00eda de seguros te reembolsar\u00e1 tu deducible.<\/p>\n<p>Si tu reclamo proviene de un accidente automovil\u00edstico con da\u00f1os de $600 o m\u00e1s en da\u00f1os a la propiedad o cualquier lesi\u00f3n f\u00edsica, tambi\u00e9n tendr\u00e1s que notificar al DMV. Nuevamente, si has contratado a un abogado, ellos pueden hacer esto por ti.<\/p>\n<h3>Interactuar con el Seguro Opuesto<\/h3>\n<p>Ten en cuenta que hablar con una compa\u00f1\u00eda de seguros opuesta es como hablar con la polic\u00eda: cualquier cosa que digas puede ser usada en tu contra. Por esta raz\u00f3n, si contratas a un abogado, o planeas contratar a un abogado pronto, personalmente no debes contactar a la otra compa\u00f1\u00eda de seguros en absoluto. Tu abogado lo har\u00e1 por ti.<\/p>\n<p>Si contratas a un abogado, transmite cualquier y toda informaci\u00f3n a trav\u00e9s de ellos. Esto es esencial porque si te encuentras en una demanda m\u00e1s adelante, el demandado tendr\u00e1 derecho a deponer tus declaraciones bajo juramento, sujeto a pena de perjurio. Una t\u00e1ctica com\u00fan que emplean es intentar atraparte en contradicciones entre tus declaraciones, que podr\u00edan usarse para desacreditar tu credibilidad.<\/p>\n<p>Transmitir la informaci\u00f3n a trav\u00e9s de tu abogado te protege contra posibles discrepancias o malas interpretaciones que puedan surgir si proporcionas declaraciones de manera independiente. Inicialmente, puede que no tengas todos los hechos o podr\u00edas estar equivocado sobre ciertos detalles. Abstenerse de ofrecer declaraciones directamente mitiga el riesgo de proporcionar informaci\u00f3n inexacta inadvertidamente.<\/p>\n<p>Si eliges seguir un reclamo de seguro por tu cuenta y optas por no presentar una demanda, puede que tengas que proporcionar una declaraci\u00f3n para obtener un acuerdo. Esto subraya la importancia de contar con representaci\u00f3n legal para navegar estas situaciones de manera efectiva y evitar estos riesgos desde el principio.<\/p>\n<p>Adem\u00e1s de esto, es importante reconocer que la compa\u00f1\u00eda de seguros opuesta ya cuenta con asesor\u00eda legal. Estos abogados redactan las preguntas que sus ajustadores deben hacerte. Responder sin una orientaci\u00f3n legal s\u00f3lida te lleva sin saberlo a una trampa.<\/p>\n<p>Si la compa\u00f1\u00eda de seguros de la otra parte te contacta y tienes representaci\u00f3n legal, simplemente proporcionales la informaci\u00f3n de contacto de tu abogado. Si no lo haces, puedes decirles que est\u00e1s buscando asesor\u00eda legal. T\u00edpicamente, no buscar\u00e1n m\u00e1s comunicaci\u00f3n en ese momento porque saben que un abogado se pondr\u00e1 en contacto con ellos m\u00e1s adelante.<\/p>\n<p>Lo mismo se aplica si el demandado real te contacta directamente, no a trav\u00e9s de su compa\u00f1\u00eda de seguros si tiene una. Si esto sucede y tienes representaci\u00f3n legal, dir\u00edgelos a tu abogado. Si no tienes representaci\u00f3n legal, refi\u00e9relos a tu compa\u00f1\u00eda de seguros. No es necesario entablar discusiones con la otra parte involucrada en el incidente, m\u00e1s all\u00e1 de intercambiar informaci\u00f3n del seguro en la escena del incidente.<\/p>\n<h3>Defensas y T\u00e1cticas Comunes Empleadas por las Compa\u00f1\u00edas de Seguros<\/h3>\n<p>Las dos principales defensas que a menudo plantean las compa\u00f1\u00edas de seguros se refieren a la causaci\u00f3n de la lesi\u00f3n y la responsabilidad. Estos son los elementos clave que la parte lesionada debe establecer. En casos donde la responsabilidad es evidente, como en una colisi\u00f3n trasera, las compa\u00f1\u00edas de seguros se esfuerzan por sembrar dudas sobre si el accidente caus\u00f3 directamente las lesiones reportadas.<\/p>\n<p>Cada vez m\u00e1s, las compa\u00f1\u00edas de seguros cuestionan el v\u00ednculo entre el accidente y las lesiones sufridas, as\u00ed como la necesidad de todos los tratamientos m\u00e9dicos recibidos posteriormente. Ocasionalmente, alegan que la parte lesionada busca tratamiento m\u00e9dico excesivo para inflar su reclamo. Sin embargo, esto es raramente v\u00e1lido, ya que los proveedores de seguros de salud son reacios a cubrir tratamientos innecesarios, la gente generalmente prefiere no someterse a procedimientos m\u00e9dicos innecesarios, y los m\u00e9dicos no son precisamente r\u00e1pidos en administrar tratamientos innecesarios.<\/p>\n<p>En situaciones raras, puede haber una disputa sobre si el seguro est\u00e1 disponible en absoluto, si el demandado pag\u00f3 sus primas de seguro o si el demandado hizo algo que anula su cobertura de seguro. Estos casos son escasos, ya que las compa\u00f1\u00edas de seguros generalmente se esfuerzan por demostrar que la cobertura est\u00e1 disponible.<\/p>\n<p>Otra estrategia empleada por las compa\u00f1\u00edas de seguros implica trasladar la culpa a otras partes. En accidentes de varios autos, pueden argumentar que otro conductor tiene la culpa o incluso afirmar que un conductor no identificado caus\u00f3 la colisi\u00f3n al cortar al otro conductor y huir inmediatamente de la escena. Estas afirmaciones son naturalmente recibidas con escepticismo, ya que la existencia del supuesto conductor desconocido es extremadamente cuestionable, en el mejor de los casos.<\/p>\n<p>Para obtener m\u00e1s informaci\u00f3n sobre el <strong>papel del seguro en un caso de lesiones personales<\/strong>, una consulta inicial es tu mejor siguiente paso. Obt\u00e9n la informaci\u00f3n y las respuestas legales que est\u00e1s buscando llamando al <a href=\"tel:(415) 997-9529\"><strong>(415) 997-9529<\/strong><\/a> hoy.<\/p>\n<p><!--FAQPage Code Generated by https:\/\/saijogeorge.com\/json-ld-schema-generator\/faq\/--><\/div>\n<p><!--more--><br \/>\n<!-- {\"type\":\"layout\",\"children\":[{\"type\":\"section\",\"props\":{\"image_position\":\"center-center\",\"style\":\"default\",\"title_breakpoint\":\"xl\",\"title_position\":\"top-left\",\"title_rotation\":\"left\",\"vertical_align\":\"middle\",\"width\":\"default\"},\"children\":[{\"type\":\"row\",\"children\":[{\"type\":\"column\",\"props\":{\"image_position\":\"center-center\",\"position_sticky_breakpoint\":\"m\"},\"children\":[{\"type\":\"headline\",\"props\":{\"content\":\"<center>Desempaquetando el Papel del Seguro en un Caso de Lesiones Personales<\\\/center>\",\"title_element\":\"h1\"}},{\"type\":\"text\",\"props\":{\"column_breakpoint\":\"m\",\"content\":\"\n\n<h2><img class=\\\"alignright size-full wp-image-1066\\\" src=\\\"https:\\\/\\\/www.lflawfirm.com\\\/wp-content\\\/uploads\\\/2024\\\/05\\\/Unpacking-The-Role-Of-Insurance-In-A-Personal-Injury-Case-236845816.jpg\\\" alt=\\\"Desempaquetando el Papel del Seguro en un Caso de Lesiones Personales\\\" width=\\\"300\\\" height=\\\"300\\\" \\\/>Notificar a las Partes Relevantes de Tu Incidente<\\\/h2>\\n\n\n<p><br \\\/>Tendr\\u00e1s que tratar con tu propio seguro y la compa\\u00f1\\u00eda de seguros de la otra parte a medida que avanzas en tu proceso de reclamo por lesiones personales. Si contratas a un abogado, ellos se encargar\\u00e1n de esto por ti. Si no contratas a un abogado, debes notificar r\\u00e1pidamente a la compa\\u00f1\\u00eda de seguros de la parte culpable sobre el incidente y la lesi\\u00f3n. Si planeas contratar a un abogado m\\u00e1s tarde, no necesitas darles mucha informaci\\u00f3n m\\u00e1s all\\u00e1 de los detalles b\\u00e1sicos del incidente, como d\\u00f3nde y cu\\u00e1ndo ocurri\\u00f3, y que est\\u00e1s buscando representaci\\u00f3n legal.<\\\/p>\\n\n\n<p>Bajo tus acuerdos de seguro, est\\u00e1s obligado a contactar a tu compa\\u00f1\\u00eda de seguros. Tambi\\u00e9n tendr\\u00e1s que participar en su investigaci\\u00f3n. Muchas p\\u00f3lizas de seguro tienen lo que se llama cobertura de pagos m\\u00e9dicos. Esto significa que, sin importar qui\\u00e9n tenga la culpa, tu compa\\u00f1\\u00eda de seguros te cubrir\\u00e1 por una cierta cantidad de tratamiento m\\u00e9dico. Querr\\u00e1s hacer este reclamo. Hacerlo no har\\u00e1 que tus primas aumenten.<\\\/p>\\n\n\n<p>Tambi\\u00e9n querr\\u00e1s darle a tu compa\\u00f1\\u00eda de seguros la oportunidad de inspeccionar tu veh\\u00edculo. Si hay una disputa sobre qui\\u00e9n tiene la culpa, puedes usar la cobertura de colisi\\u00f3n de tu propio seguro para arreglar tu auto mientras tanto. Esto te permite volver a la carretera mientras tu compa\\u00f1\\u00eda de seguros resuelve qui\\u00e9n tiene la culpa con la otra compa\\u00f1\\u00eda de seguros. Si se determina que el otro conductor tiene toda la culpa, tu compa\\u00f1\\u00eda de seguros te reembolsar\\u00e1 tu deducible.<\\\/p>\\n\n\n<p>Si tu reclamo proviene de un accidente automovil\\u00edstico con da\\u00f1os de $600 o m\\u00e1s en da\\u00f1os a la propiedad o cualquier lesi\\u00f3n f\\u00edsica, tambi\\u00e9n tendr\\u00e1s que notificar al DMV. Nuevamente, si has contratado a un abogado, ellos pueden hacer esto por ti.<\\\/p>\\n\n\n<h3>Interactuar con el Seguro Opuesto<\\\/h3>\\n\n\n<p>Ten en cuenta que hablar con una compa\\u00f1\\u00eda de seguros opuesta es como hablar con la polic\\u00eda: cualquier cosa que digas puede ser usada en tu contra. Por esta raz\\u00f3n, si contratas a un abogado, o planeas contratar a un abogado pronto, personalmente no debes contactar a la otra compa\\u00f1\\u00eda de seguros en absoluto. Tu abogado lo har\\u00e1 por ti.<\\\/p>\\n\n\n<p>Si contratas a un abogado, transmite cualquier y toda informaci\\u00f3n a trav\\u00e9s de ellos. Esto es esencial porque si te encuentras en una demanda m\\u00e1s adelante, el demandado tendr\\u00e1 derecho a deponer tus declaraciones bajo juramento, sujeto a pena de perjurio. Una t\\u00e1ctica com\\u00fan que emplean es intentar atraparte en contradicciones entre tus declaraciones, que podr\\u00edan usarse para desacreditar tu credibilidad.<\\\/p>\\n\n\n<p>Transmitir la informaci\\u00f3n a trav\\u00e9s de tu abogado te protege contra posibles discrepancias o malas interpretaciones que puedan surgir si proporcionas declaraciones de manera independiente. Inicialmente, puede que no tengas todos los hechos o podr\\u00edas estar equivocado sobre ciertos detalles. Abstenerse de ofrecer declaraciones directamente mitiga el riesgo de proporcionar informaci\\u00f3n inexacta inadvertidamente.<\\\/p>\\n\n\n<p>Si eliges seguir un reclamo de seguro por tu cuenta y optas por no presentar una demanda, puede que tengas que proporcionar una declaraci\\u00f3n para obtener un acuerdo. Esto subraya la importancia de contar con representaci\\u00f3n legal para navegar estas situaciones de manera efectiva y evitar estos riesgos desde el principio.<\\\/p>\\n\n\n<p>Adem\\u00e1s de esto, es importante reconocer que la compa\\u00f1\\u00eda de seguros opuesta ya cuenta con asesor\\u00eda legal. Estos abogados redactan las preguntas que sus ajustadores deben hacerte. Responder sin una orientaci\\u00f3n legal s\\u00f3lida te lleva sin saberlo a una trampa.<\\\/p>\\n\n\n<p>Si la compa\\u00f1\\u00eda de seguros de la otra parte te contacta y tienes representaci\\u00f3n legal, simplemente proporcionales la informaci\\u00f3n de contacto de tu abogado. Si no lo haces, puedes decirles que est\\u00e1s buscando asesor\\u00eda legal. T\\u00edpicamente, no buscar\\u00e1n m\\u00e1s comunicaci\\u00f3n en ese momento porque saben que un abogado se pondr\\u00e1 en contacto con ellos m\\u00e1s adelante.<\\\/p>\\n\n\n<p>Lo mismo se aplica si el demandado real te contacta directamente, no a trav\\u00e9s de su compa\\u00f1\\u00eda de seguros si tiene una. Si esto sucede y tienes representaci\\u00f3n legal, dir\\u00edgelos a tu abogado. Si no tienes representaci\\u00f3n legal, refi\\u00e9relos a tu compa\\u00f1\\u00eda de seguros. No es necesario entablar discusiones con la otra parte involucrada en el incidente, m\\u00e1s all\\u00e1 de intercambiar informaci\\u00f3n del seguro en la escena del incidente.<\\\/p>\\n\n\n<h3>Defensas y T\\u00e1cticas Comunes Empleadas por las Compa\\u00f1\\u00edas de Seguros<\\\/h3>\\n\n\n<p>Las dos principales defensas que a menudo plantean las compa\\u00f1\\u00edas de seguros se refieren a la causaci\\u00f3n de la lesi\\u00f3n y la responsabilidad. Estos son los elementos clave que la parte lesionada debe establecer. En casos donde la responsabilidad es evidente, como en una colisi\\u00f3n trasera, las compa\\u00f1\\u00edas de seguros se esfuerzan por sembrar dudas sobre si el accidente caus\\u00f3 directamente las lesiones reportadas.<\\\/p>\\n\n\n<p>Cada vez m\\u00e1s, las compa\\u00f1\\u00edas de seguros cuestionan el v\\u00ednculo entre el accidente y las lesiones sufridas, as\\u00ed como la necesidad de todos los tratamientos m\\u00e9dicos recibidos posteriormente. Ocasionalmente, alegan que la parte lesionada busca tratamiento m\\u00e9dico excesivo para inflar su reclamo. Sin embargo, esto es raramente v\\u00e1lido, ya que los proveedores de seguros de salud son reacios a cubrir tratamientos innecesarios, la gente generalmente prefiere no someterse a procedimientos m\\u00e9dicos innecesarios, y los m\\u00e9dicos no son precisamente r\\u00e1pidos en administrar tratamientos innecesarios.<\\\/p>\\n\n\n<p>En situaciones raras, puede haber una disputa sobre si el seguro est\\u00e1 disponible en absoluto, si el demandado pag\\u00f3 sus primas de seguro o si el demandado hizo algo que anula su cobertura de seguro. Estos casos son escasos, ya que las compa\\u00f1\\u00edas de seguros generalmente se esfuerzan por demostrar que la cobertura est\\u00e1 disponible.<\\\/p>\\n\n\n<p>Otra estrategia empleada por las compa\\u00f1\\u00edas de seguros implica trasladar la culpa a otras partes. En accidentes de varios autos, pueden argumentar que otro conductor tiene la culpa o incluso afirmar que un conductor no identificado caus\\u00f3 la colisi\\u00f3n al cortar al otro conductor y huir inmediatamente de la escena. Estas afirmaciones son naturalmente recibidas con escepticismo, ya que la existencia del supuesto conductor desconocido es extremadamente cuestionable, en el mejor de los casos.<\\\/p>\\n\n\n<p>Para obtener m\\u00e1s informaci\\u00f3n sobre el <strong>papel del seguro en un caso de lesiones personales<\\\/strong>, una consulta inicial es tu mejor siguiente paso. Obt\\u00e9n la informaci\\u00f3n y las respuestas legales que est\\u00e1s buscando llamando al <a href=\\\"tel:(415) 997-9529\\\"><strong>(415) 997-9529<\\\/strong><\\\/a> hoy.<\\\/p>\\n<!--FAQPage Code Generated by https:\\\/\\\/saijogeorge.com\\\/json-ld-schema-generator\\\/faq\\\/-->\u00ab,\u00bbmargin\u00bb:\u00bbdefault\u00bb}}]}]}],\u00bbname\u00bb:\u00bbnew page layout\u00bb}],\u00bbversion\u00bb:\u00bb4.3.2&#8243;} &#8211;><\/p>\n","protected":false},"excerpt":{"rendered":"<p>Desempaquetando el Papel del Seguro en un Caso de Lesiones Personales Notificar a las Partes Relevantes de Tu Incidente Tendr\u00e1s que tratar con tu propio seguro y la compa\u00f1\u00eda de seguros de la otra parte a medida que avanzas en tu proceso de reclamo por lesiones personales. Si contratas a un abogado, ellos se encargar\u00e1n [&hellip;]<\/p>\n","protected":false},"author":2,"featured_media":0,"parent":0,"menu_order":0,"comment_status":"closed","ping_status":"closed","template":"","meta":{"_acf_changed":false,"_monsterinsights_skip_tracking":false,"_monsterinsights_sitenote_active":false,"_monsterinsights_sitenote_note":"","_monsterinsights_sitenote_category":0,"footnotes":""},"class_list":["post-1125","page","type-page","status-publish","hentry"],"acf":[],"_links":{"self":[{"href":"https:\/\/www.lflawfirm.com\/es\/wp-json\/wp\/v2\/pages\/1125","targetHints":{"allow":["GET"]}}],"collection":[{"href":"https:\/\/www.lflawfirm.com\/es\/wp-json\/wp\/v2\/pages"}],"about":[{"href":"https:\/\/www.lflawfirm.com\/es\/wp-json\/wp\/v2\/types\/page"}],"author":[{"embeddable":true,"href":"https:\/\/www.lflawfirm.com\/es\/wp-json\/wp\/v2\/users\/2"}],"replies":[{"embeddable":true,"href":"https:\/\/www.lflawfirm.com\/es\/wp-json\/wp\/v2\/comments?post=1125"}],"version-history":[{"count":4,"href":"https:\/\/www.lflawfirm.com\/es\/wp-json\/wp\/v2\/pages\/1125\/revisions"}],"predecessor-version":[{"id":1254,"href":"https:\/\/www.lflawfirm.com\/es\/wp-json\/wp\/v2\/pages\/1125\/revisions\/1254"}],"wp:attachment":[{"href":"https:\/\/www.lflawfirm.com\/es\/wp-json\/wp\/v2\/media?parent=1125"}],"curies":[{"name":"wp","href":"https:\/\/api.w.org\/{rel}","templated":true}]}}