{"id":1122,"date":"2024-08-05T07:22:14","date_gmt":"2024-08-05T07:22:14","guid":{"rendered":"https:\/\/www.lflawfirm.com\/?page_id=1122"},"modified":"2024-08-07T06:22:57","modified_gmt":"2024-08-07T06:22:57","slug":"tratamiento-medico-en-un-caso-de-lesiones-personales","status":"publish","type":"page","link":"https:\/\/www.lflawfirm.com\/es\/tratamiento-medico-en-un-caso-de-lesiones-personales\/","title":{"rendered":"Tratamiento M\u00e9dico en un Caso de Lesiones Personales"},"content":{"rendered":"<h1><center>Tratamiento M\u00e9dico en un Caso de Lesiones Personales<\/center><\/h1>\n<div>\n<h2><img loading=\"lazy\" decoding=\"async\" class=\"alignright size-full wp-image-1065\" src=\"https:\/\/www.lflawfirm.com\/wp-content\/uploads\/2024\/05\/Medical-Treatment-In-A-Personal-Injury-Case-2156465583.jpg\" alt=\"Tratamiento M\u00e9dico en un Caso de Lesiones Personales\" width=\"300\" height=\"300\" srcset=\"https:\/\/www.lflawfirm.com\/wp-content\/uploads\/2024\/05\/Medical-Treatment-In-A-Personal-Injury-Case-2156465583.jpg 300w, https:\/\/www.lflawfirm.com\/wp-content\/uploads\/2024\/05\/Medical-Treatment-In-A-Personal-Injury-Case-2156465583-150x150.jpg 150w\" sizes=\"auto, (max-width: 300px) 100vw, 300px\" \/>Acceso de las Compa\u00f1\u00edas de Seguros a la Historia M\u00e9dica<\/h2>\n<p>Antes de presentar una demanda, la compa\u00f1\u00eda de seguros solo tendr\u00e1 la informaci\u00f3n que se le haya proporcionado hasta ese momento. Sin embargo, una vez que se presenta una demanda, el demandado, es decir, su compa\u00f1\u00eda de seguros, tiene derecho a citar y solicitar ciertos registros m\u00e9dicos relevantes. Entonces, por ejemplo, si te resbalas, caes y te rompes el pie, la compa\u00f1\u00eda de seguros puede tener derecho a solicitar registros relacionados con cualquier condici\u00f3n o lesi\u00f3n previa en el pie. No podr\u00eda recuperar registros que no son relevantes, como tus registros de terapia o cardiolog\u00eda si tienes un caso de lesi\u00f3n en el pie.<\/p>\n<p>Las compa\u00f1\u00edas de seguros pueden \u2013 y lo hacen \u2013 usar informaci\u00f3n de estos registros como parte de su defensa. Esto a menudo tiene sentido. Volviendo a tu pie roto, si tu pie a\u00fan estaba lesionado por un accidente anterior cuando te resbalaste y ca\u00edste, tiene sentido que la defensa no sea responsable de la lesi\u00f3n preexistente. Solo son responsables de cualquier lesi\u00f3n nueva o exacerbaci\u00f3n de la lesi\u00f3n que causaron. Sin embargo, muy a menudo, la defensa intenta llevar esto demasiado lejos.<\/p>\n<p>Hay un concepto \u00fanico aqu\u00ed que vale la pena digresar ligeramente: el concepto de un demandante inusualmente susceptible o demandante \u00abc\u00e1scara de huevo\u00bb. Esta es una manera f\u00e1cil de recordar de describir el principio legal que establece que un demandado es responsable por la magnitud total de las lesiones del demandante, incluso si la condici\u00f3n preexistente o susceptibilidad del demandante lo hizo m\u00e1s propenso a la lesi\u00f3n que una persona promedio o si la lesi\u00f3n es m\u00e1s grave de lo que habr\u00eda sido para una persona sin la condici\u00f3n preexistente.<\/p>\n<p>Estas condiciones podr\u00edan ser estructurales, gen\u00e9ticas o relacionadas con una historia m\u00e9dica.<\/p>\n<p>En t\u00e9rminos legales, el demandado est\u00e1 obligado a \u00abtomar al demandante tal como lo encuentra\u00bb. Esto significa que el demandado debe compensar al demandante por el da\u00f1o real sufrido, independientemente de si la susceptibilidad del demandante a la lesi\u00f3n era conocida o previsible. Aqu\u00ed viene a la mente un pariente. Tienen un hueso extra en uno de sus pies. Si su pie fuera lesionado, podr\u00edan sufrir una lesi\u00f3n peor que la mayor\u00eda de las personas.<\/p>\n<p>O toma a los trabajadores de la construcci\u00f3n. Muchos de ellos constantemente tienen dolor de espalda. Pero un trabajador de la construcci\u00f3n que pudo haber tenido algo de dolor de espalda anterior y luego se involucra en un accidente automovil\u00edstico y experimenta un dolor agravado hasta el punto de que ya no puede trabajar? Ahora enfrentan una p\u00e9rdida significativa de salarios. Pueden haber podido trabajar antes y probablemente podr\u00edan haber durado varios a\u00f1os m\u00e1s. Pero debido al accidente automovil\u00edstico, ya no pueden trabajar, y esto puede ser el caso para el resto de su vida. Cientos de miles, si no millones de d\u00f3lares en p\u00e9rdida de salarios \u2013 perdidos.<\/p>\n<h3>Estatuto de Limitaciones<\/h3>\n<p>La mayor\u00eda de los casos de lesiones personales est\u00e1n sujetos a un estatuto de limitaciones de dos a\u00f1os. Este es el plazo que necesitas para escalar tu caso y presentar un reclamo. Si no lo haces, renuncias a cualquier recurso legal que de otro modo tendr\u00edas. Hay algunas excepciones a esta ventana de dos a\u00f1os, incluidas las instancias de negligencia m\u00e9dica. Los casos de negligencia m\u00e9dica tienen un l\u00edmite de un a\u00f1o. Otros tipos de casos, incluidos los reclamos contra los condados de la ciudad, gobiernos estatales, distritos escolares, etc., est\u00e1n limitados a un per\u00edodo de seis meses en el que necesitar\u00edas notificar al gobierno. Hay una manera especial de notificarlo tambi\u00e9n. Notificar\u00edas al gobierno de tu reclamo a trav\u00e9s de un reclamo de entidad gubernamental.<\/p>\n<p>Hay algunas circunstancias bajo las cuales los plazos pueden extenderse tambi\u00e9n. Dicho esto, siempre aconsejamos seguir los reclamos lo antes posible. <strong>Esto es quiz\u00e1s lo que menos querr\u00edas estar equivocado, as\u00ed que es importante preguntar a un abogado en lugar de confiar en tu propia investigaci\u00f3n<\/strong>.<\/p>\n<p>Las extensiones a veces pueden concederse si no sabes que has sido lesionado. Un ejemplo com\u00fan de esto es la exposici\u00f3n a un qu\u00edmico que causa una lesi\u00f3n despu\u00e9s de que ha pasado el tiempo. Otros ejemplos incluyen estar en coma, encarcelado, mentalmente incompetente, en servicio militar o ser menor de edad. Si eres menor de edad, tienes hasta dos a\u00f1os despu\u00e9s de cumplir 18 para presentar un reclamo, con ciertas excepciones como negligencia m\u00e9dica o reclamos contra el gobierno.<\/p>\n<p>Para obtener m\u00e1s informaci\u00f3n sobre el <strong>tratamiento m\u00e9dico en un caso de lesiones personales<\/strong>, una consulta inicial es tu mejor siguiente paso. Obt\u00e9n la informaci\u00f3n y las respuestas legales que est\u00e1s buscando llamando al <a href=\"tel:(415) 997-9529\"><strong>(415) 997-9529<\/strong><\/a> hoy.<\/p>\n<p><!--FAQPage Code Generated by https:\/\/saijogeorge.com\/json-ld-schema-generator\/faq\/--><\/div>\n<p><!--more--><br \/>\n<!-- {\"type\":\"layout\",\"children\":[{\"type\":\"section\",\"props\":{\"image_position\":\"center-center\",\"style\":\"default\",\"title_breakpoint\":\"xl\",\"title_position\":\"top-left\",\"title_rotation\":\"left\",\"vertical_align\":\"middle\",\"width\":\"default\"},\"children\":[{\"type\":\"row\",\"children\":[{\"type\":\"column\",\"props\":{\"image_position\":\"center-center\",\"position_sticky_breakpoint\":\"m\"},\"children\":[{\"type\":\"headline\",\"props\":{\"content\":\"<center>Tratamiento M\\u00e9dico en un Caso de Lesiones Personales<\\\/center>\",\"title_element\":\"h1\"}},{\"type\":\"text\",\"props\":{\"column_breakpoint\":\"m\",\"content\":\"\n\n<h2><img class=\\\"alignright size-full wp-image-1065\\\" src=\\\"https:\\\/\\\/www.lflawfirm.com\\\/wp-content\\\/uploads\\\/2024\\\/05\\\/Medical-Treatment-In-A-Personal-Injury-Case-2156465583.jpg\\\" alt=\\\"Tratamiento M\\u00e9dico en un Caso de Lesiones Personales\\\" width=\\\"300\\\" height=\\\"300\\\" \\\/>Acceso de las Compa\\u00f1\\u00edas de Seguros a la Historia M\\u00e9dica<\\\/h2>\\n\n\n<p>Antes de presentar una demanda, la compa\\u00f1\\u00eda de seguros solo tendr\\u00e1 la informaci\\u00f3n que se le haya proporcionado hasta ese momento. Sin embargo, una vez que se presenta una demanda, el demandado, es decir, su compa\\u00f1\\u00eda de seguros, tiene derecho a citar y solicitar ciertos registros m\\u00e9dicos relevantes. Entonces, por ejemplo, si te resbalas, caes y te rompes el pie, la compa\\u00f1\\u00eda de seguros puede tener derecho a solicitar registros relacionados con cualquier condici\\u00f3n o lesi\\u00f3n previa en el pie. No podr\\u00eda recuperar registros que no son relevantes, como tus registros de terapia o cardiolog\\u00eda si tienes un caso de lesi\\u00f3n en el pie.<\\\/p>\\n\n\n<p>Las compa\\u00f1\\u00edas de seguros pueden \\u2013 y lo hacen \\u2013 usar informaci\\u00f3n de estos registros como parte de su defensa. Esto a menudo tiene sentido. Volviendo a tu pie roto, si tu pie a\\u00fan estaba lesionado por un accidente anterior cuando te resbalaste y ca\\u00edste, tiene sentido que la defensa no sea responsable de la lesi\\u00f3n preexistente. Solo son responsables de cualquier lesi\\u00f3n nueva o exacerbaci\\u00f3n de la lesi\\u00f3n que causaron. Sin embargo, muy a menudo, la defensa intenta llevar esto demasiado lejos.<\\\/p>\\n\n\n<p>Hay un concepto \\u00fanico aqu\\u00ed que vale la pena digresar ligeramente: el concepto de un demandante inusualmente susceptible o demandante \\\"c\\u00e1scara de huevo\\\". Esta es una manera f\\u00e1cil de recordar de describir el principio legal que establece que un demandado es responsable por la magnitud total de las lesiones del demandante, incluso si la condici\\u00f3n preexistente o susceptibilidad del demandante lo hizo m\\u00e1s propenso a la lesi\\u00f3n que una persona promedio o si la lesi\\u00f3n es m\\u00e1s grave de lo que habr\\u00eda sido para una persona sin la condici\\u00f3n preexistente.<\\\/p>\\n\n\n<p>Estas condiciones podr\\u00edan ser estructurales, gen\\u00e9ticas o relacionadas con una historia m\\u00e9dica.<\\\/p>\\n\n\n<p>En t\\u00e9rminos legales, el demandado est\\u00e1 obligado a \\\"tomar al demandante tal como lo encuentra\\\". Esto significa que el demandado debe compensar al demandante por el da\\u00f1o real sufrido, independientemente de si la susceptibilidad del demandante a la lesi\\u00f3n era conocida o previsible. Aqu\\u00ed viene a la mente un pariente. Tienen un hueso extra en uno de sus pies. Si su pie fuera lesionado, podr\\u00edan sufrir una lesi\\u00f3n peor que la mayor\\u00eda de las personas.<\\\/p>\\n\n\n<p>O toma a los trabajadores de la construcci\\u00f3n. Muchos de ellos constantemente tienen dolor de espalda. Pero un trabajador de la construcci\\u00f3n que pudo haber tenido algo de dolor de espalda anterior y luego se involucra en un accidente automovil\\u00edstico y experimenta un dolor agravado hasta el punto de que ya no puede trabajar? Ahora enfrentan una p\\u00e9rdida significativa de salarios. Pueden haber podido trabajar antes y probablemente podr\\u00edan haber durado varios a\\u00f1os m\\u00e1s. Pero debido al accidente automovil\\u00edstico, ya no pueden trabajar, y esto puede ser el caso para el resto de su vida. Cientos de miles, si no millones de d\\u00f3lares en p\\u00e9rdida de salarios \\u2013 perdidos.<\\\/p>\\n\n\n<h3>Estatuto de Limitaciones<\\\/h3>\\n\n\n<p>La mayor\\u00eda de los casos de lesiones personales est\\u00e1n sujetos a un estatuto de limitaciones de dos a\\u00f1os. Este es el plazo que necesitas para escalar tu caso y presentar un reclamo. Si no lo haces, renuncias a cualquier recurso legal que de otro modo tendr\\u00edas. Hay algunas excepciones a esta ventana de dos a\\u00f1os, incluidas las instancias de negligencia m\\u00e9dica. Los casos de negligencia m\\u00e9dica tienen un l\\u00edmite de un a\\u00f1o. Otros tipos de casos, incluidos los reclamos contra los condados de la ciudad, gobiernos estatales, distritos escolares, etc., est\\u00e1n limitados a un per\\u00edodo de seis meses en el que necesitar\\u00edas notificar al gobierno. Hay una manera especial de notificarlo tambi\\u00e9n. Notificar\\u00edas al gobierno de tu reclamo a trav\\u00e9s de un reclamo de entidad gubernamental.<\\\/p>\\n\n\n<p>Hay algunas circunstancias bajo las cuales los plazos pueden extenderse tambi\\u00e9n. Dicho esto, siempre aconsejamos seguir los reclamos lo antes posible. <strong>Esto es quiz\\u00e1s lo que menos querr\\u00edas estar equivocado, as\\u00ed que es importante preguntar a un abogado en lugar de confiar en tu propia investigaci\\u00f3n<\\\/strong>.<\\\/p>\\n\n\n<p>Las extensiones a veces pueden concederse si no sabes que has sido lesionado. Un ejemplo com\\u00fan de esto es la exposici\\u00f3n a un qu\\u00edmico que causa una lesi\\u00f3n despu\\u00e9s de que ha pasado el tiempo. Otros ejemplos incluyen estar en coma, encarcelado, mentalmente incompetente, en servicio militar o ser menor de edad. Si eres menor de edad, tienes hasta dos a\\u00f1os despu\\u00e9s de cumplir 18 para presentar un reclamo, con ciertas excepciones como negligencia m\\u00e9dica o reclamos contra el gobierno.<\\\/p>\\n\n\n<p>Para obtener m\\u00e1s informaci\\u00f3n sobre el <strong>tratamiento m\\u00e9dico en un caso de lesiones personales<\\\/strong>, una consulta inicial es tu mejor siguiente paso. Obt\\u00e9n la informaci\\u00f3n y las respuestas legales que est\\u00e1s buscando llamando al <a href=\\\"tel:(415) 997-9529\\\"><strong>(415) 997-9529<\\\/strong><\\\/a> hoy.<\\\/p>\\n<!--FAQPage Code Generated by https:\\\/\\\/saijogeorge.com\\\/json-ld-schema-generator\\\/faq\\\/-->\u00ab,\u00bbmargin\u00bb:\u00bbdefault\u00bb}}]}]}],\u00bbname\u00bb:\u00bbnew page layout\u00bb}],\u00bbversion\u00bb:\u00bb4.3.2&#8243;} &#8211;><\/p>\n","protected":false},"excerpt":{"rendered":"<p>Tratamiento M\u00e9dico en un Caso de Lesiones Personales Acceso de las Compa\u00f1\u00edas de Seguros a la Historia M\u00e9dica Antes de presentar una demanda, la compa\u00f1\u00eda de seguros solo tendr\u00e1 la informaci\u00f3n que se le haya proporcionado hasta ese momento. Sin embargo, una vez que se presenta una demanda, el demandado, es decir, su compa\u00f1\u00eda de [&hellip;]<\/p>\n","protected":false},"author":2,"featured_media":0,"parent":0,"menu_order":0,"comment_status":"closed","ping_status":"closed","template":"","meta":{"_acf_changed":false,"_monsterinsights_skip_tracking":false,"_monsterinsights_sitenote_active":false,"_monsterinsights_sitenote_note":"","_monsterinsights_sitenote_category":0,"footnotes":""},"class_list":["post-1122","page","type-page","status-publish","hentry"],"acf":[],"_links":{"self":[{"href":"https:\/\/www.lflawfirm.com\/es\/wp-json\/wp\/v2\/pages\/1122","targetHints":{"allow":["GET"]}}],"collection":[{"href":"https:\/\/www.lflawfirm.com\/es\/wp-json\/wp\/v2\/pages"}],"about":[{"href":"https:\/\/www.lflawfirm.com\/es\/wp-json\/wp\/v2\/types\/page"}],"author":[{"embeddable":true,"href":"https:\/\/www.lflawfirm.com\/es\/wp-json\/wp\/v2\/users\/2"}],"replies":[{"embeddable":true,"href":"https:\/\/www.lflawfirm.com\/es\/wp-json\/wp\/v2\/comments?post=1122"}],"version-history":[{"count":4,"href":"https:\/\/www.lflawfirm.com\/es\/wp-json\/wp\/v2\/pages\/1122\/revisions"}],"predecessor-version":[{"id":1270,"href":"https:\/\/www.lflawfirm.com\/es\/wp-json\/wp\/v2\/pages\/1122\/revisions\/1270"}],"wp:attachment":[{"href":"https:\/\/www.lflawfirm.com\/es\/wp-json\/wp\/v2\/media?parent=1122"}],"curies":[{"name":"wp","href":"https:\/\/api.w.org\/{rel}","templated":true}]}}