{"id":1119,"date":"2024-08-05T07:17:04","date_gmt":"2024-08-05T07:17:04","guid":{"rendered":"https:\/\/www.lflawfirm.com\/?page_id=1119"},"modified":"2024-08-07T05:37:17","modified_gmt":"2024-08-07T05:37:17","slug":"evidencia-utilizada-en-una-demanda-por-lesiones-personales","status":"publish","type":"page","link":"https:\/\/www.lflawfirm.com\/es\/evidencia-utilizada-en-una-demanda-por-lesiones-personales\/","title":{"rendered":"Claves para la Claridad"},"content":{"rendered":"<h1><center>Claves para la Claridad<\/center><\/h1>\n<div>\n<h3><img loading=\"lazy\" decoding=\"async\" class=\"alignright size-full wp-image-1064\" src=\"https:\/\/www.lflawfirm.com\/wp-content\/uploads\/2024\/04\/Evidence-Used-In-A-Personal-Injury-Claim-431385100.jpg\" alt=\"Claves para la Claridad\" width=\"300\" height=\"300\" srcset=\"https:\/\/www.lflawfirm.com\/wp-content\/uploads\/2024\/04\/Evidence-Used-In-A-Personal-Injury-Claim-431385100.jpg 300w, https:\/\/www.lflawfirm.com\/wp-content\/uploads\/2024\/04\/Evidence-Used-In-A-Personal-Injury-Claim-431385100-150x150.jpg 150w\" sizes=\"auto, (max-width: 300px) 100vw, 300px\" \/>Pruebas Utilizadas en un Reclamo por Lesiones Personales<\/h3>\n<p>Como en cualquier tipo de caso, las pruebas juegan un papel extremadamente importante en los casos de lesiones personales. Moldean significativamente las din\u00e1micas y resultados, quiz\u00e1s m\u00e1s que cualquier otro aspecto de un caso. Si bien ciertos tipos de pruebas pueden fortalecer un caso, otros pueden debilitarlo inadvertidamente:<\/p>\n<p><strong><em>Pruebas Que Pueden Perjudicar un Caso:<\/em><\/strong><\/p>\n<ul>\n<li><strong>V\u00eddeo de Vigilancia o Sub Rosa<\/strong><\/li>\n<\/ul>\n<p>Incluso si el v\u00eddeo captura actividades que el cliente admite hacer, puede retratarlas de manera negativa, potencialmente socavando sus reclamos, especialmente si solo parece estar excediendo las recomendaciones m\u00e9dicas o participando en actividades que no son consistentes con sus lesiones reportadas. Esto puede ser algo tan simple como andar en una bicicleta de monta\u00f1a en lugar de una bicicleta que no parezca un paseo intensivo, incluso si tu m\u00e9dico te indic\u00f3 hacer ejercicio ligero.<\/p>\n<ul>\n<li><strong>Faltar a las Citas M\u00e9dicas<\/strong><\/li>\n<\/ul>\n<p>La falta de asistir a las citas m\u00e9dicas programadas puede ser perjudicial para el caso, ya que crea vac\u00edos en el registro m\u00e9dico, dificultando establecer la magnitud y los efectos continuos de la lesi\u00f3n.<\/p>\n<h3>Pruebas Que Pueden Ayudar a un Caso<\/h3>\n<p><strong>Documentaci\u00f3n Factual del Incidente<\/strong><\/p>\n<p>Recopilar relatos detallados y pruebas de c\u00f3mo se desarroll\u00f3 el incidente puede fortalecer la narrativa del cliente y respaldar sus reclamos de responsabilidad.<\/p>\n<ul>\n<li><strong>Pruebas M\u00e9dicas Diagn\u00f3sticas<\/strong><\/li>\n<\/ul>\n<p>Pruebas m\u00e9dicas objetivas como resonancias magn\u00e9ticas (MRI) pueden proporcionar documentaci\u00f3n clara de las lesiones del cliente, validando sus reclamos y estableciendo la magnitud de sus da\u00f1os.<\/p>\n<ul>\n<li><strong>Pruebas en V\u00eddeo<\/strong><\/li>\n<\/ul>\n<p>Las c\u00e1maras de salpicadero, las grabaciones de vigilancia de negocios o residencias y las c\u00e1maras integradas en los veh\u00edculos pueden proporcionar pruebas visuales cruciales de las circunstancias del accidente. Sin embargo, obtener estas pruebas de manera oportuna es esencial, ya que pueden ser eliminadas o sobrescritas relativamente pronto.<\/p>\n<p>Asegurarse de reunir y preservar las pruebas relevantes temprano en tu caso es cr\u00edtico para construir una base s\u00f3lida y maximizar las posibilidades de un resultado favorable. Un abogado de lesiones personales experimentado har\u00e1 esto por ti.<\/p>\n<h3>El Impacto de la Culpa en los Casos de Lesiones Personales<\/h3>\n<p>En los casos de lesiones personales, ser encontrado culpable, incluso si solo parcialmente, puede impactar significativamente el resultado de tu caso, alterando la cantidad de da\u00f1os que te otorguen. Los casos de lesiones personales, especialmente los accidentes automovil\u00edsticos, com\u00fanmente involucran escenarios donde la persona lesionada comparte alg\u00fan grado de culpa. Sin embargo, esto no necesariamente impide seguir adelante con el caso, ya que puede ser posible obtener una recuperaci\u00f3n significativa incluso si la persona lesionada tiene una responsabilidad parcial. Esto es especialmente cierto cuando los casos son excepcionalmente grandes.<\/p>\n<p>En algunos casos, incluso si la persona lesionada es parcialmente culpable, a\u00fan puede ser viable proceder con el caso, especialmente si hay otras partes responsables involucradas. Por ejemplo, si hay un defecto en la calle que contribuye al accidente o si los mecanismos de seguridad del auto fallan a pesar de la culpa de la persona lesionada en el accidente, otras partes como el condado o el fabricante del auto pueden ser considerados principalmente responsables de las lesiones.<\/p>\n<p>Si un jurado determina que la parte lesionada tiene una responsabilidad parcial en el accidente, los da\u00f1os otorgados al demandante se reducen proporcionalmente a su grado de culpa. Por ejemplo, si se determina que la persona lesionada tiene un 20% de culpa, sus da\u00f1os otorgados se reducir\u00e1n en un 20%.<\/p>\n<p>Aunque ser encontrado culpable puede impactar el resultado de tu caso, no necesariamente impide seguir adelante con la acci\u00f3n legal, especialmente si hay otras partes responsables involucradas. Cada caso es verdaderamente \u00fanico y requiere una evaluaci\u00f3n cuidadosa de las circunstancias para determinar el mejor curso de acci\u00f3n para buscar compensaci\u00f3n y justicia para la parte lesionada.<\/p>\n<h3>Tratar Con un Conductor Sin Seguro o con Seguro Insuficiente<\/h3>\n<p>Manejar casos de lesiones personales donde la otra parte no tiene seguro o tiene un seguro insuficiente es una tarea desafiante. Generalmente aconsejamos, en situaciones donde la persona no posee propiedad, presentar tu propia demanda. Esto se debe a que contratar un abogado, en realidad, no har\u00e1 ninguna diferencia en t\u00e9rminos de compensar el hecho de que no podr\u00e1s recuperar nada.<\/p>\n<p>Sin embargo, hay una excepci\u00f3n a esto. Si tienes seguro de automovilista sin seguro o con seguro insuficiente, entrar\u00e1 en juego si alguien m\u00e1s tiene la culpa pero no tiene suficiente (o ning\u00fan) seguro. Si recuerdas algo de este libro, que sea esto. Si no tienes seguro de automovilista sin seguro, podr\u00edas obtenerlo ahora mismo. Ser\u00e1 razonablemente asequible. Es la mejor manera de protegerte si te involucras en un accidente automovil\u00edstico con alguien que no tiene suficiente (o ning\u00fan) seguro.<\/p>\n<p><strong>Buscar Atenci\u00f3n M\u00e9dica<\/strong><\/p>\n<p>Buscar atenci\u00f3n m\u00e9dica lo antes posible despu\u00e9s de un incidente que te deje lesionado es incre\u00edblemente importante. Si no ves a un m\u00e9dico dentro de tres d\u00edas a una semana despu\u00e9s del incidente, es probable que el demandado afirme que tu lesi\u00f3n fue causada por algo diferente al incidente. Tener este lapso en el diagn\u00f3stico inicial y el cuidado hace que las cosas sean muy dif\u00edciles de refutar o superar. M\u00e1s espec\u00edficamente, el problema surge m\u00e1s tarde en tu reclamo cuando no tienes ning\u00fan registro de la lesi\u00f3n, y mucho menos la capacidad de vincularlo al incidente.<\/p>\n<p>La mentalidad de un miembro t\u00edpico del jurado es: Si est\u00e1s herido, seguir\u00eda que ir\u00edas a ver al m\u00e9dico lo antes posible. Tal vez no abrumar nuestro sistema m\u00e9dico sea lo correcto desde una perspectiva social m\u00e1s amplia, pero al mismo tiempo, simplemente necesitas la evidencia. Por natural que pueda ser para ti no correr al m\u00e9dico de inmediato si eres como tantos otros, necesitas luchar contra esta disposici\u00f3n y hacerlo tan pronto como puedas.<\/p>\n<p>Cuando lo hagas, dale al m\u00e9dico tantos detalles como puedas. Describe el dolor, d\u00f3nde se encuentra y cu\u00e1nto tiempo ha persistido. Es f\u00e1cil ignorar alg\u00fan s\u00edntoma menor que puede empeorar m\u00e1s tarde, as\u00ed que es importante documentarlo de inmediato.<\/p>\n<p>Para obtener m\u00e1s informaci\u00f3n sobre las <strong>pruebas utilizadas en un reclamo por lesiones personales<\/strong>, una consulta inicial es tu mejor siguiente paso. Obt\u00e9n la informaci\u00f3n y las respuestas legales que est\u00e1s buscando llamando al<a href=\"tel:(415) 997-9529\"><strong> (415) 997-9529<\/strong><\/a> hoy.<\/div>\n<p><!--more--><br \/>\n<!-- {\"type\":\"layout\",\"children\":[{\"type\":\"section\",\"props\":{\"image_position\":\"center-center\",\"style\":\"default\",\"title_breakpoint\":\"xl\",\"title_position\":\"top-left\",\"title_rotation\":\"left\",\"vertical_align\":\"middle\",\"width\":\"default\"},\"children\":[{\"type\":\"row\",\"children\":[{\"type\":\"column\",\"props\":{\"image_position\":\"center-center\",\"position_sticky_breakpoint\":\"m\"},\"children\":[{\"type\":\"headline\",\"props\":{\"content\":\"<center>Claves para la Claridad<\\\/center>\",\"title_element\":\"h1\"}},{\"type\":\"text\",\"props\":{\"column_breakpoint\":\"m\",\"content\":\"\n\n<h3><img class=\\\"alignright size-full wp-image-1064\\\" src=\\\"https:\\\/\\\/www.lflawfirm.com\\\/wp-content\\\/uploads\\\/2024\\\/04\\\/Evidence-Used-In-A-Personal-Injury-Claim-431385100.jpg\\\" alt=\\\"Claves para la Claridad\\\" width=\\\"300\\\" height=\\\"300\\\" \\\/>Pruebas Utilizadas en un Reclamo por Lesiones Personales<\\\/h3>\\nComo en cualquier tipo de caso, las pruebas juegan un papel extremadamente importante en los casos de lesiones personales. Moldean significativamente las din\\u00e1micas y resultados, quiz\\u00e1s m\\u00e1s que cualquier otro aspecto de un caso. Si bien ciertos tipos de pruebas pueden fortalecer un caso, otros pueden debilitarlo inadvertidamente:\\n\\n<strong><em>Pruebas Que Pueden Perjudicar un Caso:<\\\/em><\\\/strong>\\n\n\n<ul>\\n \\t\n\n<li><strong>V\\u00eddeo de Vigilancia o Sub Rosa<\\\/strong><\\\/li>\\n<\\\/ul>\\nIncluso si el v\\u00eddeo captura actividades que el cliente admite hacer, puede retratarlas de manera negativa, potencialmente socavando sus reclamos, especialmente si solo parece estar excediendo las recomendaciones m\\u00e9dicas o participando en actividades que no son consistentes con sus lesiones reportadas. Esto puede ser algo tan simple como andar en una bicicleta de monta\\u00f1a en lugar de una bicicleta que no parezca un paseo intensivo, incluso si tu m\\u00e9dico te indic\\u00f3 hacer ejercicio ligero.\\n\n\n<ul>\\n \\t\n\n<li><strong>Faltar a las Citas M\\u00e9dicas<\\\/strong><\\\/li>\\n<\\\/ul>\\nLa falta de asistir a las citas m\\u00e9dicas programadas puede ser perjudicial para el caso, ya que crea vac\\u00edos en el registro m\\u00e9dico, dificultando establecer la magnitud y los efectos continuos de la lesi\\u00f3n.\\n\n\n<h3>Pruebas Que Pueden Ayudar a un Caso<\\\/h3>\\n<strong>Documentaci\\u00f3n Factual del Incidente<\\\/strong>\\n\\nRecopilar relatos detallados y pruebas de c\\u00f3mo se desarroll\\u00f3 el incidente puede fortalecer la narrativa del cliente y respaldar sus reclamos de responsabilidad.\\n\n\n<ul>\\n \\t\n\n<li><strong>Pruebas M\\u00e9dicas Diagn\\u00f3sticas<\\\/strong><\\\/li>\\n<\\\/ul>\\nPruebas m\\u00e9dicas objetivas como resonancias magn\\u00e9ticas (MRI) pueden proporcionar documentaci\\u00f3n clara de las lesiones del cliente, validando sus reclamos y estableciendo la magnitud de sus da\\u00f1os.\\n\n\n<ul>\\n \\t\n\n<li><strong>Pruebas en V\\u00eddeo<\\\/strong><\\\/li>\\n<\\\/ul>\\nLas c\\u00e1maras de salpicadero, las grabaciones de vigilancia de negocios o residencias y las c\\u00e1maras integradas en los veh\\u00edculos pueden proporcionar pruebas visuales cruciales de las circunstancias del accidente. Sin embargo, obtener estas pruebas de manera oportuna es esencial, ya que pueden ser eliminadas o sobrescritas relativamente pronto.\\n\\nAsegurarse de reunir y preservar las pruebas relevantes temprano en tu caso es cr\\u00edtico para construir una base s\\u00f3lida y maximizar las posibilidades de un resultado favorable. Un abogado de lesiones personales experimentado har\\u00e1 esto por ti.\\n\n\n<h3>El Impacto de la Culpa en los Casos de Lesiones Personales<\\\/h3>\\nEn los casos de lesiones personales, ser encontrado culpable, incluso si solo parcialmente, puede impactar significativamente el resultado de tu caso, alterando la cantidad de da\\u00f1os que te otorguen. Los casos de lesiones personales, especialmente los accidentes automovil\\u00edsticos, com\\u00fanmente involucran escenarios donde la persona lesionada comparte alg\\u00fan grado de culpa. Sin embargo, esto no necesariamente impide seguir adelante con el caso, ya que puede ser posible obtener una recuperaci\\u00f3n significativa incluso si la persona lesionada tiene una responsabilidad parcial. Esto es especialmente cierto cuando los casos son excepcionalmente grandes.\\n\\nEn algunos casos, incluso si la persona lesionada es parcialmente culpable, a\\u00fan puede ser viable proceder con el caso, especialmente si hay otras partes responsables involucradas. Por ejemplo, si hay un defecto en la calle que contribuye al accidente o si los mecanismos de seguridad del auto fallan a pesar de la culpa de la persona lesionada en el accidente, otras partes como el condado o el fabricante del auto pueden ser considerados principalmente responsables de las lesiones.\\n\\nSi un jurado determina que la parte lesionada tiene una responsabilidad parcial en el accidente, los da\\u00f1os otorgados al demandante se reducen proporcionalmente a su grado de culpa. Por ejemplo, si se determina que la persona lesionada tiene un 20% de culpa, sus da\\u00f1os otorgados se reducir\\u00e1n en un 20%.\\n\\nAunque ser encontrado culpable puede impactar el resultado de tu caso, no necesariamente impide seguir adelante con la acci\\u00f3n legal, especialmente si hay otras partes responsables involucradas. Cada caso es verdaderamente \\u00fanico y requiere una evaluaci\\u00f3n cuidadosa de las circunstancias para determinar el mejor curso de acci\\u00f3n para buscar compensaci\\u00f3n y justicia para la parte lesionada.\\n\n\n<h3>Tratar Con un Conductor Sin Seguro o con Seguro Insuficiente<\\\/h3>\\nManejar casos de lesiones personales donde la otra parte no tiene seguro o tiene un seguro insuficiente es una tarea desafiante. Generalmente aconsejamos, en situaciones donde la persona no posee propiedad, presentar tu propia demanda. Esto se debe a que contratar un abogado, en realidad, no har\\u00e1 ninguna diferencia en t\\u00e9rminos de compensar el hecho de que no podr\\u00e1s recuperar nada.\\n\\nSin embargo, hay una excepci\\u00f3n a esto. Si tienes seguro de automovilista sin seguro o con seguro insuficiente, entrar\\u00e1 en juego si alguien m\\u00e1s tiene la culpa pero no tiene suficiente (o ning\\u00fan) seguro. Si recuerdas algo de este libro, que sea esto. Si no tienes seguro de automovilista sin seguro, podr\\u00edas obtenerlo ahora mismo. Ser\\u00e1 razonablemente asequible. Es la mejor manera de protegerte si te involucras en un accidente automovil\\u00edstico con alguien que no tiene suficiente (o ning\\u00fan) seguro.\\n\\n<strong>Buscar Atenci\\u00f3n M\\u00e9dica<\\\/strong>\\n\\nBuscar atenci\\u00f3n m\\u00e9dica lo antes posible despu\\u00e9s de un incidente que te deje lesionado es incre\\u00edblemente importante. Si no ves a un m\\u00e9dico dentro de tres d\\u00edas a una semana despu\\u00e9s del incidente, es probable que el demandado afirme que tu lesi\\u00f3n fue causada por algo diferente al incidente. Tener este lapso en el diagn\\u00f3stico inicial y el cuidado hace que las cosas sean muy dif\\u00edciles de refutar o superar. M\\u00e1s espec\\u00edficamente, el problema surge m\\u00e1s tarde en tu reclamo cuando no tienes ning\\u00fan registro de la lesi\\u00f3n, y mucho menos la capacidad de vincularlo al incidente.\\n\\nLa mentalidad de un miembro t\\u00edpico del jurado es: Si est\\u00e1s herido, seguir\\u00eda que ir\\u00edas a ver al m\\u00e9dico lo antes posible. Tal vez no abrumar nuestro sistema m\\u00e9dico sea lo correcto desde una perspectiva social m\\u00e1s amplia, pero al mismo tiempo, simplemente necesitas la evidencia. Por natural que pueda ser para ti no correr al m\\u00e9dico de inmediato si eres como tantos otros, necesitas luchar contra esta disposici\\u00f3n y hacerlo tan pronto como puedas.\\n\\nCuando lo hagas, dale al m\\u00e9dico tantos detalles como puedas. Describe el dolor, d\\u00f3nde se encuentra y cu\\u00e1nto tiempo ha persistido. Es f\\u00e1cil ignorar alg\\u00fan s\\u00edntoma menor que puede empeorar m\\u00e1s tarde, as\\u00ed que es importante documentarlo de inmediato.\\n\\nPara obtener m\\u00e1s informaci\\u00f3n sobre las <strong>pruebas utilizadas en un reclamo por lesiones personales<\\\/strong>, una consulta inicial es tu mejor siguiente paso. Obt\\u00e9n la informaci\\u00f3n y las respuestas legales que est\\u00e1s buscando llamando al<a href=\\\"tel:(415) 997-9529\\\"><strong> (415) 997-9529<\\\/strong><\\\/a> hoy.\",\"margin\":\"default\"}}]}]}],\"name\":\"new page layout\"}],\"version\":\"4.3.2\"} --><\/p>\n","protected":false},"excerpt":{"rendered":"<p>Claves para la Claridad Pruebas Utilizadas en un Reclamo por Lesiones Personales Como en cualquier tipo de caso, las pruebas juegan un papel extremadamente importante en los casos de lesiones personales. Moldean significativamente las din\u00e1micas y resultados, quiz\u00e1s m\u00e1s que cualquier otro aspecto de un caso. Si bien ciertos tipos de pruebas pueden fortalecer un [&hellip;]<\/p>\n","protected":false},"author":2,"featured_media":0,"parent":0,"menu_order":0,"comment_status":"closed","ping_status":"closed","template":"","meta":{"_acf_changed":false,"_monsterinsights_skip_tracking":false,"_monsterinsights_sitenote_active":false,"_monsterinsights_sitenote_note":"","_monsterinsights_sitenote_category":0,"footnotes":""},"class_list":["post-1119","page","type-page","status-publish","hentry"],"acf":[],"_links":{"self":[{"href":"https:\/\/www.lflawfirm.com\/es\/wp-json\/wp\/v2\/pages\/1119","targetHints":{"allow":["GET"]}}],"collection":[{"href":"https:\/\/www.lflawfirm.com\/es\/wp-json\/wp\/v2\/pages"}],"about":[{"href":"https:\/\/www.lflawfirm.com\/es\/wp-json\/wp\/v2\/types\/page"}],"author":[{"embeddable":true,"href":"https:\/\/www.lflawfirm.com\/es\/wp-json\/wp\/v2\/users\/2"}],"replies":[{"embeddable":true,"href":"https:\/\/www.lflawfirm.com\/es\/wp-json\/wp\/v2\/comments?post=1119"}],"version-history":[{"count":5,"href":"https:\/\/www.lflawfirm.com\/es\/wp-json\/wp\/v2\/pages\/1119\/revisions"}],"predecessor-version":[{"id":1243,"href":"https:\/\/www.lflawfirm.com\/es\/wp-json\/wp\/v2\/pages\/1119\/revisions\/1243"}],"wp:attachment":[{"href":"https:\/\/www.lflawfirm.com\/es\/wp-json\/wp\/v2\/media?parent=1119"}],"curies":[{"name":"wp","href":"https:\/\/api.w.org\/{rel}","templated":true}]}}