{"id":1117,"date":"2024-08-05T07:09:32","date_gmt":"2024-08-05T07:09:32","guid":{"rendered":"https:\/\/www.lflawfirm.com\/?page_id=1117"},"modified":"2024-08-07T06:11:53","modified_gmt":"2024-08-07T06:11:53","slug":"sufrir-una-lesion-en-un-accidente","status":"publish","type":"page","link":"https:\/\/www.lflawfirm.com\/es\/sufrir-una-lesion-en-un-accidente\/","title":{"rendered":"Lo B\u00e1sico"},"content":{"rendered":"<h1><center>Lo B\u00e1sico<\/center><\/h1>\n<div>\n<p><img loading=\"lazy\" decoding=\"async\" class=\"alignright size-full wp-image-1063\" src=\"https:\/\/www.lflawfirm.com\/wp-content\/uploads\/2024\/04\/Sustaining-An-Injury-In-An-Accident-2041831571.jpg\" alt=\"Sufrir una lesi\u00f3n en un accidente\" width=\"300\" height=\"300\" srcset=\"https:\/\/www.lflawfirm.com\/wp-content\/uploads\/2024\/04\/Sustaining-An-Injury-In-An-Accident-2041831571.jpg 300w, https:\/\/www.lflawfirm.com\/wp-content\/uploads\/2024\/04\/Sustaining-An-Injury-In-An-Accident-2041831571-150x150.jpg 150w\" sizes=\"auto, (max-width: 300px) 100vw, 300px\" \/><\/p>\n<h2>\u00bfQu\u00e9 es un Reclamo por Lesiones Personales?<\/h2>\n<p>En resumen, un reclamo por lesiones personales busca compensaci\u00f3n por los da\u00f1os resultantes de una lesi\u00f3n causada por la culpa de otra persona. Ahora, dentro de esto, hay diferencias importantes entre un reclamo y una demanda que deben distinguirse claramente antes de poder avanzar. Una demanda es un tipo espec\u00edfico de reclamo. No todos los reclamos conducen a demandas, sin embargo.<\/p>\n<p>Un reclamo puede dirigirse contra una compa\u00f1\u00eda de seguros o, en casos m\u00e1s raros, contra alguien involucrado en el incidente que no tiene cobertura de seguro. Recuperar da\u00f1os de individuos no asegurados puede ser extremadamente dif\u00edcil.<\/p>\n<p>Si un reclamo no resulta en una resoluci\u00f3n que satisfaga a todas las partes involucradas, puede ser necesario presentar una demanda. A veces, es prudente iniciar una acci\u00f3n legal de inmediato, mientras que en otras situaciones, intentar resolver el asunto a trav\u00e9s de un reclamo de seguro primero es m\u00e1s apropiado. Gran parte de las lesiones personales simplemente se reduce a los detalles espec\u00edficos de tu caso.<\/p>\n<p>A medida que piensas en las secuelas de tu incidente, reconoce que la complejidad y el costo aumentan una vez que presentas una demanda. Las demandas implican procedimientos judiciales, declaraciones, descubrimientos y otras formalidades legales. Por otro lado, los reclamos que no alcanzan el nivel de una demanda son relativamente simples, consistiendo solo en negociar con un ajustador de seguros.<\/p>\n<h3><em>Muerte Injusta<\/em><\/h3>\n<p>Los casos de muerte injusta son un tipo de lesiones personales, pero hay algunas caracter\u00edsticas clave que debes conocer que los distinguen. La diferencia principal entre un caso de muerte injusta y un caso de lesiones personales es obvia: en un caso de muerte injusta, la v\u00edctima de la lesi\u00f3n ya no est\u00e1 viva. Como resultado, los demandantes, o aquellos que presentan el caso, suelen ser los familiares cercanos de la persona fallecida, ya sea un c\u00f3nyuge, hijo, padre o hermano.<\/p>\n<p>Si alguien involucrado en un caso muere como resultado del incidente, la naturaleza de la demanda probablemente cambiar\u00e1 de un caso de lesiones personales a un caso de muerte injusta. Si la persona ya ha fallecido cuando se busca asesor\u00eda legal, el caso generalmente comenzar\u00eda como un caso de muerte injusta.<\/p>\n<p>En un caso de muerte injusta, el enfoque se desplaza de abordar el dolor y el sufrimiento del individuo fallecido a compensar a los familiares sobrevivientes por su p\u00e9rdida. El reclamo busca cuantificar la privaci\u00f3n experimentada por los familiares cercanos en t\u00e9rminos de cuidado, compa\u00f1\u00eda, sociedad y otro apoyo emocional y financiero que el fallecido habr\u00eda proporcionado si a\u00fan estuviera vivo.<\/p>\n<p>Aunque el incidente puede inicialmente ser perseguido como un caso de lesiones personales, la estrategia legal y los objetivos se ajustar\u00edan para reflejar las nuevas circunstancias si la persona involucrada fallece debido al incidente.<\/p>\n<h3>Probar la Negligencia<\/h3>\n<p>Probar la negligencia en casos de lesiones personales, como accidentes automovil\u00edsticos o incidentes de responsabilidad de locales, se basa en demostrar que la parte responsable actu\u00f3 por debajo del est\u00e1ndar de cuidado esperado de una persona razonable en circunstancias similares y, por lo tanto, caus\u00f3 la lesi\u00f3n en cuesti\u00f3n. Este es el meollo de cualquier caso de lesiones personales y, a menudo, la tarea m\u00e1s desafiante que los abogados deben abordar. Sin ninguna exposici\u00f3n al derecho de lesiones personales, puede que pienses comprensiblemente que esto no es tan complicado como los abogados pueden estereot\u00edpicamente hacerte creer, pero conf\u00eda en nosotros. Estos problemas pueden complicarse r\u00e1pidamente.<\/p>\n<p>Para los casos de accidentes automovil\u00edsticos, la negligencia a menudo implica violaciones de las leyes de tr\u00e1fico o conducir de una manera que es menos segura de lo que har\u00eda una persona razonable. Esto puede incluir acciones como exceso de velocidad, saltarse sem\u00e1foros en rojo o no ceder el derecho de paso. Pero puede haber otros factores en juego donde, incluso si eres culpable de romper las reglas de la carretera, puede que una se\u00f1al no haya sido exhibida correctamente, lo que significa que los dise\u00f1adores de la carretera tambi\u00e9n podr\u00edan tener la culpa.<\/p>\n<p>En casos de responsabilidad de locales, como accidentes por resbalones y ca\u00eddas, la negligencia se determina si el propietario o administrador de la propiedad mantuvo la propiedad en un est\u00e1ndar inferior al que lo har\u00eda una persona razonable. Por ejemplo, si una tienda de comestibles deja un derrame sin atender, causando que alguien se resbale, pueden ser considerados negligentes. Adem\u00e1s, se debe demostrar que el propietario de la propiedad ten\u00eda conocimiento real o constructivo del peligro y no lo abord\u00f3 de manera oportuna.<\/p>\n<p>El primer paso importante que tomamos para asegurar el mejor resultado posible para nuestros clientes es realizar una investigaci\u00f3n exhaustiva del incidente. Al hacer esto, podemos obtener una imagen de c\u00f3mo ocurri\u00f3 y, por lo tanto, qui\u00e9n es probablemente responsable. Igualmente importante es asegurarse de que sigas cualquier tratamiento m\u00e9dico y cumplas con las recomendaciones de tus profesionales de la salud. Hacer esto no solo aumenta tus posibilidades de curaci\u00f3n, sino que tambi\u00e9n establece un registro claro de tus lesiones y fortalece tu caso, especialmente si progresa a una demanda.<\/p>\n<p>Cada caso es \u00fanico, y la negligencia debe probarse en funci\u00f3n de los hechos y circunstancias espec\u00edficos involucrados. Aunque los accidentes automovil\u00edsticos y la responsabilidad de locales son \u00e1reas comunes de casos de lesiones personales, cualquier situaci\u00f3n que resulte en una lesi\u00f3n debido a la falta de alguien de cumplir con el est\u00e1ndar de cuidado podr\u00eda involucrar negligencia. En \u00faltima instancia, si no se puede llegar a un acuerdo, un jurado decidir\u00e1 sobre la negligencia en funci\u00f3n de las pruebas presentadas durante el juicio.<\/p>\n<h3>Viabilidad del Caso<\/h3>\n<p>Hemos desarrollado un sexto sentido, por as\u00ed decirlo, cuando se trata de discernir la viabilidad de un caso. Hemos estado haciendo esto durante tanto tiempo y con tanta pasi\u00f3n que nos sale de manera natural en este punto. Cuando un cliente nos cuenta su historia, si hay negligencia \u2013 tal como la define la ley \u2013 salta a la vista.<\/p>\n<p>No obstante, cuando se trata de cu\u00e1n viable y fuerte puede ser un caso, lo m\u00e1s importante que buscamos es c\u00f3mo las lesiones impactaron la vida de nuestro cliente. Dependiendo de cu\u00e1n graves sean los da\u00f1os, incluidas las lesiones, tu vida puede verse trastornada, causando un cambio de carrera. Incluso si las cosas no llegan tan lejos, podr\u00edas sufrir una p\u00e9rdida de salarios junto con la acumulaci\u00f3n de una avalancha de facturas m\u00e9dicas.<\/p>\n<p>No se puede ignorar el lado pr\u00e1ctico de los casos de lesiones personales. Dicho esto, la posibilidad de cobro, es decir, si existe la posibilidad de obtener realmente un resultado en un caso, es un factor importante que tambi\u00e9n determina la viabilidad. Desafortunadamente, hay innumerables conductores sin seguro o con seguro insuficiente en las carreteras. Lo peor es que la ley establece la cantidad m\u00ednima de seguro, que ahora es solo $15,000. La buena noticia es que una ley reciente que aumentar\u00e1 el requisito m\u00ednimo de seguro en el futuro. Para muchos casos de lesiones, los da\u00f1os son mayores de $15,000.<\/p>\n<p>Si alguien involucrado en un incidente no tiene seguro, es extremadamente dif\u00edcil recuperar algo de ellos. No es ideal, pero la realidad es que la mayor\u00eda de las personas no tienen mucho dinero para recuperar, y aquellos que s\u00ed tienen saben c\u00f3mo gastar parte de \u00e9l para esconder o proteger el resto.<\/p>\n<h3>Cu\u00e1ndo Contratar a un Abogado de Lesiones Personales Experimentado<\/h3>\n<p>No dejes que esta realidad que acabamos de describir te asuste de la idea de buscar un abogado: a\u00fan debes obtener la mayor compensaci\u00f3n posible por tus lesiones, y contactar a un abogado es vital para hacerlo en la gran mayor\u00eda de los casos relacionados con lesiones personales. Pero puede que te preguntes cu\u00e1ndo es el momento ideal para hacerlo. Esto es algo perfectamente natural para preguntarse. Nuestra respuesta simple es esta: tan pronto como te des cuenta de que podr\u00edas tener un reclamo.<\/p>\n<p>Actuar r\u00e1pidamente es clave. Despu\u00e9s de sufrir una lesi\u00f3n en un accidente, incluso si la magnitud total de tus lesiones no es clara de inmediato, contactar a un abogado temprano permite una evaluaci\u00f3n y orientaci\u00f3n adecuadas. En muchos casos de lesiones personales, hay un estatuto de limitaciones, a menudo dos a\u00f1os para la mayor\u00eda de los reclamos de lesiones y per\u00edodos a\u00fan m\u00e1s cortos para ciertos tipos como negligencia m\u00e9dica o casos contra entidades gubernamentales.<\/p>\n<p>Dadas estas limitaciones de tiempo, es aconsejable contactar a un abogado con suficiente anticipaci\u00f3n a estos plazos. Esperar hasta el \u00faltimo minuto puede limitar la capacidad del abogado para evaluar adecuadamente tu caso y presentar la documentaci\u00f3n necesaria dentro del plazo requerido. Por lo tanto, la acci\u00f3n r\u00e1pida es absolutamente crucial para proteger tus derechos y buscar una compensaci\u00f3n justa por tus lesiones.<\/p>\n<p>Para obtener m\u00e1s informaci\u00f3n sobre c\u00f3mo <strong>sostener una lesi\u00f3n en un accidente<\/strong>, una consulta inicial es tu mejor siguiente paso. Obt\u00e9n la informaci\u00f3n y las respuestas legales que est\u00e1s buscando llamando al <a href=\"http:\/\/te;:(415) 997-9529\"><strong>(415) 997-9529<\/strong><\/a> hoy.<\/p>\n<p><!--FAQPage Code Generated by https:\/\/saijogeorge.com\/json-ld-schema-generator\/faq\/--><\/div>\n<p><!--more--><br \/>\n<!-- {\"type\":\"layout\",\"children\":[{\"type\":\"section\",\"props\":{\"image_position\":\"center-center\",\"style\":\"default\",\"title_breakpoint\":\"xl\",\"title_position\":\"top-left\",\"title_rotation\":\"left\",\"vertical_align\":\"middle\",\"width\":\"default\"},\"children\":[{\"type\":\"row\",\"children\":[{\"type\":\"column\",\"props\":{\"image_position\":\"center-center\",\"position_sticky_breakpoint\":\"m\"},\"children\":[{\"type\":\"headline\",\"props\":{\"content\":\"<center>Lo B\\u00e1sico<\\\/center>\",\"title_element\":\"h1\"}},{\"type\":\"text\",\"props\":{\"column_breakpoint\":\"m\",\"content\":\"\n\n<p><img class=\\\"alignright size-full wp-image-1063\\\" src=\\\"https:\\\/\\\/www.lflawfirm.com\\\/wp-content\\\/uploads\\\/2024\\\/04\\\/Sustaining-An-Injury-In-An-Accident-2041831571.jpg\\\" alt=\\\"Sufrir una lesi\\u00f3n en un accidente\\\" width=\\\"300\\\" height=\\\"300\\\" \\\/><\\\/p>\\n\n\n<h2>\\u00bfQu\\u00e9 es un Reclamo por Lesiones Personales?<\\\/h2>\\n\n\n<p>En resumen, un reclamo por lesiones personales busca compensaci\\u00f3n por los da\\u00f1os resultantes de una lesi\\u00f3n causada por la culpa de otra persona. Ahora, dentro de esto, hay diferencias importantes entre un reclamo y una demanda que deben distinguirse claramente antes de poder avanzar. Una demanda es un tipo espec\\u00edfico de reclamo. No todos los reclamos conducen a demandas, sin embargo.<\\\/p>\\n\n\n<p>Un reclamo puede dirigirse contra una compa\\u00f1\\u00eda de seguros o, en casos m\\u00e1s raros, contra alguien involucrado en el incidente que no tiene cobertura de seguro. Recuperar da\\u00f1os de individuos no asegurados puede ser extremadamente dif\\u00edcil.<\\\/p>\\n\n\n<p>Si un reclamo no resulta en una resoluci\\u00f3n que satisfaga a todas las partes involucradas, puede ser necesario presentar una demanda. A veces, es prudente iniciar una acci\\u00f3n legal de inmediato, mientras que en otras situaciones, intentar resolver el asunto a trav\\u00e9s de un reclamo de seguro primero es m\\u00e1s apropiado. Gran parte de las lesiones personales simplemente se reduce a los detalles espec\\u00edficos de tu caso.<\\\/p>\\n\n\n<p>A medida que piensas en las secuelas de tu incidente, reconoce que la complejidad y el costo aumentan una vez que presentas una demanda. Las demandas implican procedimientos judiciales, declaraciones, descubrimientos y otras formalidades legales. Por otro lado, los reclamos que no alcanzan el nivel de una demanda son relativamente simples, consistiendo solo en negociar con un ajustador de seguros.<\\\/p>\\n\n\n<h3><em>Muerte Injusta<\\\/em><\\\/h3>\\n\n\n<p>Los casos de muerte injusta son un tipo de lesiones personales, pero hay algunas caracter\\u00edsticas clave que debes conocer que los distinguen. La diferencia principal entre un caso de muerte injusta y un caso de lesiones personales es obvia: en un caso de muerte injusta, la v\\u00edctima de la lesi\\u00f3n ya no est\\u00e1 viva. Como resultado, los demandantes, o aquellos que presentan el caso, suelen ser los familiares cercanos de la persona fallecida, ya sea un c\\u00f3nyuge, hijo, padre o hermano.<\\\/p>\\n\n\n<p>Si alguien involucrado en un caso muere como resultado del incidente, la naturaleza de la demanda probablemente cambiar\\u00e1 de un caso de lesiones personales a un caso de muerte injusta. Si la persona ya ha fallecido cuando se busca asesor\\u00eda legal, el caso generalmente comenzar\\u00eda como un caso de muerte injusta.<\\\/p>\\n\n\n<p>En un caso de muerte injusta, el enfoque se desplaza de abordar el dolor y el sufrimiento del individuo fallecido a compensar a los familiares sobrevivientes por su p\\u00e9rdida. El reclamo busca cuantificar la privaci\\u00f3n experimentada por los familiares cercanos en t\\u00e9rminos de cuidado, compa\\u00f1\\u00eda, sociedad y otro apoyo emocional y financiero que el fallecido habr\\u00eda proporcionado si a\\u00fan estuviera vivo.<\\\/p>\\n\n\n<p>Aunque el incidente puede inicialmente ser perseguido como un caso de lesiones personales, la estrategia legal y los objetivos se ajustar\\u00edan para reflejar las nuevas circunstancias si la persona involucrada fallece debido al incidente.<\\\/p>\\n\n\n<h3>Probar la Negligencia<\\\/h3>\\n\n\n<p>Probar la negligencia en casos de lesiones personales, como accidentes automovil\\u00edsticos o incidentes de responsabilidad de locales, se basa en demostrar que la parte responsable actu\\u00f3 por debajo del est\\u00e1ndar de cuidado esperado de una persona razonable en circunstancias similares y, por lo tanto, caus\\u00f3 la lesi\\u00f3n en cuesti\\u00f3n. Este es el meollo de cualquier caso de lesiones personales y, a menudo, la tarea m\\u00e1s desafiante que los abogados deben abordar. Sin ninguna exposici\\u00f3n al derecho de lesiones personales, puede que pienses comprensiblemente que esto no es tan complicado como los abogados pueden estereot\\u00edpicamente hacerte creer, pero conf\\u00eda en nosotros. Estos problemas pueden complicarse r\\u00e1pidamente.<\\\/p>\\n\n\n<p>Para los casos de accidentes automovil\\u00edsticos, la negligencia a menudo implica violaciones de las leyes de tr\\u00e1fico o conducir de una manera que es menos segura de lo que har\\u00eda una persona razonable. Esto puede incluir acciones como exceso de velocidad, saltarse sem\\u00e1foros en rojo o no ceder el derecho de paso. Pero puede haber otros factores en juego donde, incluso si eres culpable de romper las reglas de la carretera, puede que una se\\u00f1al no haya sido exhibida correctamente, lo que significa que los dise\\u00f1adores de la carretera tambi\\u00e9n podr\\u00edan tener la culpa.<\\\/p>\\n\n\n<p>En casos de responsabilidad de locales, como accidentes por resbalones y ca\\u00eddas, la negligencia se determina si el propietario o administrador de la propiedad mantuvo la propiedad en un est\\u00e1ndar inferior al que lo har\\u00eda una persona razonable. Por ejemplo, si una tienda de comestibles deja un derrame sin atender, causando que alguien se resbale, pueden ser considerados negligentes. Adem\\u00e1s, se debe demostrar que el propietario de la propiedad ten\\u00eda conocimiento real o constructivo del peligro y no lo abord\\u00f3 de manera oportuna.<\\\/p>\\n\n\n<p>El primer paso importante que tomamos para asegurar el mejor resultado posible para nuestros clientes es realizar una investigaci\\u00f3n exhaustiva del incidente. Al hacer esto, podemos obtener una imagen de c\\u00f3mo ocurri\\u00f3 y, por lo tanto, qui\\u00e9n es probablemente responsable. Igualmente importante es asegurarse de que sigas cualquier tratamiento m\\u00e9dico y cumplas con las recomendaciones de tus profesionales de la salud. Hacer esto no solo aumenta tus posibilidades de curaci\\u00f3n, sino que tambi\\u00e9n establece un registro claro de tus lesiones y fortalece tu caso, especialmente si progresa a una demanda.<\\\/p>\\n\n\n<p>Cada caso es \\u00fanico, y la negligencia debe probarse en funci\\u00f3n de los hechos y circunstancias espec\\u00edficos involucrados. Aunque los accidentes automovil\\u00edsticos y la responsabilidad de locales son \\u00e1reas comunes de casos de lesiones personales, cualquier situaci\\u00f3n que resulte en una lesi\\u00f3n debido a la falta de alguien de cumplir con el est\\u00e1ndar de cuidado podr\\u00eda involucrar negligencia. En \\u00faltima instancia, si no se puede llegar a un acuerdo, un jurado decidir\\u00e1 sobre la negligencia en funci\\u00f3n de las pruebas presentadas durante el juicio.<\\\/p>\\n\n\n<h3>Viabilidad del Caso<\\\/h3>\\n\n\n<p>Hemos desarrollado un sexto sentido, por as\\u00ed decirlo, cuando se trata de discernir la viabilidad de un caso. Hemos estado haciendo esto durante tanto tiempo y con tanta pasi\\u00f3n que nos sale de manera natural en este punto. Cuando un cliente nos cuenta su historia, si hay negligencia \\u2013 tal como la define la ley \\u2013 salta a la vista.<\\\/p>\\n\n\n<p>No obstante, cuando se trata de cu\\u00e1n viable y fuerte puede ser un caso, lo m\\u00e1s importante que buscamos es c\\u00f3mo las lesiones impactaron la vida de nuestro cliente. Dependiendo de cu\\u00e1n graves sean los da\\u00f1os, incluidas las lesiones, tu vida puede verse trastornada, causando un cambio de carrera. Incluso si las cosas no llegan tan lejos, podr\\u00edas sufrir una p\\u00e9rdida de salarios junto con la acumulaci\\u00f3n de una avalancha de facturas m\\u00e9dicas.<\\\/p>\\n\n\n<p>No se puede ignorar el lado pr\\u00e1ctico de los casos de lesiones personales. Dicho esto, la posibilidad de cobro, es decir, si existe la posibilidad de obtener realmente un resultado en un caso, es un factor importante que tambi\\u00e9n determina la viabilidad. Desafortunadamente, hay innumerables conductores sin seguro o con seguro insuficiente en las carreteras. Lo peor es que la ley establece la cantidad m\\u00ednima de seguro, que ahora es solo $15,000. La buena noticia es que una ley reciente que aumentar\\u00e1 el requisito m\\u00ednimo de seguro en el futuro. Para muchos casos de lesiones, los da\\u00f1os son mayores de $15,000.<\\\/p>\\n\n\n<p>Si alguien involucrado en un incidente no tiene seguro, es extremadamente dif\\u00edcil recuperar algo de ellos. No es ideal, pero la realidad es que la mayor\\u00eda de las personas no tienen mucho dinero para recuperar, y aquellos que s\\u00ed tienen saben c\\u00f3mo gastar parte de \\u00e9l para esconder o proteger el resto.<\\\/p>\\n\n\n<h3>Cu\\u00e1ndo Contratar a un Abogado de Lesiones Personales Experimentado<\\\/h3>\\n\n\n<p>No dejes que esta realidad que acabamos de describir te asuste de la idea de buscar un abogado: a\\u00fan debes obtener la mayor compensaci\\u00f3n posible por tus lesiones, y contactar a un abogado es vital para hacerlo en la gran mayor\\u00eda de los casos relacionados con lesiones personales. Pero puede que te preguntes cu\\u00e1ndo es el momento ideal para hacerlo. Esto es algo perfectamente natural para preguntarse. Nuestra respuesta simple es esta: tan pronto como te des cuenta de que podr\\u00edas tener un reclamo.<\\\/p>\\n\n\n<p>Actuar r\\u00e1pidamente es clave. Despu\\u00e9s de sufrir una lesi\\u00f3n en un accidente, incluso si la magnitud total de tus lesiones no es clara de inmediato, contactar a un abogado temprano permite una evaluaci\\u00f3n y orientaci\\u00f3n adecuadas. En muchos casos de lesiones personales, hay un estatuto de limitaciones, a menudo dos a\\u00f1os para la mayor\\u00eda de los reclamos de lesiones y per\\u00edodos a\\u00fan m\\u00e1s cortos para ciertos tipos como negligencia m\\u00e9dica o casos contra entidades gubernamentales.<\\\/p>\\n\n\n<p>Dadas estas limitaciones de tiempo, es aconsejable contactar a un abogado con suficiente anticipaci\\u00f3n a estos plazos. Esperar hasta el \\u00faltimo minuto puede limitar la capacidad del abogado para evaluar adecuadamente tu caso y presentar la documentaci\\u00f3n necesaria dentro del plazo requerido. Por lo tanto, la acci\\u00f3n r\\u00e1pida es absolutamente crucial para proteger tus derechos y buscar una compensaci\\u00f3n justa por tus lesiones.<\\\/p>\\n\n\n<p>Para obtener m\\u00e1s informaci\\u00f3n sobre c\\u00f3mo <strong>sostener una lesi\\u00f3n en un accidente<\\\/strong>, una consulta inicial es tu mejor siguiente paso. Obt\\u00e9n la informaci\\u00f3n y las respuestas legales que est\\u00e1s buscando llamando al <a href=\\\"http:\\\/\\\/te;:(415) 997-9529\\\"><strong>(415) 997-9529<\\\/strong><\\\/a> hoy.<\\\/p>\\n<!--FAQPage Code Generated by https:\\\/\\\/saijogeorge.com\\\/json-ld-schema-generator\\\/faq\\\/-->\u00ab,\u00bbmargin\u00bb:\u00bbdefault\u00bb}}]}]}],\u00bbname\u00bb:\u00bbnew page layout\u00bb}],\u00bbversion\u00bb:\u00bb4.3.2&#8243;} &#8211;><\/p>\n","protected":false},"excerpt":{"rendered":"<p>Lo B\u00e1sico \u00bfQu\u00e9 es un Reclamo por Lesiones Personales? En resumen, un reclamo por lesiones personales busca compensaci\u00f3n por los da\u00f1os resultantes de una lesi\u00f3n causada por la culpa de otra persona. Ahora, dentro de esto, hay diferencias importantes entre un reclamo y una demanda que deben distinguirse claramente antes de poder avanzar. Una demanda [&hellip;]<\/p>\n","protected":false},"author":2,"featured_media":0,"parent":0,"menu_order":0,"comment_status":"closed","ping_status":"closed","template":"","meta":{"_acf_changed":false,"_monsterinsights_skip_tracking":false,"_monsterinsights_sitenote_active":false,"_monsterinsights_sitenote_note":"","_monsterinsights_sitenote_category":0,"footnotes":""},"class_list":["post-1117","page","type-page","status-publish","hentry"],"acf":[],"_links":{"self":[{"href":"https:\/\/www.lflawfirm.com\/es\/wp-json\/wp\/v2\/pages\/1117","targetHints":{"allow":["GET"]}}],"collection":[{"href":"https:\/\/www.lflawfirm.com\/es\/wp-json\/wp\/v2\/pages"}],"about":[{"href":"https:\/\/www.lflawfirm.com\/es\/wp-json\/wp\/v2\/types\/page"}],"author":[{"embeddable":true,"href":"https:\/\/www.lflawfirm.com\/es\/wp-json\/wp\/v2\/users\/2"}],"replies":[{"embeddable":true,"href":"https:\/\/www.lflawfirm.com\/es\/wp-json\/wp\/v2\/comments?post=1117"}],"version-history":[{"count":3,"href":"https:\/\/www.lflawfirm.com\/es\/wp-json\/wp\/v2\/pages\/1117\/revisions"}],"predecessor-version":[{"id":1262,"href":"https:\/\/www.lflawfirm.com\/es\/wp-json\/wp\/v2\/pages\/1117\/revisions\/1262"}],"wp:attachment":[{"href":"https:\/\/www.lflawfirm.com\/es\/wp-json\/wp\/v2\/media?parent=1117"}],"curies":[{"name":"wp","href":"https:\/\/api.w.org\/{rel}","templated":true}]}}