{"id":1107,"date":"2024-08-05T06:37:11","date_gmt":"2024-08-05T06:37:11","guid":{"rendered":"https:\/\/www.lflawfirm.com\/?page_id=1107"},"modified":"2024-08-06T12:45:14","modified_gmt":"2024-08-06T12:45:14","slug":"reclamos-por-lesiones-por-accidentes-de-motocicleta-en-california","status":"publish","type":"page","link":"https:\/\/www.lflawfirm.com\/es\/reclamos-por-lesiones-por-accidentes-de-motocicleta-en-california\/","title":{"rendered":"\u00bfHas tenido un accidente en motocicleta en California? Aqu\u00ed te mostramos c\u00f3mo obtener compensaci\u00f3n por lesiones personales."},"content":{"rendered":"<h1><center>\u00bfHas tenido un accidente en motocicleta en California? Aqu\u00ed te mostramos c\u00f3mo obtener compensaci\u00f3n por lesiones personales.<\/center><\/h1>\n<div><img loading=\"lazy\" decoding=\"async\" class=\"alignright size-full wp-image-1015\" src=\"https:\/\/www.lflawfirm.com\/wp-content\/uploads\/2023\/12\/678571276.jpg\" alt=\"\u00bfHas tenido un accidente en motocicleta en California? Aqu\u00ed te mostramos c\u00f3mo obtener compensaci\u00f3n por lesiones personales.\" width=\"300\" height=\"300\" srcset=\"https:\/\/www.lflawfirm.com\/wp-content\/uploads\/2023\/12\/678571276.jpg 300w, https:\/\/www.lflawfirm.com\/wp-content\/uploads\/2023\/12\/678571276-150x150.jpg 150w\" sizes=\"auto, (max-width: 300px) 100vw, 300px\" \/>A medida que m\u00e1s y m\u00e1s motocicletas se unen a autom\u00f3viles y camiones en las carreteras de California, existe el peligro inevitable de accidentes. Debido a la menor cantidad de protecci\u00f3n y la diferencia de peso, los motociclistas son m\u00e1s propensos a sufrir lesiones graves o catastr\u00f3ficas. Peor a\u00fan, las compa\u00f1\u00edas de seguros a menudo intentar\u00e1n negarte la tan necesaria compensaci\u00f3n por lesiones personales despu\u00e9s de tales accidentes. En este art\u00edculo, cubriremos temas como:<\/p>\n<ul>\n<li>Las verdaderas causas de los accidentes y lesiones de motocicletas en las carreteras de California.<\/li>\n<li>Las t\u00e1cticas y estrategias que utilizan las compa\u00f1\u00edas de seguros para negar, desestimar o retrasar los reclamos por lesiones personales.<\/li>\n<li>C\u00f3mo las acusaciones de culpa y responsabilidad pueden afectar tu compensaci\u00f3n por lesiones personales.<\/li>\n<\/ul>\n<h2>\u00bfCu\u00e1les Son las Causas M\u00e1s Comunes de Accidentes de Motocicleta que Ocurren en el Sur de California?<\/h2>\n<p>La gente a menudo tiene la percepci\u00f3n de que las motocicletas son m\u00e1s propensas a accidentes que los autom\u00f3viles, pero la realidad es que los accidentes de motocicleta son causados con mayor frecuencia por los autom\u00f3viles.<\/p>\n<p>M\u00e1s espec\u00edficamente, son causados por conductores que no se fijan en las motocicletas porque son m\u00e1s peque\u00f1as o no est\u00e1n acostumbrados a pensar en ellas. Como resultado, cambiar\u00e1n de carril hacia una motocicleta, y donde un autom\u00f3vil puede recibir un golpe leve sin incidentes graves, una motocicleta no puede. Es f\u00e1cil sacar a las motocicletas de la carretera, y cuando caen, los motociclistas tienden a sufrir lesiones m\u00e1s graves.<\/p>\n<p>Otros incidentes que se ven frecuentemente en las carreteras de California se deben principalmente a la falta de atenci\u00f3n o negligencia del conductor, como hacer un giro en U o girar a la izquierda frente a una motocicleta, cort\u00e1ndoles el paso. Sin embargo, esta percepci\u00f3n de que los motociclistas son temerarios o de que las motocicletas son inherentemente inseguras tambi\u00e9n es utilizada por las compa\u00f1\u00edas de seguros en contra de los motociclistas lesionados que solo intentan obtener una compensaci\u00f3n por lesiones personales para cubrir sus costos m\u00e9dicos, tiempo perdido en el trabajo y da\u00f1os sufridos.<\/p>\n<h2>\u00bfCu\u00e1les son las Estrategias de Defensa Comunes que Utilizan las Compa\u00f1\u00edas de Seguros para Negar o Limitar los Reclamos por Lesiones Personales Presentados por V\u00edctimas de Accidentes de Motocicleta?<\/h2>\n<p>Desafortunadamente, muchas personas tienen prejuicios contra los conductores de motocicletas y creen falsamente que son m\u00e1s imprudentes o que conducen de manera m\u00e1s peligrosa. Esto es ir\u00f3nico, dado que la principal causa de los accidentes de motocicleta es el comportamiento de los autom\u00f3viles en la carretera.<\/p>\n<p>Desafortunadamente, muchas personas tienen prejuicios contra los conductores de motocicletas y creen falsamente que son m\u00e1s imprudentes o que conducen de manera m\u00e1s peligrosa. Esto es ir\u00f3nico, dado que la principal causa de los accidentes de motocicleta es el comportamiento de los autom\u00f3viles en la carretera.<\/p>\n<p>Esto es tr\u00e1gico porque, debido a la falta de protecci\u00f3n, las lesiones y da\u00f1os tienden a ser mayores en los casos de motocicletas.<\/p>\n<h2>Tuve Parte de la Culpa en el Accidente de Motocicleta que Caus\u00f3 mis Lesiones. \u00bfReducir\u00e1 Eso la Compensaci\u00f3n que Puedo Recuperar en un Caso de Lesiones Personales?<\/h2>\n<p>Desafortunadamente, si realmente contribuiste al accidente, eso tendr\u00e1 un impacto negativo en tu compensaci\u00f3n total. Esto se debe a que California es un estado de culpa comparativa. En otras palabras, la parte del valor total de tu reclamo que realmente recibas se reducir\u00e1 por tu porcentaje de culpa.<\/p>\n<p>Sin embargo, esto solo se aplica si realmente tienes parte de la culpa. Simplemente estar en una motocicleta no te hace responsable del accidente que caus\u00f3 tus lesiones, sin importar lo que argumente un ajustador de seguros o abogado. En resumen: solo si infringiste algunas leyes o reglas de la carretera o condujiste de manera particularmente imprudente o negligente, se te puede atribuir parte de la culpa.<\/p>\n<h2>\u00bfC\u00f3mo Puede Ayudarme un Abogado de Accidentes de Motocicleta del Sur de California con mi Caso?<\/h2>\n<p>Debido a las complejidades de cualquier caso de lesiones personales, siempre es recomendable contratar a un abogado. Pero esto es doblemente cierto para los reclamos por lesiones personales en accidentes de motocicleta, por todas las razones mencionadas anteriormente.<\/p>\n<p>Es imperativo tener un abogado de tu lado para ayudar a gestionar el reclamo, construir un caso s\u00f3lido para tu compensaci\u00f3n, calcular su valor y negociar con la compa\u00f1\u00eda de seguros o argumentar tu caso frente a un jurado.<\/p>\n<p>Debido a las especificidades de los casos de lesiones personales en accidentes de motocicleta, quieres un abogado que tenga un historial de superar esos prejuicios y lograr reclamos exitosos por accidentes de motocicleta.<\/p>\n<p>Para obtener m\u00e1s informaci\u00f3n sobre <strong>Reclamos por Lesiones en Accidentes de Motocicleta en California<\/strong>, una consulta inicial es tu mejor paso. Obt\u00e9n la informaci\u00f3n y respuestas legales que buscas llamando al <a href=\"tel:(415) 997-9529\"><strong>(415) 997-9529<\/strong><\/a> hoy.<\/div>\n<p><!--more--><br \/>\n<!-- {\"type\":\"layout\",\"children\":[{\"type\":\"section\",\"props\":{\"image_position\":\"center-center\",\"style\":\"default\",\"title_breakpoint\":\"xl\",\"title_position\":\"top-left\",\"title_rotation\":\"left\",\"vertical_align\":\"middle\",\"width\":\"default\"},\"children\":[{\"type\":\"row\",\"children\":[{\"type\":\"column\",\"props\":{\"image_position\":\"center-center\",\"position_sticky_breakpoint\":\"m\"},\"children\":[{\"type\":\"headline\",\"props\":{\"content\":\"<center>\\u00bfHas tenido un accidente en motocicleta en California? Aqu\\u00ed te mostramos c\\u00f3mo obtener compensaci\\u00f3n por lesiones personales.<\\\/center>\",\"title_element\":\"h1\"}},{\"type\":\"text\",\"props\":{\"column_breakpoint\":\"m\",\"content\":\"<img class=\\\"alignright size-full wp-image-1015\\\" src=\\\"https:\\\/\\\/www.lflawfirm.com\\\/wp-content\\\/uploads\\\/2023\\\/12\\\/678571276.jpg\\\" alt=\\\"\\u00bfHas tenido un accidente en motocicleta en California? Aqu\\u00ed te mostramos c\\u00f3mo obtener compensaci\\u00f3n por lesiones personales.\\\" width=\\\"300\\\" height=\\\"300\\\" \\\/>A medida que m\\u00e1s y m\\u00e1s motocicletas se unen a autom\\u00f3viles y camiones en las carreteras de California, existe el peligro inevitable de accidentes. Debido a la menor cantidad de protecci\\u00f3n y la diferencia de peso, los motociclistas son m\\u00e1s propensos a sufrir lesiones graves o catastr\\u00f3ficas. Peor a\\u00fan, las compa\\u00f1\\u00edas de seguros a menudo intentar\\u00e1n negarte la tan necesaria compensaci\\u00f3n por lesiones personales despu\\u00e9s de tales accidentes. En este art\\u00edculo, cubriremos temas como:\\n\n\n<ul>\\n \\t\n\n<li>Las verdaderas causas de los accidentes y lesiones de motocicletas en las carreteras de California.<\\\/li>\\n \\t\n\n<li>Las t\\u00e1cticas y estrategias que utilizan las compa\\u00f1\\u00edas de seguros para negar, desestimar o retrasar los reclamos por lesiones personales.<\\\/li>\\n \\t\n\n<li>C\\u00f3mo las acusaciones de culpa y responsabilidad pueden afectar tu compensaci\\u00f3n por lesiones personales.<\\\/li>\\n<\\\/ul>\\n\n\n<h2>\\u00bfCu\\u00e1les Son las Causas M\\u00e1s Comunes de Accidentes de Motocicleta que Ocurren en el Sur de California?<\\\/h2>\\nLa gente a menudo tiene la percepci\\u00f3n de que las motocicletas son m\\u00e1s propensas a accidentes que los autom\\u00f3viles, pero la realidad es que los accidentes de motocicleta son causados con mayor frecuencia por los autom\\u00f3viles.\\n\\nM\\u00e1s espec\\u00edficamente, son causados por conductores que no se fijan en las motocicletas porque son m\\u00e1s peque\\u00f1as o no est\\u00e1n acostumbrados a pensar en ellas. Como resultado, cambiar\\u00e1n de carril hacia una motocicleta, y donde un autom\\u00f3vil puede recibir un golpe leve sin incidentes graves, una motocicleta no puede. Es f\\u00e1cil sacar a las motocicletas de la carretera, y cuando caen, los motociclistas tienden a sufrir lesiones m\\u00e1s graves.\\n\\nOtros incidentes que se ven frecuentemente en las carreteras de California se deben principalmente a la falta de atenci\\u00f3n o negligencia del conductor, como hacer un giro en U o girar a la izquierda frente a una motocicleta, cort\\u00e1ndoles el paso. Sin embargo, esta percepci\\u00f3n de que los motociclistas son temerarios o de que las motocicletas son inherentemente inseguras tambi\\u00e9n es utilizada por las compa\\u00f1\\u00edas de seguros en contra de los motociclistas lesionados que solo intentan obtener una compensaci\\u00f3n por lesiones personales para cubrir sus costos m\\u00e9dicos, tiempo perdido en el trabajo y da\\u00f1os sufridos.\\n\n\n<h2>\\u00bfCu\\u00e1les son las Estrategias de Defensa Comunes que Utilizan las Compa\\u00f1\\u00edas de Seguros para Negar o Limitar los Reclamos por Lesiones Personales Presentados por V\\u00edctimas de Accidentes de Motocicleta?<\\\/h2>\\nDesafortunadamente, muchas personas tienen prejuicios contra los conductores de motocicletas y creen falsamente que son m\\u00e1s imprudentes o que conducen de manera m\\u00e1s peligrosa. Esto es ir\\u00f3nico, dado que la principal causa de los accidentes de motocicleta es el comportamiento de los autom\\u00f3viles en la carretera.\\n\\nDesafortunadamente, muchas personas tienen prejuicios contra los conductores de motocicletas y creen falsamente que son m\\u00e1s imprudentes o que conducen de manera m\\u00e1s peligrosa. Esto es ir\\u00f3nico, dado que la principal causa de los accidentes de motocicleta es el comportamiento de los autom\\u00f3viles en la carretera.\\n\\nEsto es tr\\u00e1gico porque, debido a la falta de protecci\\u00f3n, las lesiones y da\\u00f1os tienden a ser mayores en los casos de motocicletas.\\n\n\n<h2>Tuve Parte de la Culpa en el Accidente de Motocicleta que Caus\\u00f3 mis Lesiones. \\u00bfReducir\\u00e1 Eso la Compensaci\\u00f3n que Puedo Recuperar en un Caso de Lesiones Personales?<\\\/h2>\\nDesafortunadamente, si realmente contribuiste al accidente, eso tendr\\u00e1 un impacto negativo en tu compensaci\\u00f3n total. Esto se debe a que California es un estado de culpa comparativa. En otras palabras, la parte del valor total de tu reclamo que realmente recibas se reducir\\u00e1 por tu porcentaje de culpa.\\n\\nSin embargo, esto solo se aplica si realmente tienes parte de la culpa. Simplemente estar en una motocicleta no te hace responsable del accidente que caus\\u00f3 tus lesiones, sin importar lo que argumente un ajustador de seguros o abogado. En resumen: solo si infringiste algunas leyes o reglas de la carretera o condujiste de manera particularmente imprudente o negligente, se te puede atribuir parte de la culpa.\\n\n\n<h2>\\u00bfC\\u00f3mo Puede Ayudarme un Abogado de Accidentes de Motocicleta del Sur de California con mi Caso?<\\\/h2>\\nDebido a las complejidades de cualquier caso de lesiones personales, siempre es recomendable contratar a un abogado. Pero esto es doblemente cierto para los reclamos por lesiones personales en accidentes de motocicleta, por todas las razones mencionadas anteriormente.\\n\\nEs imperativo tener un abogado de tu lado para ayudar a gestionar el reclamo, construir un caso s\\u00f3lido para tu compensaci\\u00f3n, calcular su valor y negociar con la compa\\u00f1\\u00eda de seguros o argumentar tu caso frente a un jurado.\\n\\nDebido a las especificidades de los casos de lesiones personales en accidentes de motocicleta, quieres un abogado que tenga un historial de superar esos prejuicios y lograr reclamos exitosos por accidentes de motocicleta.\\n\\nPara obtener m\\u00e1s informaci\\u00f3n sobre <strong>Reclamos por Lesiones en Accidentes de Motocicleta en California<\\\/strong>, una consulta inicial es tu mejor paso. Obt\\u00e9n la informaci\\u00f3n y respuestas legales que buscas llamando al <a href=\\\"tel:(415) 997-9529\\\"><strong>(415) 997-9529<\\\/strong><\\\/a> hoy.\",\"margin\":\"default\"}}]}]}],\"name\":\"new page layout\"}],\"version\":\"4.3.2\"} --><\/p>\n","protected":false},"excerpt":{"rendered":"<p>\u00bfHas tenido un accidente en motocicleta en California? Aqu\u00ed te mostramos c\u00f3mo obtener compensaci\u00f3n por lesiones personales. A medida que m\u00e1s y m\u00e1s motocicletas se unen a autom\u00f3viles y camiones en las carreteras de California, existe el peligro inevitable de accidentes. Debido a la menor cantidad de protecci\u00f3n y la diferencia de peso, los motociclistas [&hellip;]<\/p>\n","protected":false},"author":2,"featured_media":0,"parent":0,"menu_order":0,"comment_status":"closed","ping_status":"closed","template":"","meta":{"_acf_changed":false,"_monsterinsights_skip_tracking":false,"_monsterinsights_sitenote_active":false,"_monsterinsights_sitenote_note":"","_monsterinsights_sitenote_category":0,"footnotes":""},"class_list":["post-1107","page","type-page","status-publish","hentry"],"acf":[],"_links":{"self":[{"href":"https:\/\/www.lflawfirm.com\/es\/wp-json\/wp\/v2\/pages\/1107","targetHints":{"allow":["GET"]}}],"collection":[{"href":"https:\/\/www.lflawfirm.com\/es\/wp-json\/wp\/v2\/pages"}],"about":[{"href":"https:\/\/www.lflawfirm.com\/es\/wp-json\/wp\/v2\/types\/page"}],"author":[{"embeddable":true,"href":"https:\/\/www.lflawfirm.com\/es\/wp-json\/wp\/v2\/users\/2"}],"replies":[{"embeddable":true,"href":"https:\/\/www.lflawfirm.com\/es\/wp-json\/wp\/v2\/comments?post=1107"}],"version-history":[{"count":5,"href":"https:\/\/www.lflawfirm.com\/es\/wp-json\/wp\/v2\/pages\/1107\/revisions"}],"predecessor-version":[{"id":1219,"href":"https:\/\/www.lflawfirm.com\/es\/wp-json\/wp\/v2\/pages\/1107\/revisions\/1219"}],"wp:attachment":[{"href":"https:\/\/www.lflawfirm.com\/es\/wp-json\/wp\/v2\/media?parent=1107"}],"curies":[{"name":"wp","href":"https:\/\/api.w.org\/{rel}","templated":true}]}}