{"id":1087,"date":"2024-08-05T05:51:34","date_gmt":"2024-08-05T05:51:34","guid":{"rendered":"https:\/\/www.lflawfirm.com\/?page_id=1087"},"modified":"2024-08-08T07:24:47","modified_gmt":"2024-08-08T07:24:47","slug":"iniciar-un-reclamo-por-lesiones-personales-en-california","status":"publish","type":"page","link":"https:\/\/www.lflawfirm.com\/es\/iniciar-un-reclamo-por-lesiones-personales-en-california\/","title":{"rendered":"\u00bfEst\u00e1 gravemente herido? Obt\u00e9n compensaci\u00f3n con una reclamaci\u00f3n por lesiones personales en California."},"content":{"rendered":"<h1><center>Lesiones Personales<\/center><br \/>\n<\/h1>\n<div>\n<div>\n<h2><img loading=\"lazy\" decoding=\"async\" class=\"alignright size-medium wp-image-1093\" src=\"https:\/\/www.lflawfirm.com\/wp-content\/uploads\/2023\/12\/Badly-Injured-Get-Compensation-With-A-Personal-Injury-Claim-In-California.jpg\" alt=\"\u00bfEst\u00e1 gravemente herido? Obt\u00e9n compensaci\u00f3n con una reclamaci\u00f3n por lesiones personales en California.\" width=\"300\" height=\"200\" \/>\u00bfEst\u00e1 gravemente herido? Obt\u00e9n compensaci\u00f3n con una reclamaci\u00f3n por lesiones personales en California.<\/h2>\n<p>Los accidentes traum\u00e1ticos dejan cicatrices emocionales profundas y lesiones f\u00edsicas graves, y pueden sucederle a cualquiera. Por lo tanto, es vital que todos en California comprendan sus derechos cuando se trata de reclamar una compensaci\u00f3n por lesiones personales. Este art\u00edculo cubre lo b\u00e1sico que todos deben saber, incluyendo:<\/p>\n<ul>\n<li>C\u00f3mo iniciar el proceso de lesiones personales despu\u00e9s de un accidente o lesi\u00f3n en California.<\/li>\n<li>Las tres t\u00e1cticas m\u00e1s comunes que utilizan las compa\u00f1\u00edas de seguros para negar reclamaciones por lesiones personales.<\/li>\n<li>Cu\u00e1ndo contratar a un abogado de lesiones personales despu\u00e9s de un accidente o lesi\u00f3n.<\/li>\n<\/ul>\n<p>Antes de empezar, echemos un vistazo a algunas de las preocupaciones y preguntas m\u00e1s comunes que tienen las v\u00edctimas de accidentes en casos de California. Si te has estado haciendo alguna de estas preguntas, tenemos las respuestas.<\/p>\n<h2>\u00bfCu\u00e1les Son Algunas De Las Preguntas M\u00e1s Comunes Que Tienen Los Californianos Lesionados Sobre Las Reclamaciones Por Lesiones Personales?<\/h2>\n<p>Si te has encontrado en un accidente automovil\u00edstico o lesionado debido a la negligencia de otra persona, es probable que te hayas hecho algunas o todas estas preguntas:<\/p>\n<ul>\n<li><strong>\u00bfTengo un reclamo v\u00e1lido para compensaci\u00f3n?<\/strong> Cada caso es diferente, y las leyes de California pueden crear escenarios muy complicados. Sin embargo, puedes leer m\u00e1s aqu\u00ed sobre las lesiones que pueden calificar y m\u00e1s aqu\u00ed sobre el papel de la culpa en tu reclamo.<\/li>\n<li><strong>\u00bfCu\u00e1nto vale mi caso?<\/strong> La respuesta corta es que tu caso vale lo que necesites para cubrir tus p\u00e9rdidas y costos. La respuesta larga es que se requiere mucho c\u00e1lculo para determinar eso, a menudo con la ayuda de expertos m\u00e9dicos y financieros. Cu\u00e1nto recibir\u00e1s realmente tambi\u00e9n depender\u00e1 de qu\u00e9 tan r\u00e1pido puedas contactar a un abogado de lesiones personales, las p\u00e9rdidas que hayas sufrido y las p\u00f3lizas de seguro involucradas. Por ejemplo, los accidentes de camiones suelen tener un \u00abvalor\u00bb mucho m\u00e1s alto porque los accidentes de camiones tienden a ser mucho m\u00e1s graves.<\/li>\n<li><strong>\u00bfC\u00f3mo obtengo tratamiento mientras espero el acuerdo de lesiones personales? \u00bfC\u00f3mo se pagar\u00e1n mis facturas m\u00e9dicas? \u00bfQu\u00e9 pasa si no puedo volver al trabajo?<\/strong> El objetivo del proceso de lesiones personales es cubrir esos costos m\u00e9dicos y cualquier salario actual o futuro perdido debido a la lesi\u00f3n. Tu abogado de lesiones personales trabajar\u00e1 con los m\u00e9dicos para asegurarse de que recibas la atenci\u00f3n que necesitas sin tener que pagar hasta que llegue el dinero.<\/li>\n<li><strong>\u00bfTengo que estar involucrado en una demanda?<\/strong> La mayor\u00eda de las reclamaciones por lesiones personales son resueltas por las compa\u00f1\u00edas de seguros mucho antes de llegar a la etapa de juicio. Es probable que no tengas que estar involucrado, aunque siempre debes estar preparado para que las compa\u00f1\u00edas de seguros tomen tu reclamo en serio y lo resuelvan adecuadamente.<\/li>\n<li><strong>\u00bfCu\u00e1nto cuestan los abogados?<\/strong> \u00a1Nada! Bueno, nada por adelantado. Los abogados de lesiones personales solo se pagan si ganamos para ti, y aun as\u00ed, solo del acuerdo o los da\u00f1os otorgados en el tribunal. Por lo tanto, tenemos todo el incentivo para ayudarte a obtener la compensaci\u00f3n m\u00e1s alta y justa posible.<\/li>\n<\/ul>\n<h2>\u00bfC\u00f3mo Comienzo El Proceso De Reclamo Por Lesiones Personales Despu\u00e9s De Un Accidente Con Lesiones Graves?<\/h2>\n<p>Una vez que te hayas asegurado de recibir la atenci\u00f3n m\u00e9dica que necesitas y hayas notificado a tu propio proveedor de seguros sobre el accidente, es hora de llamar a un abogado para comenzar el proceso de reclamo por lesiones personales. El primer paso para reclamar una compensaci\u00f3n por tus lesiones es presentar un reclamo de seguro. En algunos casos raros, es mejor ir directamente a una demanda. Sin embargo, la mayor\u00eda de las veces, tu abogado de lesiones personales te ayudar\u00e1 a comenzar con un reclamo de seguro para intentar negociar un acuerdo razonable con un ajustador. Si eso falla, solo entonces podemos pasar a una demanda. Afortunadamente, si est\u00e1s trabajando con nosotros como tus abogados de lesiones personales, no necesitar\u00e1s hacer nada durante este tiempo, excepto seguir recibiendo el tratamiento que necesitas para sanar y recuperarte.<\/p>\n<h2>\u00bfCu\u00e1les Son Las T\u00e1cticas M\u00e1s Comunes Que Utilizan Las Compa\u00f1\u00edas De Seguros Para Negar O Limitar Los Reclamos Por Lesiones Personales?<\/h2>\n<p>El \u00fanico inter\u00e9s de las compa\u00f1\u00edas de seguros es pagar la menor cantidad de dinero posible, y emplear\u00e1n todo tipo de t\u00e1cticas. Para empezar, las compa\u00f1\u00edas de seguros intentar\u00e1n aprovecharse de alguien que no tiene un abogado. Ofrecer\u00e1n un acuerdo r\u00e1pido por una cantidad muy baja para atraerlo a aceptarlo y renunciar a la posibilidad de obtener mucho m\u00e1s. Por eso, si recibes alguna oferta, debes revisarla con un abogado de lesiones personales antes de aceptarla. Sin embargo, incluso si contratas a un abogado, las compa\u00f1\u00edas de seguros no lo ponen f\u00e1cil. En cada momento intentar\u00e1n negar, retrasar o defenderse contra tu reclamo. Por eso, a veces puede valer la pena ir directamente a una demanda. A veces, necesitar\u00e1s mostrarles que hablas en serio, lo cual tus abogados de lesiones personales estar\u00e1n m\u00e1s que felices de hacer.<\/p>\n<h2>\u00bfCu\u00e1ndo Deber\u00eda La Persona Lesionada Contratar A Un Abogado De Lesiones Personales En California?<\/h2>\n<p>El mejor momento para contactar a un abogado es justo despu\u00e9s de tu accidente. Incluso si no comenzamos el reclamo o no te hacemos firmar nada de inmediato, es importante conocer tus derechos y c\u00f3mo proceder para darte la mejor oportunidad de una compensaci\u00f3n completa m\u00e1s adelante. En algunos casos, puede valer la pena esperar para presentar el reclamo hasta que se revele la extensi\u00f3n de tus lesiones y el tratamiento requerido para asegurarse de que todo est\u00e9 cubierto e incluido. Sin embargo, incluso antes de eso, tu abogado de lesiones personales estar\u00e1 trabajando en los otros detalles de tu caso y reclamo. Por lo tanto, no hay raz\u00f3n para retrasar en contactar a una fuente confiable de asesor\u00eda legal lo antes posible. Para obtener m\u00e1s informaci\u00f3n sobre c\u00f3mo <strong>iniciar un reclamo por lesiones personales en California<\/strong>, una consulta inicial es tu mejor pr\u00f3ximo paso. Obt\u00e9n la informaci\u00f3n y las respuestas legales que est\u00e1s buscando llamando al <a href=\"tel:(415) 997-9529\"><strong>(415) 997-9529<\/strong><\/a> hoy mismo.<\/p>\n<h3>M\u00e1s informaci\u00f3n<\/h3>\n<ul>\n<li><a href=\"https:\/\/www.lflawfirm.com\/es\/danos-otorgados-en-un-caso-de-lesiones-personales\/\">Desvelando la Compensaci\u00f3n<\/a><\/li>\n<li class=\"p-rich_text_section\"><a href=\"https:\/\/www.lflawfirm.com\/es\/reclamos-por-lesiones-personales-catastroficas-en-california\/\">Reclamando compensaci\u00f3n por lesiones personales despu\u00e9s de un accidente catastr\u00f3fico en California<\/a><\/li>\n<\/ul>\n<\/div>\n<p><!--more--><\/div>\n<p><!--more--><br \/>\n<!-- {\"type\":\"layout\",\"children\":[{\"type\":\"section\",\"props\":{\"image_position\":\"center-center\",\"style\":\"default\",\"title_breakpoint\":\"xl\",\"title_position\":\"top-left\",\"title_rotation\":\"left\",\"vertical_align\":\"middle\",\"width\":\"default\"},\"children\":[{\"type\":\"row\",\"children\":[{\"type\":\"column\",\"props\":{\"image_position\":\"center-center\",\"position_sticky_breakpoint\":\"m\"},\"children\":[{\"type\":\"headline\",\"props\":{\"content\":\"<center>Lesiones Personales<\\\/center>\\n\",\"title_element\":\"h1\"}},{\"type\":\"text\",\"props\":{\"column_breakpoint\":\"m\",\"content\":\"\n\n<div>\\n\n\n<h2><img class=\\\"alignright size-medium wp-image-1093\\\" src=\\\"https:\\\/\\\/www.lflawfirm.com\\\/wp-content\\\/uploads\\\/2023\\\/12\\\/Badly-Injured-Get-Compensation-With-A-Personal-Injury-Claim-In-California.jpg\\\" alt=\\\"\\u00bfEst\\u00e1 gravemente herido? Obt\\u00e9n compensaci\\u00f3n con una reclamaci\\u00f3n por lesiones personales en California.\\\" width=\\\"300\\\" height=\\\"200\\\" \\\/>\\u00bfEst\\u00e1 gravemente herido? Obt\\u00e9n compensaci\\u00f3n con una reclamaci\\u00f3n por lesiones personales en California.<\\\/h2>\\nLos accidentes traum\\u00e1ticos dejan cicatrices emocionales profundas y lesiones f\\u00edsicas graves, y pueden sucederle a cualquiera. Por lo tanto, es vital que todos en California comprendan sus derechos cuando se trata de reclamar una compensaci\\u00f3n por lesiones personales. Este art\\u00edculo cubre lo b\\u00e1sico que todos deben saber, incluyendo:\\n\n\n<ul>\\n \\t\n\n<li>C\\u00f3mo iniciar el proceso de lesiones personales despu\\u00e9s de un accidente o lesi\\u00f3n en California.<\\\/li>\\n \\t\n\n<li>Las tres t\\u00e1cticas m\\u00e1s comunes que utilizan las compa\\u00f1\\u00edas de seguros para negar reclamaciones por lesiones personales.<\\\/li>\\n \\t\n\n<li>Cu\\u00e1ndo contratar a un abogado de lesiones personales despu\\u00e9s de un accidente o lesi\\u00f3n.<\\\/li>\\n<\\\/ul>\\nAntes de empezar, echemos un vistazo a algunas de las preocupaciones y preguntas m\\u00e1s comunes que tienen las v\\u00edctimas de accidentes en casos de California. Si te has estado haciendo alguna de estas preguntas, tenemos las respuestas.\\n\n\n<h2>\\u00bfCu\\u00e1les Son Algunas De Las Preguntas M\\u00e1s Comunes Que Tienen Los Californianos Lesionados Sobre Las Reclamaciones Por Lesiones Personales?<\\\/h2>\\nSi te has encontrado en un accidente automovil\\u00edstico o lesionado debido a la negligencia de otra persona, es probable que te hayas hecho algunas o todas estas preguntas:\\n\n\n<ul>\\n \\t\n\n<li><strong>\\u00bfTengo un reclamo v\\u00e1lido para compensaci\\u00f3n?<\\\/strong> Cada caso es diferente, y las leyes de California pueden crear escenarios muy complicados. Sin embargo, puedes leer m\\u00e1s aqu\\u00ed sobre las lesiones que pueden calificar y m\\u00e1s aqu\\u00ed sobre el papel de la culpa en tu reclamo.<\\\/li>\\n \\t\n\n<li><strong>\\u00bfCu\\u00e1nto vale mi caso?<\\\/strong> La respuesta corta es que tu caso vale lo que necesites para cubrir tus p\\u00e9rdidas y costos. La respuesta larga es que se requiere mucho c\\u00e1lculo para determinar eso, a menudo con la ayuda de expertos m\\u00e9dicos y financieros. Cu\\u00e1nto recibir\\u00e1s realmente tambi\\u00e9n depender\\u00e1 de qu\\u00e9 tan r\\u00e1pido puedas contactar a un abogado de lesiones personales, las p\\u00e9rdidas que hayas sufrido y las p\\u00f3lizas de seguro involucradas. Por ejemplo, los accidentes de camiones suelen tener un \\\"valor\\\" mucho m\\u00e1s alto porque los accidentes de camiones tienden a ser mucho m\\u00e1s graves.<\\\/li>\\n \\t\n\n<li><strong>\\u00bfC\\u00f3mo obtengo tratamiento mientras espero el acuerdo de lesiones personales? \\u00bfC\\u00f3mo se pagar\\u00e1n mis facturas m\\u00e9dicas? \\u00bfQu\\u00e9 pasa si no puedo volver al trabajo?<\\\/strong> El objetivo del proceso de lesiones personales es cubrir esos costos m\\u00e9dicos y cualquier salario actual o futuro perdido debido a la lesi\\u00f3n. Tu abogado de lesiones personales trabajar\\u00e1 con los m\\u00e9dicos para asegurarse de que recibas la atenci\\u00f3n que necesitas sin tener que pagar hasta que llegue el dinero.<\\\/li>\\n \\t\n\n<li><strong>\\u00bfTengo que estar involucrado en una demanda?<\\\/strong> La mayor\\u00eda de las reclamaciones por lesiones personales son resueltas por las compa\\u00f1\\u00edas de seguros mucho antes de llegar a la etapa de juicio. Es probable que no tengas que estar involucrado, aunque siempre debes estar preparado para que las compa\\u00f1\\u00edas de seguros tomen tu reclamo en serio y lo resuelvan adecuadamente.<\\\/li>\\n \\t\n\n<li><strong>\\u00bfCu\\u00e1nto cuestan los abogados?<\\\/strong> \\u00a1Nada! Bueno, nada por adelantado. Los abogados de lesiones personales solo se pagan si ganamos para ti, y aun as\\u00ed, solo del acuerdo o los da\\u00f1os otorgados en el tribunal. Por lo tanto, tenemos todo el incentivo para ayudarte a obtener la compensaci\\u00f3n m\\u00e1s alta y justa posible.<\\\/li>\\n<\\\/ul>\\n\n\n<h2>\\u00bfC\\u00f3mo Comienzo El Proceso De Reclamo Por Lesiones Personales Despu\\u00e9s De Un Accidente Con Lesiones Graves?<\\\/h2>\\nUna vez que te hayas asegurado de recibir la atenci\\u00f3n m\\u00e9dica que necesitas y hayas notificado a tu propio proveedor de seguros sobre el accidente, es hora de llamar a un abogado para comenzar el proceso de reclamo por lesiones personales. El primer paso para reclamar una compensaci\\u00f3n por tus lesiones es presentar un reclamo de seguro. En algunos casos raros, es mejor ir directamente a una demanda. Sin embargo, la mayor\\u00eda de las veces, tu abogado de lesiones personales te ayudar\\u00e1 a comenzar con un reclamo de seguro para intentar negociar un acuerdo razonable con un ajustador. Si eso falla, solo entonces podemos pasar a una demanda. Afortunadamente, si est\\u00e1s trabajando con nosotros como tus abogados de lesiones personales, no necesitar\\u00e1s hacer nada durante este tiempo, excepto seguir recibiendo el tratamiento que necesitas para sanar y recuperarte.\\n\n\n<h2>\\u00bfCu\\u00e1les Son Las T\\u00e1cticas M\\u00e1s Comunes Que Utilizan Las Compa\\u00f1\\u00edas De Seguros Para Negar O Limitar Los Reclamos Por Lesiones Personales?<\\\/h2>\\nEl \\u00fanico inter\\u00e9s de las compa\\u00f1\\u00edas de seguros es pagar la menor cantidad de dinero posible, y emplear\\u00e1n todo tipo de t\\u00e1cticas. Para empezar, las compa\\u00f1\\u00edas de seguros intentar\\u00e1n aprovecharse de alguien que no tiene un abogado. Ofrecer\\u00e1n un acuerdo r\\u00e1pido por una cantidad muy baja para atraerlo a aceptarlo y renunciar a la posibilidad de obtener mucho m\\u00e1s. Por eso, si recibes alguna oferta, debes revisarla con un abogado de lesiones personales antes de aceptarla. Sin embargo, incluso si contratas a un abogado, las compa\\u00f1\\u00edas de seguros no lo ponen f\\u00e1cil. En cada momento intentar\\u00e1n negar, retrasar o defenderse contra tu reclamo. Por eso, a veces puede valer la pena ir directamente a una demanda. A veces, necesitar\\u00e1s mostrarles que hablas en serio, lo cual tus abogados de lesiones personales estar\\u00e1n m\\u00e1s que felices de hacer.\\n\n\n<h2>\\u00bfCu\\u00e1ndo Deber\\u00eda La Persona Lesionada Contratar A Un Abogado De Lesiones Personales En California?<\\\/h2>\\nEl mejor momento para contactar a un abogado es justo despu\\u00e9s de tu accidente. Incluso si no comenzamos el reclamo o no te hacemos firmar nada de inmediato, es importante conocer tus derechos y c\\u00f3mo proceder para darte la mejor oportunidad de una compensaci\\u00f3n completa m\\u00e1s adelante. En algunos casos, puede valer la pena esperar para presentar el reclamo hasta que se revele la extensi\\u00f3n de tus lesiones y el tratamiento requerido para asegurarse de que todo est\\u00e9 cubierto e incluido. Sin embargo, incluso antes de eso, tu abogado de lesiones personales estar\\u00e1 trabajando en los otros detalles de tu caso y reclamo. Por lo tanto, no hay raz\\u00f3n para retrasar en contactar a una fuente confiable de asesor\\u00eda legal lo antes posible. Para obtener m\\u00e1s informaci\\u00f3n sobre c\\u00f3mo <strong>iniciar un reclamo por lesiones personales en California<\\\/strong>, una consulta inicial es tu mejor pr\\u00f3ximo paso. Obt\\u00e9n la informaci\\u00f3n y las respuestas legales que est\\u00e1s buscando llamando al <a href=\\\"tel:(415) 997-9529\\\"><strong>(415) 997-9529<\\\/strong><\\\/a> hoy mismo.\\n\n\n<h3>M\\u00e1s informaci\\u00f3n<\\\/h3>\\n\n\n<ul>\\n \\t\n\n<li><a href=\\\"https:\\\/\\\/www.lflawfirm.com\\\/es\\\/danos-otorgados-en-un-caso-de-lesiones-personales\\\/\\\">Desvelando la Compensaci\\u00f3n<\\\/a><\\\/li>\\n \\t\n\n<li class=\\\"p-rich_text_section\\\"><a href=\\\"https:\\\/\\\/www.lflawfirm.com\\\/es\\\/reclamos-por-lesiones-personales-catastroficas-en-california\\\/\\\">Reclamando compensaci\\u00f3n por lesiones personales despu\\u00e9s de un accidente catastr\\u00f3fico en California<\\\/a><\\\/li>\\n<\\\/ul>\\n<\\\/div>\\n<!--more-->\u00ab,\u00bbmargin\u00bb:\u00bbdefault\u00bb}}]}]}],\u00bbname\u00bb:\u00bbnew page layout\u00bb}],\u00bbversion\u00bb:\u00bb4.3.2&#8243;} &#8211;><\/p>\n","protected":false},"excerpt":{"rendered":"<p>Lesiones Personales \u00bfEst\u00e1 gravemente herido? Obt\u00e9n compensaci\u00f3n con una reclamaci\u00f3n por lesiones personales en California. Los accidentes traum\u00e1ticos dejan cicatrices emocionales profundas y lesiones f\u00edsicas graves, y pueden sucederle a cualquiera. Por lo tanto, es vital que todos en California comprendan sus derechos cuando se trata de reclamar una compensaci\u00f3n por lesiones personales. Este art\u00edculo [&hellip;]<\/p>\n","protected":false},"author":2,"featured_media":0,"parent":0,"menu_order":0,"comment_status":"closed","ping_status":"closed","template":"","meta":{"_acf_changed":false,"_monsterinsights_skip_tracking":false,"_monsterinsights_sitenote_active":false,"_monsterinsights_sitenote_note":"","_monsterinsights_sitenote_category":0,"footnotes":""},"class_list":["post-1087","page","type-page","status-publish","hentry"],"acf":[],"_links":{"self":[{"href":"https:\/\/www.lflawfirm.com\/es\/wp-json\/wp\/v2\/pages\/1087","targetHints":{"allow":["GET"]}}],"collection":[{"href":"https:\/\/www.lflawfirm.com\/es\/wp-json\/wp\/v2\/pages"}],"about":[{"href":"https:\/\/www.lflawfirm.com\/es\/wp-json\/wp\/v2\/types\/page"}],"author":[{"embeddable":true,"href":"https:\/\/www.lflawfirm.com\/es\/wp-json\/wp\/v2\/users\/2"}],"replies":[{"embeddable":true,"href":"https:\/\/www.lflawfirm.com\/es\/wp-json\/wp\/v2\/comments?post=1087"}],"version-history":[{"count":17,"href":"https:\/\/www.lflawfirm.com\/es\/wp-json\/wp\/v2\/pages\/1087\/revisions"}],"predecessor-version":[{"id":1281,"href":"https:\/\/www.lflawfirm.com\/es\/wp-json\/wp\/v2\/pages\/1087\/revisions\/1281"}],"wp:attachment":[{"href":"https:\/\/www.lflawfirm.com\/es\/wp-json\/wp\/v2\/media?parent=1087"}],"curies":[{"name":"wp","href":"https:\/\/api.w.org\/{rel}","templated":true}]}}